{"id":40693,"date":"2023-07-05T13:38:48","date_gmt":"2023-07-05T12:38:48","guid":{"rendered":"https:\/\/grappa.no\/?post_type=product&#038;p=40693"},"modified":"2023-07-24T12:11:10","modified_gmt":"2023-07-24T11:11:10","slug":"hornindal-spelemannslag-til-minne-om-lars-hjellbakk","status":"publish","type":"product","link":"https:\/\/grappa.no\/en\/albums\/heilo\/hornindal-spelemannslag-til-minne-om-lars-hjellbakk\/","title":{"rendered":"Hornindal Spelemannslag &#8211; Til minne om Lars Hjellbakk"},"content":{"rendered":"<p class=\"qtranxs-available-languages-message qtranxs-available-languages-message-en\">Sorry, this entry is only available in <a href=\"https:\/\/grappa.no\/no\/wp-json\/wp\/v2\/product\/40693\" class=\"qtranxs-available-language-link qtranxs-available-language-link-no\" title=\"Norsk\">Norsk<\/a>.<\/p><p><\/p>\n<div class=\"\">\n<p class=\"p1\"><strong>Hornindal Spelemannslag sin hyllast til spelemann Lars Hjellbakk blir tilgjengeleg digitalt og p\u00e5 CD.<\/strong><\/p>\n<\/div>\n<p><!--more--><\/p>\n<p class=\"p1\">Lars Hjellbakk var ein sentral personlegdom n\u00e5r det galt bygdemusikken og felespelet i Hornindal. Hans sl\u00e5ttekunne og kjennskap til dei ymse sl\u00e5tteformer etter ulike spelemenn, fakta omkring musikken og spelemennene, var einest\u00e5ande.<\/p>\n<p class=\"p1\">Lars Hjellbakk (1889-1976) var gardbrukar, felemakar, treskjerar, spelemann og sl\u00e5ttediktar fr\u00e5 Hornindal. Han har vore den sentrale tradisjonsberaren av folkemusikk i Hornindal den seinare tida. Hornindal Spelemannslag lagde derfor en hyllest til Hjellbakk i 1983, som n\u00e5 finnast i digitalisert versjon og p\u00e5 CD for fyrste gong.<\/p>\n<p class=\"p1\">Lars Hjellbakk var f\u00f8dd 16. mai 1889 og var den eldste i ein stor syskenflokk. Som odelsgut var det han som overtok garden og vart bonde i Hjellbakkane. Han var ikkje gamle karen f\u00f8r han fekk seg fele og tok til \u00e5 l\u00e6re. Den f\u00f8rste han l\u00e6rde av var grannen Ola Hjellbakk \u2013 eller mellom bygdefolk \u00abSpelar-Ola\u00bb. Fr\u00e5 kring 1910 vart Lars fast spelemann i lyd og lag i Hornindal, han hadde p\u00e5 denne tid f\u00e5tt tak i dei fleste sl\u00e5ttane fr\u00e5 dei eldre spelemennene, og nytta dei i ei skirsla form og gav dei etterkvart eit drag og ein d\u00e5m som vart vart varemerke p\u00e5 Hjellbakk-spelet. Lars var ikkje n\u00f8gd med berre \u00e5 spele andre sine sl\u00e5ttar, han nytta og sine musikalske evner til komposisjon. Dei som er att representerer ei rekkje sl\u00e5tteperler av ypperste klasse.<\/p>\n<p class=\"p1\">D\u00e5 Hornindal Spelemannslag var skipa var Lars Hjellbakk 70 \u00e5r gamal, han vart likevel med i laget til han var over 80 \u00e5r. Desse siste \u00e5ra var han l\u00e6remeisteren og sensor for spelemannslaget. For sitt trugne arbeid for folkemusikken vart han p\u00e5skynda med Kongens fortenestemedalje og p\u00e5 same dag utnemnd som heidersmedlem i Hornindal Spelemannslag.<\/p>\n<p class=\"p1\">Lars Hjellbakk gjekk bort 1. mai 1976 etter eit langt og rikt liv i musikken si teneste. Vi som aktive spelemenn vil med denne innspelinga heidre v\u00e5re store l\u00e6remeister og signar minnet om ein stor musikar.<\/p>\n<p class=\"p1\"><b>Ragnvald Lunde <\/b>vart f\u00f8dd i 1914 i Hornindal. Ragnvald Lunde l\u00e6rde av b\u00e5de Lars og Andreas Hjellbakk. Han utvikla ein spelestil i n\u00e6r kontakt med Honndalstradisjonen. Dette kom seinare til \u00e5 bli eit av grunnelementa i komposisjonsverksemda som etter kvart er blitt omfattande.<\/p>\n<p class=\"p1\">Ragnvald Lunde har som mange\u00e5rig leiar av Hornindal Spelemannslag skapt det drag og den d\u00e5m som pregar v\u00e5rt lagspel. Ragnvald Lunde vart heidersmedlem i Landslaget for Spelemenn i 1979 og same \u00e5ret heidersmedlem i Hornindal Spelemannslag. I 1981 vart han tildelt Kongens fortenestemedalje for truge arbeid for folkemusikk og -dans.<\/p>\n<p class=\"p1\"><b>I 1980 ble det avduket minnesmerket over Lars Hjellbakk i Hornindal. <\/b><\/p>\n<p class=\"p1\">Lars Hjellbakk var ein sentral personlegdom n\u00e5r det galt bygdemusikken og felespelet i Hornindal. Hans sl\u00e5ttekunne og kjennskap til dei ymse sl\u00e5tteformer etter ulike spelemenn, fakta omkring musikken og spelemennene, var einest\u00e5ande. Lars Hjellbakk hadde stor interesse for verbale og instrumentale folkeminne, og var granskaren som ikkje tok noko lettvint. Alt m\u00e5tte vere s\u00e5 korrekt som mogeleg utfr\u00e5 det som var r\u00e5d \u00e5 f\u00e5 greie p\u00e5. Han sparde seg ikkje for noko m\u00f8de s\u00e5leis. Han vona at kulturarven skulle leve vidare, og delte sin kunnskap med alle som ville ta imot.<\/p>\n<p class=\"p1\"><b>CD-utgjevinga av \u00abTil minne om Lars Hjellbakk\u00bb er st\u00f8tta av Rolf Myklebust Minnefond. Vi takkar hjarteleg for st\u00f8tta! <\/b>Hjarteleg takk ogs\u00e5 til Svein Hjellbakk, Gunn S\u00f8lvi Gausemel, Lars R. Lunde, <a href=\"http:\/\/filmdigitalisering.no\/\"><span class=\"s1\">Filmdigitalisering.no<\/span><\/a> ved Steinar Hilde, og Rune Humborstad.<\/p>\n<p>&nbsp;<\/p>","protected":false},"excerpt":{"rendered":"<p><strong>Hornindal Spelemannslag sin hyllast til spelemann Lars Hjellbakk blir tilgjengeleg digitalt og p\u00e5 CD.<\/strong><\/p>\n","protected":false},"featured_media":40694,"comment_status":"open","ping_status":"closed","template":"","meta":[],"product_brand":[],"product_cat":[35],"product_tag":[],"class_list":{"0":"post-40693","1":"product","2":"type-product","3":"status-publish","4":"has-post-thumbnail","6":"product_cat-heilo","7":"uni_artist_tag-hornindal-spelemanslag","8":"uni_main_artist_tag-hornindal-spelemanslag","9":"uni_main_artist_tag-lars-hjellbakk","10":"uni_artist_genre-folkemusikk","12":"first","13":"instock","14":"taxable","15":"shipping-taxable","16":"purchasable","17":"product-type-simple"},"_links":{"self":[{"href":"https:\/\/grappa.no\/en\/wp-json\/wp\/v2\/product\/40693","targetHints":{"allow":["GET"]}}],"collection":[{"href":"https:\/\/grappa.no\/en\/wp-json\/wp\/v2\/product"}],"about":[{"href":"https:\/\/grappa.no\/en\/wp-json\/wp\/v2\/types\/product"}],"replies":[{"embeddable":true,"href":"https:\/\/grappa.no\/en\/wp-json\/wp\/v2\/comments?post=40693"}],"wp:featuredmedia":[{"embeddable":true,"href":"https:\/\/grappa.no\/en\/wp-json\/wp\/v2\/media\/40694"}],"wp:attachment":[{"href":"https:\/\/grappa.no\/en\/wp-json\/wp\/v2\/media?parent=40693"}],"wp:term":[{"taxonomy":"product_brand","embeddable":true,"href":"https:\/\/grappa.no\/en\/wp-json\/wp\/v2\/product_brand?post=40693"},{"taxonomy":"product_cat","embeddable":true,"href":"https:\/\/grappa.no\/en\/wp-json\/wp\/v2\/product_cat?post=40693"},{"taxonomy":"product_tag","embeddable":true,"href":"https:\/\/grappa.no\/en\/wp-json\/wp\/v2\/product_tag?post=40693"}],"curies":[{"name":"wp","href":"https:\/\/api.w.org\/{rel}","templated":true}]}}