{"id":40423,"date":"2023-04-21T12:49:35","date_gmt":"2023-04-21T11:49:35","guid":{"rendered":"https:\/\/grappa.no\/?post_type=product&#038;p=40423"},"modified":"2023-04-26T12:58:44","modified_gmt":"2023-04-26T11:58:44","slug":"5-stages-of-grief-kopi","status":"publish","type":"product","link":"https:\/\/grappa.no\/en\/albums\/simax-classics\/5-stages-of-grief-kopi\/","title":{"rendered":"5 Stages of Grief"},"content":{"rendered":"<p><\/p>\n<p><strong>Kristina V\u00e5rlid\u2019s new album 5 Stages of Grief is a moving tribute to the bright Serbian guitarist Sabrina Vlaskalic, who tragically passed away at the young age of 29. As a former student and close friend, V\u00e5rlid channeled her grief into this powerful collection of pieces that explore the emotional journey of loss through music. Drawing on the rich traditions of classical guitar, the album features works by renowned composers such as \u0160t\u011bp\u00e1n Rak, Nikita Koshkin, T\u014dru Takemitsu, P\u0113teris Vasks, and Georg Schmitz, each capturing a unique perspective on the grieving process.<\/strong><\/p>\n<p><!--more--><\/p>\n<p><em><span data-contrast=\"none\">5 Stages of Grief<\/span><\/em><span data-contrast=\"none\">is based on the five-stages process theory, whereby the stages of denial, anger, bargaining,\u00a0depression,\u00a0and acceptance frame a mental structure that teaches one to live with the loss. It is a formal model present in the numerous funeral odes and marches, as well as in the baroque\u00a0tombeaus\u00a0and Romantic elegies. It is within that classical tradition that Czech composer\/guitarist Stepan\u00a0Rak\u00a0(b.1945) wrote\u00a0<\/span><em><span data-contrast=\"none\">Tombeau\u00a0for Sabrina<\/span><\/em><span data-contrast=\"none\">\u00a0as soon as he had received the tragic news. In what is essentially an elegiac song grown out of an arpeggio accompaniment,\u00a0Rak\u00a0reaches a melodic and dramatic peak, only to subside in a downward chromatic motion.\u00a0Tombeauis typical of\u00a0Rak\u2019s\u00a0unbuttoned emotional directness.\u202f<\/span><span data-contrast=\"none\">\u202f<\/span><span data-ccp-props=\"{}\">\u00a0<\/span><\/p>\n<p><span data-contrast=\"none\">Nikita Koshkin\u2019s\u00a0(b.1956)\u00a0<\/span><em><span data-contrast=\"none\">Sonata no. 2<\/span><\/em><span data-contrast=\"none\">\u00a0is a considerably more melodic work. The first movement is argumentative and compact, the second draws on the topics of loneliness and emptiness and the third is a threatening, sinister play of persecution.<\/span><span data-ccp-props=\"{&quot;335559731&quot;:708}\">\u00a0<\/span><\/p>\n<p><span data-contrast=\"none\">One could hardly imagine two composers as dissimilar as Koshkin and the Japanese composer Toru\u00a0Takemitsu\u00a0(1930-1996). Where Koshkin is angular, dramatic,\u00a0relentless,\u00a0and pounding,\u00a0Takemitsu\u2019s\u00a0music is about giving time to time, waiting for rounded gestures to blossom from and into silence.\u00a0<\/span><em><span data-contrast=\"none\">In the Woods<\/span><\/em><span data-contrast=\"none\">is a subtle and meditative piece and\u00a0was\u00a0Takemitsu\u2019s\u00a0final work, written when he was in hospital.\u00a0<\/span><span data-ccp-props=\"{&quot;335559731&quot;:708}\">\u00a0<\/span><\/p>\n<p><span data-contrast=\"none\">The Latvian composer\u00a0Peteris\u00a0Vasks (1946-)\u00a0wrote the\u00a0<\/span><em><span data-contrast=\"none\">Sonata of Loneliness<\/span><\/em><span data-contrast=\"none\">in 1990. In this work all\u00a0three movements have a severe and anguished aspect: the first,\u00a0<\/span><em><span data-contrast=\"none\">Pensieroso<\/span><\/em><span data-contrast=\"none\">, relies in a sparse alternation of material; the second,\u00a0<\/span><em><span data-contrast=\"none\">Risoluto<\/span><\/em><span data-contrast=\"none\">, is a toccata where a relentless flux of semiquavers is alternated with chromatic chord sequences, which finally take over to a conclusion; the last movement is the spiritual core of the piece, where a long melody with folk overtones is punctuated by a dirge-like chorale; these reminiscences of church chorales invest the piece with a deeply sorrowful and immemorial character.\u00a0<\/span><span data-ccp-props=\"{&quot;335559731&quot;:708}\">\u00a0<\/span><\/p>\n<p><span data-contrast=\"none\">The German composer and guitarist Georg Schmitz\u2019s\u00a0(1958-)<\/span><em><span data-contrast=\"none\">Last Encores<\/span><\/em><span data-contrast=\"none\">, premiered in 2009, has become his best-known guitar work. Each of the four movements could lead an independent life, as the title suggests, as a display piece, but the intimacy, introspection and resignation are retained by the darkly rich sonority in each one.\u00a0<\/span><span data-ccp-props=\"{}\">\u00a0<\/span><\/p>\n<p><em><span data-contrast=\"none\">5 Stages of Grief<\/span><\/em><span data-contrast=\"none\">\u00a0is a deeply personal and emotional album that showcases Kristina\u00a0V\u00e5rlid\u2019s\u00a0incredible talent as a guitarist and her ability to express the complex and intense emotions of grief through music. May this music bring comfort to all who had the good fortune of getting to know Sabrina\u2019s art.<\/span><span data-ccp-props=\"{}\">\u00a0<\/span><\/p>\n<p class=\"p1\"><\/p>","protected":false},"excerpt":{"rendered":"<p class=\"Headings__HeadingH1-sc-1pe0rsd-0 fTEwwS\">Kristina V\u00e5rlid releases album in memory of Sabrina Vlaskalic<\/p>\n","protected":false},"featured_media":40410,"comment_status":"closed","ping_status":"closed","template":"","meta":[],"product_brand":[],"product_cat":[180],"product_tag":[],"class_list":{"0":"post-40423","1":"product","2":"type-product","3":"status-publish","4":"has-post-thumbnail","6":"product_cat-simax-classics","7":"product_shipping_class-cddvd-shipping","8":"uni_artist_tag-kristina-varlid","9":"uni_main_artist_tag-kristina-varlid","11":"first","12":"instock","13":"taxable","14":"shipping-taxable","15":"purchasable","16":"product-type-simple"},"_links":{"self":[{"href":"https:\/\/grappa.no\/en\/wp-json\/wp\/v2\/product\/40423","targetHints":{"allow":["GET"]}}],"collection":[{"href":"https:\/\/grappa.no\/en\/wp-json\/wp\/v2\/product"}],"about":[{"href":"https:\/\/grappa.no\/en\/wp-json\/wp\/v2\/types\/product"}],"replies":[{"embeddable":true,"href":"https:\/\/grappa.no\/en\/wp-json\/wp\/v2\/comments?post=40423"}],"wp:featuredmedia":[{"embeddable":true,"href":"https:\/\/grappa.no\/en\/wp-json\/wp\/v2\/media\/40410"}],"wp:attachment":[{"href":"https:\/\/grappa.no\/en\/wp-json\/wp\/v2\/media?parent=40423"}],"wp:term":[{"taxonomy":"product_brand","embeddable":true,"href":"https:\/\/grappa.no\/en\/wp-json\/wp\/v2\/product_brand?post=40423"},{"taxonomy":"product_cat","embeddable":true,"href":"https:\/\/grappa.no\/en\/wp-json\/wp\/v2\/product_cat?post=40423"},{"taxonomy":"product_tag","embeddable":true,"href":"https:\/\/grappa.no\/en\/wp-json\/wp\/v2\/product_tag?post=40423"}],"curies":[{"name":"wp","href":"https:\/\/api.w.org\/{rel}","templated":true}]}}