{"id":40390,"date":"2023-04-21T00:01:49","date_gmt":"2023-04-20T23:01:49","guid":{"rendered":"https:\/\/grappa.no\/?post_type=product&#038;p=40390"},"modified":"2024-02-27T14:59:53","modified_gmt":"2024-02-27T13:59:53","slug":"haugtussa-forteljing-i-songar-3cd","status":"publish","type":"product","link":"https:\/\/grappa.no\/en\/albums\/heilo\/haugtussa-forteljing-i-songar-3cd\/","title":{"rendered":"HAUGTUSSA &#8211; forteljing i songar (3CD)"},"content":{"rendered":"<div class=\"\">\n<p class=\"p1\"><b>\u00d8yonn Groven Myhren slepp ei mektig musikalsk tolkning av Arne Garborgs (1851\u20131924) fengslande diktforteljing <i>Haugtussa<\/i> (1895). Med ei imponerande samling p\u00e5 34 nummer spreidd over tre CD-ar, er dette den mest omfattande songsyklusen skapt over Garborgs rike forteljing om ungjenta Veslem\u00f8y, eller Haugtussa som ho vert kalla. I eit variert kvedaruttrykk, nennsamt orkestrert med folkemusikkinstrument, melodisk slagverk og perkusjon, gir \u00d8yonn liv til soga.<\/b><\/p>\n<\/div>\n<p><!--more--><\/p>\n<p class=\"p1\"><b>\u00ab<\/b><i>D\u00e5 Folkemusikkveka p\u00e5 \u00c5l i Hallingdal i 2019 tinga ny musikk til Haugtussa, visste eg med ein gong at eg ville kvede forteljinga, for Garborg nyttar sj\u00f8lv ord som kvad og song om verket sitt<\/i><b>\u00bb, seier \u00d8yonn Groven Myhren. \u00ab<\/b><i>Eg tenkte f\u00f8rst \u00e5 kvede forteljinga utan instrumentf\u00f8lgje, men ettersom arbeidet voks, ville eg ha innslag av seljefl\u00f8yte, klimpring, felespel og slagverk. For i Garborgs tekst finst b\u00e5de fl\u00f8yte, harpel\u00e5t, langeleik, stillare strengir, fele-ljom, springar, sylvklokke-kling, bj\u00f8llur, ringlig, bummel, bammel, gryte og kjel som l\u00e6t ein l\u00e5tt, som ingen visste, og meir til. Eg var heldig \u00e5 f\u00e5 ja fr\u00e5 musikarane Rasmus Kjorstad og Tomas Nilsson, og d\u00e5 hadde eg alt dette \u00e5 boltre meg i.<\/i><b>\u00bb\u00a0<\/b><\/p>\n<p class=\"p1\">I <i>Haugtussa<\/i> f\u00f8lgjer vi ten\u00e5ringsjenta Veslem\u00f8y som er synsk og kan sj\u00e5 b\u00e5de huldrefolk, troll, hekser og dei som er d\u00f8de. Vi m\u00f8ter henne heime p\u00e5 garden og som gjetarjente i fjellet der ho blir kj\u00e6rast med Jon. D\u00e5 Jon svik henne, tar sorg og nedbrytande krefter overhand. P\u00e5 motsett side st\u00e5r Veslem\u00f8ys d\u00f8de s\u00f8ster som ei klok og varm rettleiar. Vi f\u00f8lgjer Veslem\u00f8ys kamp i striden mellom lys og m\u00f8rker, og til slutt syner \u00abvisdoms volve\u00bb seg.<\/p>\n<p class=\"p1\">Skiftinga mellom \u00e5rstidene spelar ei viktig rolle i forteljinga, og utgjevinga er delt inn i tre \u00e5rstidsbolkar: Vol. 1: vinter, Vol. 2: v\u00e5r og sumar, og Vol. 3: haust og vinter. Vol. 1 kjem ut digitalt samstundes med den fysiske utg\u00e5va, medan digitale lanseringar av Vol. 2 og Vol. 3 kjem seinare, p\u00e5 to ulike tidspunkt.<\/p>\n<p class=\"p2\"><b>\u00d8yonn Groven Myhren<\/b> blir rekna som ei av dei fremste folkemusikarane v\u00e5re og har vunne fleire f\u00f8rstepremiar fr\u00e5 Landskappleiken. Ho har vore sentral i ei rekkje prosjekt, blant anna i kvedargruppa Dvergm\u00e5l, der ho har gitt ut to album: <i>Visor og kv\u00e6de fr\u00e5 Bl\u00e5berglandet<\/i> (1996) og <i>Song i himmelsalar<\/i> (2004). CDen <i>Nordjordet<\/i> (2018) er frukt av eit mange\u00e5rig samarbeid med Bugge Wesseltoft. Her er \u00f2g verd \u00e5 nemne <i>I Jolo<\/i> (1998) saman med Eilert H\u00e6geland og Alf Tveit, <i>Runarslaget<\/i> (2021) saman med SISU slagverksensemble, og <i>T\u00ecle <\/i>(2022) saman med Sidiki Camara og Olav Torget. Ho har arbeidd med mellomalder-songar gjennom ensemblet Aurora Borealis, med albuma <i>Harpa <\/i>(1997) og <i>Wizlavs viser <\/i>(2018), og i duoen Sogesong (med Anne Hytta) med <i>S\u00e5 vide fara dei lindaord<\/i> (2017). Ho har sett s\u00f8kelys p\u00e5 norsk 1600-talls-musikk gjennom ensemblet Barokk Boreal med albuma <i>Ti bud i sanger<\/i> (2020) og <i>Sanger om d\u00f8d og glede<\/i> (2022). I 2001 skreiv Odd Nordstoga og Groven Myhren tingingsverket <i>Nivelkinn,<\/i> der urframf\u00f8ringa kom ut p\u00e5 CD og fekk Spellemannprisen i kategorien Folkemusikk\/Gammaldans i 2002. Som soloartist har ho gitt ut albuma <i>Akkedoria fr\u00e5 Kristiania<\/i> (2003) og <i>Grisilla i Gullveven<\/i> (2008), og ho har mottatt prisar som Norsk folkemusikkfonds folkemusikkpris (1997), Sagaprisen (1997) og Gammeleng-prisen (2022).<\/p>\n","protected":false},"excerpt":{"rendered":"<p>HAUGTUSSA i kvedardrakt<\/p>\n","protected":false},"featured_media":40382,"comment_status":"closed","ping_status":"closed","template":"","meta":[],"product_brand":[],"product_cat":[35],"product_tag":[],"class_list":{"0":"post-40390","1":"product","2":"type-product","3":"status-publish","4":"has-post-thumbnail","6":"product_cat-heilo","7":"product_shipping_class-cddvd-shipping","8":"uni_artist_tag-oyonn-groven-myhren","9":"uni_artist_tag-rasmus-kjorstad","10":"uni_artist_tag-tomas-nilsson","11":"uni_main_artist_tag-oyonn-groven-myhren","12":"uni_artist_genre-diktsyklus","13":"uni_artist_genre-folkemusikk","14":"uni_artist_genre-tradisjonsmusikk","16":"first","17":"instock","18":"taxable","19":"shipping-taxable","20":"purchasable","21":"product-type-simple"},"_links":{"self":[{"href":"https:\/\/grappa.no\/en\/wp-json\/wp\/v2\/product\/40390","targetHints":{"allow":["GET"]}}],"collection":[{"href":"https:\/\/grappa.no\/en\/wp-json\/wp\/v2\/product"}],"about":[{"href":"https:\/\/grappa.no\/en\/wp-json\/wp\/v2\/types\/product"}],"replies":[{"embeddable":true,"href":"https:\/\/grappa.no\/en\/wp-json\/wp\/v2\/comments?post=40390"}],"wp:featuredmedia":[{"embeddable":true,"href":"https:\/\/grappa.no\/en\/wp-json\/wp\/v2\/media\/40382"}],"wp:attachment":[{"href":"https:\/\/grappa.no\/en\/wp-json\/wp\/v2\/media?parent=40390"}],"wp:term":[{"taxonomy":"product_brand","embeddable":true,"href":"https:\/\/grappa.no\/en\/wp-json\/wp\/v2\/product_brand?post=40390"},{"taxonomy":"product_cat","embeddable":true,"href":"https:\/\/grappa.no\/en\/wp-json\/wp\/v2\/product_cat?post=40390"},{"taxonomy":"product_tag","embeddable":true,"href":"https:\/\/grappa.no\/en\/wp-json\/wp\/v2\/product_tag?post=40390"}],"curies":[{"name":"wp","href":"https:\/\/api.w.org\/{rel}","templated":true}]}}