{"id":40354,"date":"2023-03-24T14:00:31","date_gmt":"2023-03-24T13:00:31","guid":{"rendered":"https:\/\/grappa.no\/?post_type=product&#038;p=40354"},"modified":"2023-03-30T14:24:23","modified_gmt":"2023-03-30T13:24:23","slug":"regndrapeborna","status":"publish","type":"product","link":"https:\/\/grappa.no\/en\/albums\/heilo\/regndrapeborna\/","title":{"rendered":"Regndr\u00e5peborna"},"content":{"rendered":"<p><\/p>\n<p>Introducing Sigrid Moldestad&#8217;s latest creation, a delightful children&#8217;s album featuring 13 new songs inspired by the poems of Jan-Magnus Bruheim.<\/p>\n<p><!--more--><\/p>\n<p>Moldestad, known for her exceptional talent and six solo albums, has brought together a group of talented musicians to create this unique and charming collection of songs.<\/p>\n<p>The Regndr\u00e5peorkesteret, comprised of Sondre Meisfjord, J\u00f8rgen Sandvik, and K\u00e5re Opheim, who are well-known in various musical circles and play multiple genres, have joined forces with Moldestad to bring this album to life. Sandvik and Opheim, who usually play in Moldestad&#8217;s regular band, have teamed up with Yngve Leidulv S\u00e6tre as producer and Iver Sand\u00f8y as sound\/mix to create a musical masterpiece that speaks to both adults and children alike.<\/p>\n<p>With its playful musical style and heartwarming lyrics, this album is sure to capture the hearts of listeners of all ages. Order now and experience the joy and wonder of Sigrid Moldestad&#8217;s new children&#8217;s album.<\/p>","protected":false},"excerpt":{"rendered":"<p>Introducing Sigrid Moldestad&#8217;s latest creation, a delightful children&#8217;s album featuring 13 new songs inspired by the poems of Jan-Magnus Bruheim.<\/p>\n","protected":false},"featured_media":40355,"comment_status":"closed","ping_status":"closed","template":"","meta":[],"product_brand":[],"product_cat":[35],"product_tag":[],"class_list":{"0":"post-40354","1":"product","2":"type-product","3":"status-publish","4":"has-post-thumbnail","6":"product_cat-heilo","7":"product_shipping_class-cddvd-shipping","8":"uni_artist_tag-sigrid-moldestad","9":"uni_main_artist_tag-sigrid-moldestad","10":"uni_artist_genre-children","11":"uni_artist_genre-folk","12":"uni_artist_genre-folk-music","13":"uni_artist_genre-singer-songwriter","15":"first","16":"instock","17":"taxable","18":"shipping-taxable","19":"purchasable","20":"product-type-simple"},"_links":{"self":[{"href":"https:\/\/grappa.no\/en\/wp-json\/wp\/v2\/product\/40354","targetHints":{"allow":["GET"]}}],"collection":[{"href":"https:\/\/grappa.no\/en\/wp-json\/wp\/v2\/product"}],"about":[{"href":"https:\/\/grappa.no\/en\/wp-json\/wp\/v2\/types\/product"}],"replies":[{"embeddable":true,"href":"https:\/\/grappa.no\/en\/wp-json\/wp\/v2\/comments?post=40354"}],"wp:featuredmedia":[{"embeddable":true,"href":"https:\/\/grappa.no\/en\/wp-json\/wp\/v2\/media\/40355"}],"wp:attachment":[{"href":"https:\/\/grappa.no\/en\/wp-json\/wp\/v2\/media?parent=40354"}],"wp:term":[{"taxonomy":"product_brand","embeddable":true,"href":"https:\/\/grappa.no\/en\/wp-json\/wp\/v2\/product_brand?post=40354"},{"taxonomy":"product_cat","embeddable":true,"href":"https:\/\/grappa.no\/en\/wp-json\/wp\/v2\/product_cat?post=40354"},{"taxonomy":"product_tag","embeddable":true,"href":"https:\/\/grappa.no\/en\/wp-json\/wp\/v2\/product_tag?post=40354"}],"curies":[{"name":"wp","href":"https:\/\/api.w.org\/{rel}","templated":true}]}}