{"id":40097,"date":"2023-01-27T07:00:35","date_gmt":"2023-01-27T06:00:35","guid":{"rendered":"https:\/\/grappa.no\/?post_type=product&#038;p=40097"},"modified":"2023-01-05T15:06:29","modified_gmt":"2023-01-05T14:06:29","slug":"eugene-ysaye-legende-norvegienne-unknown-works-and-arrangements-for-violin-and-piano-2cd","status":"publish","type":"product","link":"https:\/\/grappa.no\/en\/albums\/simax-classics\/eugene-ysaye-legende-norvegienne-unknown-works-and-arrangements-for-violin-and-piano-2cd\/","title":{"rendered":"Eug\u00e8ne Ysa\u00ffe: L\u00e9gende norv\u00e9gienne: Unknown works and arrangements for violin and piano (2CD)"},"content":{"rendered":"<p><\/p>\n<p><span class=\"NormalTextRun SCXW60903216 BCX0\">Nine world premiere recordings on this double release with original works and arrangements for violin and piano by Eug\u00e8ne <\/span><span class=\"NormalTextRun SCXW60903216 BCX0\">Ysa\u00ffe<\/span><span class=\"NormalTextRun SCXW60903216 BCX0\">; the most important performer and composer for the development of modern violin technique. These works have been rediscovered and reconstructed from manuscripts and sketches by the Norwegian violinist and musicologist Tor Johan B\u00f8en<\/span><\/p>\n<p><!--more--><\/p>\n<p><span data-contrast=\"none\">The release of these \u2018new\u2019 Ysa\u00ffe works \u2013 on CD and in critical editions \u2013 is a major event in the international world of music. The story behind the works, composed 1881-ca. 1926 and unknown for so long, is fascinating and typical of Ysa\u00ffe.<\/span><\/p>\n<p><b><span data-contrast=\"none\">Eug\u00e8ne Ysa\u00ffe (1858-1931) the composer<\/span><\/b><span data-ccp-props=\"{&quot;201341983&quot;:0,&quot;335559739&quot;:160,&quot;335559740&quot;:240}\">\u00a0<\/span><\/p>\n<p><span data-contrast=\"none\">The foremost performer of his time, Ysa\u00ffe inspired composers like Franck, Debussy, Chausson and others to write some of their most important works for him. But he kept his own work as a composer much of a secret, even to the people close to him. The exception of course being the six sonatas for solo violin, which in turn are the most central works of modern violin repertoire. The newly discovered and reconstructed works here reveal how Ysa\u00ffe, with his unique style of playing, explored and developed his musical language over many years. With his musical ideas and knowledge of his instrument\u2019s possibilities Ysa\u00ffe made unique contributions to the genre of music for violin and piano.<\/span><\/p>\n<p><b><span data-contrast=\"auto\">Ysaye in Norway and Denmark<\/span><\/b><br \/>\n<span data-contrast=\"none\">It is an unknown part of music history that Eug\u00e8ne Ysa\u00ffe embarked on his first concert tour to Norway in spring 1882. Ysa\u00ffe performed concerts in the towns along the Norwegian coast from Trondheim to Fredrikstad. During his stay in Norway Eug\u00e8ne Ysa\u00ffe composed and premiered three of his earliest works, L\u00e9gende norv\u00e9gienne, Mazurka de Concert op. 1 and Grande Valse de Concert op. 3 for violin and piano. Ysa\u00ffe loved Norway. During his career, Ysa\u00ffe visited Norway several times, and over time he became a legend to the Norwegian audience.\u00a0<\/span><span data-ccp-props=\"{&quot;201341983&quot;:0,&quot;335559739&quot;:160,&quot;335559740&quot;:240}\">\u00a0<\/span><\/p>\n<p><span data-contrast=\"none\">In October 1885 Eug\u00e8ne Ysa\u00ffe was invited for the first time by the Norwegian composer, conductor and violinist Johan Svendsen to be soloist with the orchestra of the Royal Chapell in Copenhagen. During his stay in Copenhagen Ysa\u00ffe composed and premiered two new works for violin and piano.<\/span><\/p>\n<p><b><span data-contrast=\"none\">The restoration \u2013 searching for Ysa\u00ffe<\/span><\/b><br \/>\n<span data-contrast=\"none\">This recording is a result of a performing research project on Eug\u00e8ne Ysa\u00ffe\u2019s unknown works and arrangements for violin and piano that started in 2002. Tor Johan B\u00f8en started to work on this project at the same time as he was working on his doctoral project at Rice University in Houston about Ysa\u00ffe\u2019s Trio for two violins and viola (2005). He recorded the Trio for two violins and viola together with Ysa\u00ffe\u2019s two trios for violin, viola and cello for Simax Classics in 2010 (PSC 1295).<\/span><span data-ccp-props=\"{&quot;201341983&quot;:0,&quot;335559739&quot;:160,&quot;335559740&quot;:259}\">\u00a0<\/span><\/p>\n<p><span data-contrast=\"auto\">As a direct consequence of this research, the world now has the opportunity through<\/span><span data-ccp-props=\"{&quot;201341983&quot;:0,&quot;335559739&quot;:160,&quot;335559740&quot;:240}\">\u00a0<\/span><\/p>\n<p><span data-contrast=\"auto\">editions and recording to come closer to new repertoire and the visions Ysa\u00ffe had for his own music.<\/span><span data-ccp-props=\"{&quot;201341983&quot;:0,&quot;335559739&quot;:160,&quot;335559740&quot;:240}\">\u00a0<\/span><\/p>\n<p class=\"p1\"><\/p>","protected":false},"excerpt":{"rendered":"<p>World premiere recordings!<\/p>\n","protected":false},"featured_media":40098,"comment_status":"closed","ping_status":"closed","template":"","meta":[],"product_brand":[],"product_cat":[180],"product_tag":[],"class_list":{"0":"post-40097","1":"product","2":"type-product","3":"status-publish","4":"has-post-thumbnail","6":"product_cat-simax-classics","7":"product_shipping_class-cddvd-shipping","8":"uni_artist_tag-eirik-haug-stomner","9":"uni_artist_tag-tor-johan-boen","10":"uni_main_artist_tag-tor-johan-boen-eirik-haug-stomner","11":"uni_artist_genre-klassisk","13":"first","14":"instock","15":"taxable","16":"shipping-taxable","17":"purchasable","18":"product-type-simple"},"_links":{"self":[{"href":"https:\/\/grappa.no\/en\/wp-json\/wp\/v2\/product\/40097","targetHints":{"allow":["GET"]}}],"collection":[{"href":"https:\/\/grappa.no\/en\/wp-json\/wp\/v2\/product"}],"about":[{"href":"https:\/\/grappa.no\/en\/wp-json\/wp\/v2\/types\/product"}],"replies":[{"embeddable":true,"href":"https:\/\/grappa.no\/en\/wp-json\/wp\/v2\/comments?post=40097"}],"wp:featuredmedia":[{"embeddable":true,"href":"https:\/\/grappa.no\/en\/wp-json\/wp\/v2\/media\/40098"}],"wp:attachment":[{"href":"https:\/\/grappa.no\/en\/wp-json\/wp\/v2\/media?parent=40097"}],"wp:term":[{"taxonomy":"product_brand","embeddable":true,"href":"https:\/\/grappa.no\/en\/wp-json\/wp\/v2\/product_brand?post=40097"},{"taxonomy":"product_cat","embeddable":true,"href":"https:\/\/grappa.no\/en\/wp-json\/wp\/v2\/product_cat?post=40097"},{"taxonomy":"product_tag","embeddable":true,"href":"https:\/\/grappa.no\/en\/wp-json\/wp\/v2\/product_tag?post=40097"}],"curies":[{"name":"wp","href":"https:\/\/api.w.org\/{rel}","templated":true}]}}