{"id":40004,"date":"2022-12-01T13:37:22","date_gmt":"2022-12-01T12:37:22","guid":{"rendered":"https:\/\/grappa.no\/?post_type=product&#038;p=40004"},"modified":"2022-12-01T14:16:19","modified_gmt":"2022-12-01T13:16:19","slug":"havard-dorothea-kvit-jul-i-imsland","status":"publish","type":"product","link":"https:\/\/grappa.no\/en\/albums\/grappa\/havard-dorothea-kvit-jul-i-imsland\/","title":{"rendered":"H\u00e5vard &#038; Dorothea &#8211; Kvit jul i Imsland (Julehefte + CD)"},"content":{"rendered":"<p><\/p>\n<p><!--more--><\/p>\n<p>Lovende duo H\u00e5vard &amp; Dorothea kommer med oppl\u00f8ftende, stemningsfull og forsfriskende julemusikk p\u00e5 deres f\u00f8rste album.<\/p>\n<p><\/p>","protected":false},"excerpt":{"rendered":"<p class=\"qtranxs-available-languages-message qtranxs-available-languages-message-en\">Sorry, this entry is only available in <a href=\"https:\/\/grappa.no\/no\/wp-json\/wp\/v2\/product\/40004\" class=\"qtranxs-available-language-link qtranxs-available-language-link-no\" title=\"Norsk\">Norsk<\/a>.<\/p>\n<p>Lovende duo H\u00e5vard &amp; Dorothea kommer med oppl\u00f8ftende, stemningsfull og forsfriskende julemusikk p\u00e5 deres f\u00f8rste album.<\/p>\n","protected":false},"featured_media":40005,"comment_status":"open","ping_status":"closed","template":"","meta":[],"product_brand":[],"product_cat":[6],"product_tag":[],"class_list":{"0":"post-40004","1":"product","2":"type-product","3":"status-publish","4":"has-post-thumbnail","6":"product_cat-grappa","7":"product_shipping_class-cddvd-shipping","8":"uni_artist_tag-havard-dorothea","9":"uni_main_artist_tag-havard-dorothea","10":"uni_artist_genre-christmas-music","11":"uni_artist_genre-jazz","12":"uni_artist_genre-pop","14":"first","15":"instock","16":"taxable","17":"shipping-taxable","18":"purchasable","19":"product-type-simple"},"_links":{"self":[{"href":"https:\/\/grappa.no\/en\/wp-json\/wp\/v2\/product\/40004","targetHints":{"allow":["GET"]}}],"collection":[{"href":"https:\/\/grappa.no\/en\/wp-json\/wp\/v2\/product"}],"about":[{"href":"https:\/\/grappa.no\/en\/wp-json\/wp\/v2\/types\/product"}],"replies":[{"embeddable":true,"href":"https:\/\/grappa.no\/en\/wp-json\/wp\/v2\/comments?post=40004"}],"wp:featuredmedia":[{"embeddable":true,"href":"https:\/\/grappa.no\/en\/wp-json\/wp\/v2\/media\/40005"}],"wp:attachment":[{"href":"https:\/\/grappa.no\/en\/wp-json\/wp\/v2\/media?parent=40004"}],"wp:term":[{"taxonomy":"product_brand","embeddable":true,"href":"https:\/\/grappa.no\/en\/wp-json\/wp\/v2\/product_brand?post=40004"},{"taxonomy":"product_cat","embeddable":true,"href":"https:\/\/grappa.no\/en\/wp-json\/wp\/v2\/product_cat?post=40004"},{"taxonomy":"product_tag","embeddable":true,"href":"https:\/\/grappa.no\/en\/wp-json\/wp\/v2\/product_tag?post=40004"}],"curies":[{"name":"wp","href":"https:\/\/api.w.org\/{rel}","templated":true}]}}