{"id":39978,"date":"2022-11-18T07:00:23","date_gmt":"2022-11-18T06:00:23","guid":{"rendered":"https:\/\/grappa.no\/?post_type=product&#038;p=39978"},"modified":"2023-12-06T11:39:26","modified_gmt":"2023-12-06T10:39:26","slug":"christmas-songs","status":"publish","type":"product","link":"https:\/\/grappa.no\/en\/albums\/grappa\/christmas-songs\/","title":{"rendered":"Christmas Songs"},"content":{"rendered":"<p><\/p>\n<p><span class=\"TextRun SCXW95609334 BCX0\" lang=\"EN-GB\" xml:lang=\"EN-GB\" data-contrast=\"auto\"><span class=\"NormalTextRun SCXW95609334 BCX0\">Saxophonist<\/span><span class=\"NormalTextRun SCXW95609334 BCX0\"> Trygve Seim and pianist and composer Andreas Utnem have played together for over 20 years. <\/span><span class=\"NormalTextRun SCXW95609334 BCX0\">\u201cChristmas Songs\u201d is<\/span><span class=\"NormalTextRun SCXW95609334 BCX0\"> their second duo album, <\/span><span class=\"NormalTextRun SCXW95609334 BCX0\">consisting of <\/span><span class=\"NormalTextRun SCXW95609334 BCX0\">improvi<\/span><span class=\"NormalTextRun SCXW95609334 BCX0\">sations<\/span><span class=\"NormalTextRun SCXW95609334 BCX0\"> around <\/span><span class=\"NormalTextRun SCXW95609334 BCX0\">well-known <\/span><span class=\"NormalTextRun SCXW95609334 BCX0\">Christmas songs. The songs come out as highly sincere and poetic, sometimes even mystical. <\/span><span class=\"NormalTextRun SCXW95609334 BCX0\">R<\/span><span class=\"NormalTextRun SCXW95609334 BCX0\">ecorded in the church \u201c<\/span><span class=\"SpellingError SCXW95609334 BCX0\">T\u00f8yenkirka<\/span><span class=\"NormalTextRun SCXW95609334 BCX0\">\u201d, <\/span><span class=\"NormalTextRun SCXW95609334 BCX0\">the<\/span><span class=\"NormalTextRun SCXW95609334 BCX0\"> quality of the recording makes you feel that you\u2019re <\/span><span class=\"NormalTextRun SCXW95609334 BCX0\">in<\/span><span class=\"NormalTextRun SCXW95609334 BCX0\"> the church when you listen to the album, the sound of the room and the acoustics channelling true Christmas spirit<\/span><span class=\"NormalTextRun SCXW95609334 BCX0\">.<\/span><\/span><span class=\"EOP SCXW95609334 BCX0\" data-ccp-props=\"{&quot;201341983&quot;:0,&quot;335559739&quot;:160,&quot;335559740&quot;:259}\">\u00a0<\/span><\/p>\n<p><!--more--><\/p>\n<p><span data-contrast=\"auto\">Andreas Utnem has worked as an organist at the church T\u00f8yenkirka in Oslo since 1996. In the 90\u2019s he invited Seim to play with him at a service, improvising around hymns and playing his own and Seim\u2019s compositions. Throughout the years, Trygve has continued to contribute at the services from time to time, as a result they released their first duo album in 2008, made up of improvised hymns and their own compositions. Through years of playing together, the duo has developed a unique sound, putting the melody in the centre, and improvising around them in the most attentive and interactive way.\u00a0\u00a0\u00a0<\/span><span data-ccp-props=\"{&quot;201341983&quot;:0,&quot;335559739&quot;:160,&quot;335559740&quot;:259}\">\u00a0<\/span><\/p>\n<p><span data-contrast=\"auto\">Focusing on the melody has been the most important part of this project, wanting to explore the simplicity of the Christmas melodies and the Christmas spirit, finding that it can move and be deeply felt. The tunes come from all over the world and are often of old origin, this variety has been one of the key elements to why they were chosen for the project.\u00a0<\/span><span data-ccp-props=\"{&quot;201341983&quot;:0,&quot;335559739&quot;:160,&quot;335559740&quot;:259}\">\u00a0<\/span><\/p>\n<p><b><span data-contrast=\"auto\">Trygve Seim<\/span><\/b><span data-contrast=\"auto\"> is educated as a jazz musician with saxophone as main instrument, at the jazz conservatory in Trondheim. He studied saxophone with John P\u00e5l Inderberg, Bob Rockwell, Rune\u202fNicolaysen and Tore Engstr\u00f8m, and composition with Terje Bj\u00f8rklund, Bertil Palmar Johansen, Edward Vesala and Bj\u00f8rn Kruse.\u202fSince 1992 he has worked full time as a musician, composer and arranger.<\/span> <span data-contrast=\"auto\">Trygve Seim has released 22\u202falbums on the prestigious German record label ECM Records, whereas 8 of them as a composer and band-leader or co-band-leader. Trygve Seim\u2019s debut album \u201cDifferent Rivers\u201d won the german records critics prize in 2001 \u201cJahrespreis \u2013 Presi der Deuchten Schallplattenkritik\u201d.\u00a0<\/span><span data-ccp-props=\"{&quot;201341983&quot;:0,&quot;335559739&quot;:160,&quot;335559740&quot;:259}\">\u00a0<\/span><\/p>\n<p><span data-contrast=\"auto\">Born 1973,\u202f<\/span><b><span data-contrast=\"auto\">Andreas Utnem<\/span><\/b><span data-contrast=\"auto\">\u202fhas received international attention through his work with the trio of Norwegian folk fiddler Gjermund Larsen. Alongside work as a church musician and composer of music for theatre and TV dramas, both in Norway and Sweden, he has contributed on around 50 albums. Earlier works with Trygve Seim include \u201cPurcor \u2013 songs for Saxhophone and Piano\u201d (ECM, 2010). In 2017 he released the solo album \u201cNight Hymns\u201d (KKV).\u00a0\u00a0<\/span><span data-ccp-props=\"{&quot;201341983&quot;:0,&quot;335559739&quot;:160,&quot;335559740&quot;:259}\">\u00a0<\/span><\/p>\n<p class=\"p1\"><\/p>","protected":false},"excerpt":{"rendered":"<p>Improvisations around well-known Christmas songs<\/p>\n<p>&nbsp;<\/p>\n","protected":false},"featured_media":39979,"comment_status":"closed","ping_status":"closed","template":"","meta":[],"product_brand":[],"product_cat":[6],"product_tag":[],"class_list":{"0":"post-39978","1":"product","2":"type-product","3":"status-publish","4":"has-post-thumbnail","6":"product_cat-grappa","7":"product_shipping_class-cddvd-shipping","8":"uni_artist_tag-andreas-utnem","9":"uni_artist_tag-trygve-seim","10":"uni_main_artist_tag-trygve-seim-andreas-utnem","11":"uni_artist_genre-christmas-music","12":"uni_artist_genre-improvisation","13":"uni_artist_genre-jazz","14":"uni_artist_genre-jul","16":"first","17":"instock","18":"taxable","19":"shipping-taxable","20":"purchasable","21":"product-type-simple"},"_links":{"self":[{"href":"https:\/\/grappa.no\/en\/wp-json\/wp\/v2\/product\/39978","targetHints":{"allow":["GET"]}}],"collection":[{"href":"https:\/\/grappa.no\/en\/wp-json\/wp\/v2\/product"}],"about":[{"href":"https:\/\/grappa.no\/en\/wp-json\/wp\/v2\/types\/product"}],"replies":[{"embeddable":true,"href":"https:\/\/grappa.no\/en\/wp-json\/wp\/v2\/comments?post=39978"}],"wp:featuredmedia":[{"embeddable":true,"href":"https:\/\/grappa.no\/en\/wp-json\/wp\/v2\/media\/39979"}],"wp:attachment":[{"href":"https:\/\/grappa.no\/en\/wp-json\/wp\/v2\/media?parent=39978"}],"wp:term":[{"taxonomy":"product_brand","embeddable":true,"href":"https:\/\/grappa.no\/en\/wp-json\/wp\/v2\/product_brand?post=39978"},{"taxonomy":"product_cat","embeddable":true,"href":"https:\/\/grappa.no\/en\/wp-json\/wp\/v2\/product_cat?post=39978"},{"taxonomy":"product_tag","embeddable":true,"href":"https:\/\/grappa.no\/en\/wp-json\/wp\/v2\/product_tag?post=39978"}],"curies":[{"name":"wp","href":"https:\/\/api.w.org\/{rel}","templated":true}]}}