{"id":39787,"date":"2022-09-16T07:00:09","date_gmt":"2022-09-16T06:00:09","guid":{"rendered":"https:\/\/grappa.no\/?post_type=product&#038;p=39787"},"modified":"2024-03-04T11:53:54","modified_gmt":"2024-03-04T10:53:54","slug":"unamna","status":"publish","type":"product","link":"https:\/\/grappa.no\/en\/albums\/simax-classics\/unamna\/","title":{"rendered":"Unamna"},"content":{"rendered":"<div class=\"\">\n<p><span data-contrast=\"none\">Visene Edvard Grieg hentet fra ulike folkesangere og satte sammen til Opus 66, er utgangspunktet for en ny utgivelse med Unni L<\/span><span data-contrast=\"none\">\u00f8<\/span><span data-contrast=\"none\">vlid, Anne Hytta og Ingfrid Breie Nyhus. De tre erfarne musikerne er nysgjerrige p\u00e5 hvem kvinnene bak folkevisene kan ha v<\/span><span data-contrast=\"none\">\u00e6<\/span><span data-contrast=\"none\">rt, og hva sangene kan romme av uttrykksmulighet<\/span><span data-contrast=\"auto\">er. Spennet mellom det hverdagslige, tilforlatelige<\/span><span data-contrast=\"auto\"> og menneskelivet<\/span><span data-contrast=\"auto\">s grensel\u00f8se f<\/span><span data-contrast=\"auto\">\u00f8<\/span><span data-contrast=\"auto\">lelsesspekter har v<\/span><span data-contrast=\"auto\">\u00e6<\/span><span data-contrast=\"auto\">rt en tr<\/span><span data-contrast=\"auto\">\u00e5<\/span><span data-contrast=\"auto\">d som trioen har hatt med seg i utarbeidinga av musikken. <\/span><span data-contrast=\"none\">Folkesangerne levde visene gjennom arbeid, hverdag og fest, men de ble ikke navngitt, bortsett fra <\/span><span data-contrast=\"none\">\u00e9<\/span><span data-contrast=\"none\">n, Gjendine Sl<\/span><span data-contrast=\"none\">\u00e5<\/span><span data-contrast=\"none\">lien, og i dag vet vi lite eller ingenting om dem.<\/span><span data-ccp-props=\"{}\">\u00a0<\/span><\/p>\n<\/div>\n<p><!--more--><\/p>\n<p><span data-contrast=\"none\">Folkemusikk lever gjennom generasjonene, vandrer fra menneske til menneske. Det er et kollektivt samarbeid, samtidig som enkeltmennesket former hver sang og sl<\/span><span data-contrast=\"none\">\u00e5<\/span><span data-contrast=\"none\">tt ut ifra evne og bruk \u2013 lyttende, spillende arv. Bevaring, personlig preg, aktiv sang og spill, sosial formidling og videref<\/span><span data-contrast=\"none\">\u00f8<\/span><span data-contrast=\"none\">ring er avgj<\/span><span data-contrast=\"none\">\u00f8<\/span><span data-contrast=\"none\">rende. Kvinnene som sang lokker, sl<\/span><span data-contrast=\"none\">\u00e5tter, b\u00e5<\/span><span data-contrast=\"none\">nsuller, sl<\/span><span data-contrast=\"none\">\u00e5<\/span><span data-contrast=\"none\">ttestev og viser, har v<\/span><span data-contrast=\"none\">\u00e6<\/span><span data-contrast=\"none\">rt like viktige tradisjonsb<\/span><span data-contrast=\"none\">\u00e6<\/span><span data-contrast=\"none\">rere som instrumentalistene. Likevel er ikke navnene deres bevart eller videref<\/span><span data-contrast=\"none\">\u00f8<\/span><span data-contrast=\"none\">rt.<\/span><span data-ccp-props=\"{}\">\u00a0<\/span><span data-contrast=\"none\">\u00a0<\/span><span data-ccp-props=\"{}\">\u00a0<\/span><\/p>\n<p><span data-contrast=\"none\">Edvard Grieg, Frants Beyer og Julius R<\/span><span data-contrast=\"none\">\u00f6<\/span><span data-contrast=\"none\">ngten ferierte i norske bygder og fjell, og plukket opp sanger de tok med seg hjem og inn i sin musikk. De l<\/span><span data-contrast=\"none\">\u00e6<\/span><span data-contrast=\"none\">rte sanger av kvinner som arbeidet p\u00e5 turisthyttene i Jotunheimen og andre steder de bes<\/span><span data-contrast=\"none\">\u00f8<\/span><span data-contrast=\"none\">kte <\/span><span data-contrast=\"none\">om sommeren, men det er vanskelig \u00e5 spore opp hvem disse kvinnene var. Komponistene s\u00e5 p\u00e5 det som sin oppgave og glede \u00e5 <\/span><span data-contrast=\"none\">skrive ned disse sangene, og dele<\/span> <span data-contrast=\"auto\">dem <\/span><span data-contrast=\"none\">med nye milj<\/span><span data-contrast=\"none\">\u00f8<\/span><span data-contrast=\"none\">er. Hadde ikke musikken blitt notert, hadde sangene kanskje v<\/span><span data-contrast=\"none\">\u00e6rt glemt den dag i dag og ikke <\/span><span data-contrast=\"none\">v\u00e6<\/span><span data-contrast=\"none\">rt tilgjengelige for oss. Men det er ogs\u00e5 utfordrende \u00e5 fange en levende tradisjon inn p\u00e5 et noteark. Noe vil alltid v<\/span><span data-contrast=\"none\">\u00e6<\/span><span data-contrast=\"none\">re ukjent rundt sangen, og dermed faller variasjoner og det spontane utenfor notearket og musikken ble forenklet.<\/span><span data-ccp-props=\"{}\">\u00a0<\/span><\/p>\n<p><span data-contrast=\"none\">Trioen L<\/span><span data-contrast=\"none\">\u00f8<\/span><span data-contrast=\"none\">vlid\/Hytta\/Nyhus har formet folketonene videre i sitt musikalske spr<\/span><span data-contrast=\"none\">\u00e5<\/span><span data-contrast=\"none\">k i utforskende lek rundt klang, rom og omgivelser. Tiln<\/span><span data-contrast=\"none\">\u00e6<\/span><span data-contrast=\"none\">rmingene til stoffet <\/span><span data-contrast=\"auto\">knytter <\/span><span data-contrast=\"none\">seg til deres egne musikalske erfaringer i m\u00f8te med de<\/span> <span data-contrast=\"none\">mange sterke livshistorie<\/span><span data-contrast=\"none\">ne i sangtekstene. Etter egne assosiasjoner og ideer har sangene gradvis utkrystallisert seg til skisser for improvisasjoner og innfall, der en framf\u00f8ring av visa aldri blir lik den neste.<\/span><span data-ccp-props=\"{}\">\u00a0<\/span><\/p>\n<p><span data-contrast=\"none\">\u00ab<\/span><span data-contrast=\"none\">P\u00e5 same vis som Grieg forma songane inn i sitt uttrykk, har vi \u2013 <\/span><span data-contrast=\"none\">Unni L<\/span><span data-contrast=\"none\">\u00f8<\/span><span data-contrast=\"none\">vlid, Anne Hytta og Ingfrid Breie Nyhus \u2013 gjort tilsvarande. Det er tradisjonsberarane som er v<\/span><span data-contrast=\"none\">\u00e5<\/span><span data-contrast=\"none\">r felles referanse, og den viktigaste inspirasjonen for oss. Vi ynskjer<\/span><span data-contrast=\"none\"> \u00e5 <\/span><span data-contrast=\"none\">lyfte fram kvinnene som song desse songane \u2013 eller snarare ideane om kven dei kan ha vore, kva kraft dei har bore i seg<\/span><span data-contrast=\"none\">\u00bb.<\/span><span data-ccp-props=\"{}\">\u00a0<\/span><span data-ccp-props=\"{}\">\u00a0<\/span><\/p>\n<p><b><span data-contrast=\"none\">Unni L\u00f8vlid <\/span><\/b><span data-contrast=\"none\">fra Hornindal vokste opp med folkesangen, og l\u00e6rte fra flere eldre kilder i Hornindal. Senere tok hun utdanning ved Norges Musikkh\u00f8gskole. Hun har gitt ut flere soloalbum som <\/span><i><span data-contrast=\"none\">So ro liten tull<\/span><\/i><span data-contrast=\"none\">, <\/span><i><span data-contrast=\"none\">VITA<\/span><\/i><span data-contrast=\"none\">, <\/span><i><span data-contrast=\"none\">LUX og Hymn<\/span><\/i><span data-contrast=\"none\">, og deltatt p\u00e5 en rekke utgivelser. Hun er kjent for \u00e5 g\u00e5 nye musikalske veier, der den norske folkemusikken er kjernen. Gjerne til samtidsmusikk, og ny musikk der tradisjoner fra flere kulturer er koblet sammen. Unni har mottatt en rekke priser for musikken sin, og ble blant annet utnevnt til \u00e5rets folkemusiker p\u00e5 Folkelarm i 2006, Spellemanspris i samtidsmusikk for utgivelsen <\/span><i><span data-contrast=\"none\">Draumkvedet<\/span><\/i><span data-contrast=\"none\"> av Arne Nordheim i 2007, og samme \u00e5r mottok hun ogs\u00e5 Gammleng-prisen i klassen Folkemusikk. Hun har turnert store deler av verden, og leder i dag folkemusikkstudiet ved Norges Musikkh\u00f8gskole.\u00a0<\/span><span data-ccp-props=\"{}\">\u00a0<\/span><\/p>\n<p><b><span data-contrast=\"auto\">Anne Hytta<\/span><\/b><span data-contrast=\"auto\"> fra Sauland i Telemark, bosatt i Oslo, er prisbel\u00f8nt hardingfelespiller og komponist som arbeider b\u00e5de med det tradisjonelle folkemusikkrepertoaret og med nyskrevet musikk. De smidige linjef\u00f8ringene i v\u00e5r gamle tradisjonsmusikk er utgangspunktet hennes i alt musikalsk arbeid. Som frilansende musiker er hun involvert i en rekke ulike prosjekter, fra middelaldermusikk til improvisasjonsmusikk, fra solo til st\u00f8rre ensembler. Hun gav nylig ut soloalbumet <\/span><i><span data-contrast=\"auto\">Gjennom dagen<\/span><\/i><span data-contrast=\"auto\"> med egenskrevet musikk for solo hardingfele til gode kritikker. Hun har vunnet tre ganger Folkelarm-prisen for beste soloplate i (2006, 2011 og 2017) og spellemann-prisen i kategorien \u00e5pen klasse (2015) og folkemusikk (2017). I tillegg ble hun utnevnt til \u00e5rets folkemusiker p\u00e5 Folkelarm i 2018.<\/span><span data-ccp-props=\"{}\">\u00a0<\/span><\/p>\n<p><span data-contrast=\"auto\">Pianist <\/span><b><span data-contrast=\"auto\">Ingfrid Breie Nyhus<\/span><\/b><span data-contrast=\"auto\"> vokste opp i en folkemusikkfamilie, studerte klaver i Norge, Tyskland og Finland, og har siden arbeidet med klassisk, samtidsmusikk og folkemusikk p\u00e5 klaver. De siste ti \u00e5rene har hennes hovedfokus v\u00e6rt p\u00e5 samtidsmusikalske, rekompositoriske og improvisatoriske praksiser, ofte i sammenfletting av elementer fra ulike tradisjoner. Ingfrid har mottatt en rekke priser og utmerkelser, slik som Den Norske Solistpris, og nominasjoner til Spellemannprisen og Folkelarm. Hun har v\u00e6rt solist med orkestre som Oslo-Filharmonien, Trondheimsolistene, Kringkastingsorkesteret, og spiller jevnlig p\u00e5 internasjonale festivaler for folkemusikk, jazz, klassisk og samtidsmusikk.<\/span><span data-ccp-props=\"{}\">\u00a0<\/span><\/p>\n","protected":false},"excerpt":{"rendered":"<p>Folkeviser ved Unni L\u00f8vlid, Anne Hytta og Ingfrid Breie Nyhus<\/p>\n","protected":false},"featured_media":39788,"comment_status":"closed","ping_status":"closed","template":"","meta":[],"product_brand":[],"product_cat":[180],"product_tag":[],"class_list":{"0":"post-39787","1":"product","2":"type-product","3":"status-publish","4":"has-post-thumbnail","6":"product_cat-simax-classics","7":"product_shipping_class-cddvd-shipping","8":"uni_artist_tag-anne-hytta","9":"uni_artist_tag-ingfrid-breie-nyhus","10":"uni_artist_tag-unni-lovlid","11":"uni_main_artist_tag-unni-lovlid-anne-hytta-ingfrid-breie-nyhus","12":"uni_artist_genre-folk","13":"uni_artist_genre-klassisk","15":"first","16":"instock","17":"taxable","18":"shipping-taxable","19":"purchasable","20":"product-type-simple"},"_links":{"self":[{"href":"https:\/\/grappa.no\/en\/wp-json\/wp\/v2\/product\/39787","targetHints":{"allow":["GET"]}}],"collection":[{"href":"https:\/\/grappa.no\/en\/wp-json\/wp\/v2\/product"}],"about":[{"href":"https:\/\/grappa.no\/en\/wp-json\/wp\/v2\/types\/product"}],"replies":[{"embeddable":true,"href":"https:\/\/grappa.no\/en\/wp-json\/wp\/v2\/comments?post=39787"}],"wp:featuredmedia":[{"embeddable":true,"href":"https:\/\/grappa.no\/en\/wp-json\/wp\/v2\/media\/39788"}],"wp:attachment":[{"href":"https:\/\/grappa.no\/en\/wp-json\/wp\/v2\/media?parent=39787"}],"wp:term":[{"taxonomy":"product_brand","embeddable":true,"href":"https:\/\/grappa.no\/en\/wp-json\/wp\/v2\/product_brand?post=39787"},{"taxonomy":"product_cat","embeddable":true,"href":"https:\/\/grappa.no\/en\/wp-json\/wp\/v2\/product_cat?post=39787"},{"taxonomy":"product_tag","embeddable":true,"href":"https:\/\/grappa.no\/en\/wp-json\/wp\/v2\/product_tag?post=39787"}],"curies":[{"name":"wp","href":"https:\/\/api.w.org\/{rel}","templated":true}]}}