{"id":39725,"date":"2022-05-27T07:00:42","date_gmt":"2022-05-27T06:00:42","guid":{"rendered":"https:\/\/grappa.no\/?post_type=product&#038;p=39725"},"modified":"2023-04-28T13:55:45","modified_gmt":"2023-04-28T12:55:45","slug":"svadilja","status":"publish","type":"product","link":"https:\/\/grappa.no\/en\/albums\/heilo\/svadilja\/","title":{"rendered":"SVADILJA"},"content":{"rendered":"<p><\/p>\n<p class=\"p1\">Hans Fredrik Jacobsen, the influential and versatile folk musician is known for his mastery of several instruments, amongst them many different flutes, guitar, saxophone, two-row accordion, bagpipe and oud. But as he releases his 5<sup>th<\/sup> solo album he focuses only one instrument, which is one of the easiest to play, better yet to make, the willow flute. Although, the album features seven different willow flutes, with different lengths resulting in different keys to make variation. Hans Fredrik made all the flutes himself.<\/p>\n<p><!--more--><\/p>\n<p><em>\u201cTo sit down and make a willow flute is something of the most beautiful I know of in this world. It has become a ritual every spring, when nature is waking up with a new life, the colors come to life, the sap rises in the trees, the birds are chirping, and the world becomes a better place to be. When the willow trees are just ripe, I head to the forest to make flutes in the old-fashioned way, just like it has been done for many years, here in Norway and other places. To make a good flute is pure happiness. From time to time in moments like this, when the forest presents itself green and full of life, I think to myself that everyone should do this, there are plenty of willows to take from, and it\u2019s all free.\u201d <\/em>\u2013 Hans Fredrik Jacobsen<\/p>\n<p>To create just the right atmosphere, the recordings are made at Krokskogen (eastern Norway), during a couple beautiful, calm sunshine days in the month shift between May and June in 2021, with Audun Strype soundproofing the whole affair. The music you hear consists of some traditional willow flute pieces, alongside Jacobsens very own compositions and adaptations of traditional material. There is also a lot of improvisation, both rhythmical and free rhythmical, with phrases we are not used to hearing from willow flutes. Some of the songs are new compositions, some of them made in the moment. But either way, the songs are recorded with a fresh willow flute, accompanied by birds, insects and the soul of the forest!<\/p>\n<p><em>\u201cThe silence during recording made the birds and insects come through together with the flutes. It was wonderful to play alongside them! Although they were not active all the time, I got a clear and warm feeling that they responded to my music, which in turn was inspiring and touching. And I responded as good as could when they sang to me! One of Norway\u2019s foremost bird experts, Helge Kvam, listened trough the record to try to identify the birds present. He found 21 different species. They were all a part of making the experience at Krokskogen strong and unforgettable.\u201d <\/em>\u2013 Hans Fredrik Jacobsen<\/p>\n<p><strong>Hans Fredrik Jacobsen <\/strong>is a Norwegian folk musician, artist and composer, most known for his work with his wife Tone Hulb\u00e6kmo, and with groups such as Kalenda Maya, Secret Garden (Eurovision 1995) and Hulb\u00e6kmo &amp; Jacobsen family orchestra. <em>Svadilja <\/em>is Jacobsens 5<sup>th<\/sup> solo record. The first four consists of <em>J\u00f3L <\/em>(Via music, 1998), <em>Vind<\/em> (Heilo, 2004), <em>Tr\u00e5 dansen<\/em> (Heilo, 2013) and the record <em>\u00d8re<\/em> (Heilo, 2019), which also got nominated to the Norwegian Grammy Awards (Spellemannprisen). He also released <em>Langt nord i skogen <\/em>(KKV, 1987 \u2013 Spellemannprisen in 1988) with Tone Hulb\u00e6kmo &amp; Jacobsen family orchestra, and 3 albums with the middle age group Kalenda Maya: Renaissance and medieval music (Simax 1985 \u2013 Spellemannprisen in 1985), <em>Norse ballads <\/em>(KKV, 1989) and <em>Pilegrimsreiser (KKV 1997). <\/em>He also makes a appearance as a guest musician and soloist on some 100 records with arists such as Sissel Kyrkjeb\u00f8, Sondre Bratland, Elisabeth Andreassen, Henning Sommero, Secret Garden og Annbj\u00f8rg Lien to mention a few. He has akso worked with Erik Bye, Haldis Moren Vesaas, Ove R\u00f8sbak and Ola Jonsmoen as poets.<\/p>\n<p>&nbsp;<\/p>\n<p>&nbsp;<\/p>\n<p><\/p>","protected":false},"excerpt":{"rendered":"<p><strong>Real willow flutes recorded in real surroundings!<\/strong><\/p>\n","protected":false},"featured_media":39728,"comment_status":"closed","ping_status":"closed","template":"","meta":[],"product_brand":[],"product_cat":[35],"product_tag":[],"class_list":{"0":"post-39725","1":"product","2":"type-product","3":"status-publish","4":"has-post-thumbnail","6":"product_cat-heilo","7":"product_shipping_class-cddvd-shipping","8":"uni_artist_tag-hans-fredrik-jacobsen","9":"uni_main_artist_tag-hans-fredrik-jacobsen","10":"uni_artist_genre-folkemusikk","11":"uni_artist_genre-tradisjonsmusikk","12":"uni_artist_genre-traditional-music","14":"first","15":"instock","16":"taxable","17":"shipping-taxable","18":"purchasable","19":"product-type-simple"},"_links":{"self":[{"href":"https:\/\/grappa.no\/en\/wp-json\/wp\/v2\/product\/39725","targetHints":{"allow":["GET"]}}],"collection":[{"href":"https:\/\/grappa.no\/en\/wp-json\/wp\/v2\/product"}],"about":[{"href":"https:\/\/grappa.no\/en\/wp-json\/wp\/v2\/types\/product"}],"replies":[{"embeddable":true,"href":"https:\/\/grappa.no\/en\/wp-json\/wp\/v2\/comments?post=39725"}],"wp:featuredmedia":[{"embeddable":true,"href":"https:\/\/grappa.no\/en\/wp-json\/wp\/v2\/media\/39728"}],"wp:attachment":[{"href":"https:\/\/grappa.no\/en\/wp-json\/wp\/v2\/media?parent=39725"}],"wp:term":[{"taxonomy":"product_brand","embeddable":true,"href":"https:\/\/grappa.no\/en\/wp-json\/wp\/v2\/product_brand?post=39725"},{"taxonomy":"product_cat","embeddable":true,"href":"https:\/\/grappa.no\/en\/wp-json\/wp\/v2\/product_cat?post=39725"},{"taxonomy":"product_tag","embeddable":true,"href":"https:\/\/grappa.no\/en\/wp-json\/wp\/v2\/product_tag?post=39725"}],"curies":[{"name":"wp","href":"https:\/\/api.w.org\/{rel}","templated":true}]}}