{"id":39664,"date":"2022-03-28T11:14:48","date_gmt":"2022-03-28T10:14:48","guid":{"rendered":"https:\/\/grappa.no\/?post_type=product&#038;p=39664"},"modified":"2022-03-28T13:30:59","modified_gmt":"2022-03-28T12:30:59","slug":"opphav","status":"publish","type":"product","link":"https:\/\/grappa.no\/en\/albums\/simax-classics\/opphav\/","title":{"rendered":"Opphav"},"content":{"rendered":"<p class=\"qtranxs-available-languages-message qtranxs-available-languages-message-en\">Sorry, this entry is only available in <a href=\"https:\/\/grappa.no\/no\/wp-json\/wp\/v2\/product\/39664\" class=\"qtranxs-available-language-link qtranxs-available-language-link-no\" title=\"Norsk\">Norsk<\/a>.<\/p><p><\/p>\n<div class=\"\">\n<p class=\"p1\">I albumet &#8220;Opphav&#8221; g\u00e5r fiolinisten Sander Tingstad tilbake til kilden, og tolker klassisk musikk p\u00e5 folkemusikkens premisser.<\/p>\n<\/div>\n<p><!--more--><\/p>\n<p>\u2013 &#8220;Jeg opplever at klassisk musikk ofte tolkes likt. De norske verkene inspirert av folkemusikken interpreteres p\u00e5 mer eller mindre samme m\u00e5te som annen musikk fra samme periode. Jeg mener denne musikken har noe s\u00e6regent ved seg, og at det \u00e5 ta tak i de folkemusikalske elementene \u00e5pner opp for nye og spennende muligheter, hvor man kan komme tilbake til noe av det som inspirerte komponistene til \u00e5 skrive. Det enslige og melankolske. N\u00e6rheten. Det ekte og \u00e6rlige. Det vare. &#8220;skriver Sander Tingstad.<\/p>\n<p>Albumet &#8220;Opphav&#8221; kommer som en del av prosjektet &#8220;Kunstmusikken &amp; Folkesjela&#8221;, hvor Tingstad tolker norskklassisk musikk sammen med den prisbel\u00f8nte pianisten Ingfrid Breie Nyhus og en av landets fremste folkemusikere, trekkspiller Mads Erik Odde.<\/p>\n<p>Nyhus har vakt internasjonal oppsikt med sine utgivelser av sl\u00e5ttemusikk p\u00e5 klaver, og er kjent for sitt spontane og s\u00e6regne uttrykk. Sammen skaper Tingstad og Nyhus en unik versjon av Griegs sonate i G-dur.<\/p>\n<p>&#8220;Avkledd all nasjonalromantisk propaganda, blottla ut\u00f8verne en mulig Grieg-interpretasjon i en annen dimensjon, med helt divergerende spilleregler og en vrangvendt estetikk som tvang tilh\u00f8rerne (i hvert fall undertegnede) til komplett omm\u00f8blering av det vante og forventede musikalske &#8220;interi\u00f8ret&#8221;. Og beste av alt: dette foregikk uten smak av sensasjonstrang og demonstrasjon \u2013dette sprang ut fra et kategorisk-musisk imperativ, lavm\u00e6lt, inntrengende, n\u00f8dvendig&#8221;<br \/>\n-Tor Espen Aspaas, pianist og professor ved Norges Musikkh\u00f8gskole<\/p>\n<p>Sparre Olsens \u201dSeks gamle bygdevisur fr\u00e5 Lom\u201d er kjent og kj\u00e6rt repertoar for norske fiolinister, men det er ikke mange som kjenner de tradisjonelle visene som ligger til grunn for komposisjonen. Jarnfrid Kj\u00f8k fra Lom er en del av denne levende muntlige tradisjonen, og har fortalt om og sunget visene for Tingstad. Den enest\u00e5ende musikalske tradisjonen i visene, i form av rytmikk, klang og intonasjon, kommer til livi et arrangement for fiolin og trekkspill av Mads Erik Odde.<\/p>\n<p><!--more--><\/p>\n<p class=\"p1\">-&#8220;I experience that classical music often is interpreted the same. The Norwegian folk music is interpreted in the same way, through the music from the same periode. I think that this particular music has something special, and that grabbing elements from folk music opens for new and exiting opportunities, where one could find ways to the very same inspiration the great composers used. The lonely and melancholy. Familiarity. The real and honest. That lasts.&#8221; says Sander Tingstad.<\/p>\n<p>&#8220;Opphav&#8221; comas as a part of the &#8220;Kunstmusikken &amp; Folkesjela&#8221; project, where Tingstad interoperates classical Norwegian music together with the award-winning pianist Ingfrid Breie Nyhus and of Norways leading folk musicians, accordion Mad Erik Odde.<\/p>\n<p>Nyhus has created internasjonal recognition with his recordings of &#8220;sl\u00e5ttemusikk&#8221; on clavier, and is known for his spontaneous and peculiar expression. Together, Tingstad and Nyhus creates a unique version of Griegs sonate in G-Major.<\/p>\n<p class=\"p1\"><\/p>","protected":false},"excerpt":{"rendered":"<p>Opphav er inspirert av Sanders gjensyn med folkemusikktradisjonen og klassisk musikk, med fotfeste fra den fele-rike plassen Lom.<\/p>\n","protected":false},"featured_media":39665,"comment_status":"closed","ping_status":"closed","template":"","meta":[],"product_brand":[],"product_cat":[180],"product_tag":[],"class_list":{"0":"post-39664","1":"product","2":"type-product","3":"status-publish","4":"has-post-thumbnail","6":"product_cat-simax-classics","7":"product_shipping_class-cddvd-shipping","8":"uni_main_artist_tag-sander-tingstad","9":"uni_artist_genre-klassisk","11":"first","12":"instock","13":"taxable","14":"shipping-taxable","15":"purchasable","16":"product-type-simple"},"_links":{"self":[{"href":"https:\/\/grappa.no\/en\/wp-json\/wp\/v2\/product\/39664","targetHints":{"allow":["GET"]}}],"collection":[{"href":"https:\/\/grappa.no\/en\/wp-json\/wp\/v2\/product"}],"about":[{"href":"https:\/\/grappa.no\/en\/wp-json\/wp\/v2\/types\/product"}],"replies":[{"embeddable":true,"href":"https:\/\/grappa.no\/en\/wp-json\/wp\/v2\/comments?post=39664"}],"wp:featuredmedia":[{"embeddable":true,"href":"https:\/\/grappa.no\/en\/wp-json\/wp\/v2\/media\/39665"}],"wp:attachment":[{"href":"https:\/\/grappa.no\/en\/wp-json\/wp\/v2\/media?parent=39664"}],"wp:term":[{"taxonomy":"product_brand","embeddable":true,"href":"https:\/\/grappa.no\/en\/wp-json\/wp\/v2\/product_brand?post=39664"},{"taxonomy":"product_cat","embeddable":true,"href":"https:\/\/grappa.no\/en\/wp-json\/wp\/v2\/product_cat?post=39664"},{"taxonomy":"product_tag","embeddable":true,"href":"https:\/\/grappa.no\/en\/wp-json\/wp\/v2\/product_tag?post=39664"}],"curies":[{"name":"wp","href":"https:\/\/api.w.org\/{rel}","templated":true}]}}