{"id":39652,"date":"2022-03-25T11:44:49","date_gmt":"2022-03-25T10:44:49","guid":{"rendered":"https:\/\/grappa.no\/?post_type=product&#038;p=39652"},"modified":"2025-06-13T14:15:54","modified_gmt":"2025-06-13T13:15:54","slug":"beste-tia-mi","status":"publish","type":"product","link":"https:\/\/grappa.no\/en\/albums\/grappa\/beste-tia-mi\/","title":{"rendered":"Beste tia mi"},"content":{"rendered":"<p><\/p>\n<div><\/div>\n<div><strong>Frode Aln\u00e6s kan i \u00e5r feire 40 \u00e5r som profesjonell musiker og artist. Og han er mer kreativ, aktiv og produktiv en noensinne: \u00abBeste tia mi\u00bb er hans nye soloalbum!\u00a0<\/strong><\/div>\n<div><\/div>\n<p><!--more--><\/p>\n<p><\/p>\n<p>&nbsp;<\/p>","protected":false},"excerpt":{"rendered":"<p>\u00abBeste tia mi\u00bb er et inderlig og helhetlig popalbum, fylt med den ene sterke l\u00e5ten etter den andre. Det er variasjon og godt spenn i repertoaret som er b\u00e5de lekent og ledig, der det melankolske m\u00f8ter det h\u00e5pefulle. Aln\u00e6s selv kaller dette en optimistisk plate, som reflekterer livet.<\/p>\n","protected":false},"featured_media":39655,"comment_status":"closed","ping_status":"closed","template":"","meta":[],"product_brand":[],"product_cat":[6],"product_tag":[],"class_list":{"0":"post-39652","1":"product","2":"type-product","3":"status-publish","4":"has-post-thumbnail","6":"product_cat-grappa","7":"product_shipping_class-cddvd-shipping","8":"uni_artist_tag-frode-alnaes","9":"uni_main_artist_tag-frode-alnaes","10":"uni_artist_genre-norsk-pop","11":"uni_artist_genre-pop","12":"uni_artist_genre-singer-songwriter","13":"uni_artist_genre-visepop","14":"uni_artist_genre-viser","16":"first","17":"instock","18":"taxable","19":"shipping-taxable","20":"purchasable","21":"product-type-variable","22":"has-default-attributes"},"_links":{"self":[{"href":"https:\/\/grappa.no\/en\/wp-json\/wp\/v2\/product\/39652","targetHints":{"allow":["GET"]}}],"collection":[{"href":"https:\/\/grappa.no\/en\/wp-json\/wp\/v2\/product"}],"about":[{"href":"https:\/\/grappa.no\/en\/wp-json\/wp\/v2\/types\/product"}],"replies":[{"embeddable":true,"href":"https:\/\/grappa.no\/en\/wp-json\/wp\/v2\/comments?post=39652"}],"wp:featuredmedia":[{"embeddable":true,"href":"https:\/\/grappa.no\/en\/wp-json\/wp\/v2\/media\/39655"}],"wp:attachment":[{"href":"https:\/\/grappa.no\/en\/wp-json\/wp\/v2\/media?parent=39652"}],"wp:term":[{"taxonomy":"product_brand","embeddable":true,"href":"https:\/\/grappa.no\/en\/wp-json\/wp\/v2\/product_brand?post=39652"},{"taxonomy":"product_cat","embeddable":true,"href":"https:\/\/grappa.no\/en\/wp-json\/wp\/v2\/product_cat?post=39652"},{"taxonomy":"product_tag","embeddable":true,"href":"https:\/\/grappa.no\/en\/wp-json\/wp\/v2\/product_tag?post=39652"}],"curies":[{"name":"wp","href":"https:\/\/api.w.org\/{rel}","templated":true}]}}