{"id":39499,"date":"2021-11-19T20:47:12","date_gmt":"2021-11-19T19:47:12","guid":{"rendered":"https:\/\/grappa.no\/?post_type=product&#038;p=39499"},"modified":"2021-11-19T20:56:14","modified_gmt":"2021-11-19T19:56:14","slug":"lang-desember-natt","status":"publish","type":"product","link":"https:\/\/grappa.no\/en\/albums\/grappa\/lang-desember-natt\/","title":{"rendered":"Lang Desember Natt"},"content":{"rendered":"<p><\/p>\n<p>Frode Aln\u00e6s er klar med sin f\u00f8rste og etterlengtede juleplate &#8220;Lang desember natt &#8211; Frode Aln\u00e6s &amp; Julekoret&#8221;. Han har tidligere skrevet to av v\u00e5re mest kjente juleklassikere &#8220;Long December Night&#8221; og &#8220;Vitae Lux&#8221;. Disse to er begge med p\u00e5 platen, men i ny drakt. I tillegg kan man fr\u00e5tse i \u00e5tte helt nye julesanger \u2013 alle p\u00e5 norsk.<\/p>\n<p><!--more--><\/p>\n<p><\/p>","protected":false},"excerpt":{"rendered":"<div class=\"\">\n<p>Frode Aln\u00e6s er klar med sin f\u00f8rste og etterlengtede juleplate &#8220;Lang desember natt &#8211; Frode Aln\u00e6s &amp; Julekoret&#8221;. Han har tidligere skrevet to av v\u00e5re mest kjente juleklassikere &#8220;Long December Night&#8221; og &#8220;Vitae Lux&#8221;. Disse to er begge med p\u00e5 platen, men i ny drakt. I tillegg kan man fr\u00e5tse i \u00e5tte helt nye julesanger \u2013 alle p\u00e5 norsk.<\/p>\n<\/div>\n<p>&nbsp;<\/p>\n","protected":false},"featured_media":39500,"comment_status":"closed","ping_status":"closed","template":"","meta":[],"product_brand":[],"product_cat":[6],"product_tag":[],"class_list":{"0":"post-39499","1":"product","2":"type-product","3":"status-publish","4":"has-post-thumbnail","6":"product_cat-grappa","7":"product_shipping_class-cddvd-shipping","8":"uni_main_artist_tag-frode-alnaes","10":"first","11":"instock","12":"taxable","13":"shipping-taxable","14":"purchasable","15":"product-type-simple"},"_links":{"self":[{"href":"https:\/\/grappa.no\/en\/wp-json\/wp\/v2\/product\/39499","targetHints":{"allow":["GET"]}}],"collection":[{"href":"https:\/\/grappa.no\/en\/wp-json\/wp\/v2\/product"}],"about":[{"href":"https:\/\/grappa.no\/en\/wp-json\/wp\/v2\/types\/product"}],"replies":[{"embeddable":true,"href":"https:\/\/grappa.no\/en\/wp-json\/wp\/v2\/comments?post=39499"}],"wp:featuredmedia":[{"embeddable":true,"href":"https:\/\/grappa.no\/en\/wp-json\/wp\/v2\/media\/39500"}],"wp:attachment":[{"href":"https:\/\/grappa.no\/en\/wp-json\/wp\/v2\/media?parent=39499"}],"wp:term":[{"taxonomy":"product_brand","embeddable":true,"href":"https:\/\/grappa.no\/en\/wp-json\/wp\/v2\/product_brand?post=39499"},{"taxonomy":"product_cat","embeddable":true,"href":"https:\/\/grappa.no\/en\/wp-json\/wp\/v2\/product_cat?post=39499"},{"taxonomy":"product_tag","embeddable":true,"href":"https:\/\/grappa.no\/en\/wp-json\/wp\/v2\/product_tag?post=39499"}],"curies":[{"name":"wp","href":"https:\/\/api.w.org\/{rel}","templated":true}]}}