{"id":39459,"date":"2021-11-04T08:22:56","date_gmt":"2021-11-04T07:22:56","guid":{"rendered":"https:\/\/grappa.no\/?post_type=product&#038;p=39459"},"modified":"2025-06-13T14:14:13","modified_gmt":"2025-06-13T13:14:13","slug":"musical-sanatorium","status":"publish","type":"product","link":"https:\/\/grappa.no\/en\/albums\/grappa\/musical-sanatorium\/","title":{"rendered":"Musical Sanatorium"},"content":{"rendered":"<p><br \/>\n\u201cMusical Sanatorium\u201d is a conceptual album exploring the world of Balkan music&#8217;s odd rhythms with the tonal language of European classical music with exclusive original compositions. The instrumentation is a vast smorgasbord consisting of different guitars, ocarinas, bassoon, French horn, choir, accordion, pedal steel guitar, organ, bagpipes, kaval, analog synthesizers, strings, harp, timpanis, drums, and bass.\u00a0The overall sound of this album is monumental, evoking 70s music and classic film scores.<\/p>\n<p>&nbsp;<\/p>\n<p>As a renowned &#8220;style-bender&#8221; of reputation, Stian naturally attracts a distinct caliber of musical collaborators, and contributing\u00a0artists include talents such as Mike Patton, Ola Kvernberg, Jacob Collier, Todd Terje, Jarle Vespestad, Finn Guttormsen, Audun Sandvik, Atle Sponberg, Bjarne Magnus Jensen, Sidsel Walstad, Torbj\u00f8rn Dyrud, P\u00e5l Hausken, Gabriel Carstensen \u00d8ien, Finn Guttormsen, and Marinette Tonning-Olsen.<\/p>\n<p>&nbsp;<\/p>\n<p>Stian Carstensen released the single &#8220;Hippocampus Serenade&#8221; from the album on May 21st. The single was released alongside an epic music video that premiered on Norway&#8217;s National TV channel NRK on the esteemed show &#8220;Hovedscenen&#8221;. It is a cinematic piece of art straddling the liminal boundaries between dream and nightmare.<\/p>","protected":false},"excerpt":{"rendered":"<p class=\"qtranxs-available-languages-message qtranxs-available-languages-message-en\">Sorry, this entry is only available in <a href=\"https:\/\/grappa.no\/no\/wp-json\/wp\/v2\/product\/39459\" class=\"qtranxs-available-language-link qtranxs-available-language-link-no\" title=\"Norsk\">Norsk<\/a>.<\/p>\n<p>Spektakul\u00e6rt mesterverk fra Stian Carstensen.<\/p>\n","protected":false},"featured_media":39378,"comment_status":"closed","ping_status":"closed","template":"","meta":[],"product_brand":[],"product_cat":[6],"product_tag":[],"class_list":{"0":"post-39459","1":"product","2":"type-product","3":"status-publish","4":"has-post-thumbnail","6":"product_cat-grappa","7":"product_shipping_class-cddvd-shipping","8":"uni_artist_tag-stian-carstensen","9":"uni_main_artist_tag-stian-carstensen","11":"first","12":"instock","13":"taxable","14":"shipping-taxable","15":"purchasable","16":"product-type-variable","17":"has-default-attributes"},"_links":{"self":[{"href":"https:\/\/grappa.no\/en\/wp-json\/wp\/v2\/product\/39459","targetHints":{"allow":["GET"]}}],"collection":[{"href":"https:\/\/grappa.no\/en\/wp-json\/wp\/v2\/product"}],"about":[{"href":"https:\/\/grappa.no\/en\/wp-json\/wp\/v2\/types\/product"}],"replies":[{"embeddable":true,"href":"https:\/\/grappa.no\/en\/wp-json\/wp\/v2\/comments?post=39459"}],"wp:featuredmedia":[{"embeddable":true,"href":"https:\/\/grappa.no\/en\/wp-json\/wp\/v2\/media\/39378"}],"wp:attachment":[{"href":"https:\/\/grappa.no\/en\/wp-json\/wp\/v2\/media?parent=39459"}],"wp:term":[{"taxonomy":"product_brand","embeddable":true,"href":"https:\/\/grappa.no\/en\/wp-json\/wp\/v2\/product_brand?post=39459"},{"taxonomy":"product_cat","embeddable":true,"href":"https:\/\/grappa.no\/en\/wp-json\/wp\/v2\/product_cat?post=39459"},{"taxonomy":"product_tag","embeddable":true,"href":"https:\/\/grappa.no\/en\/wp-json\/wp\/v2\/product_tag?post=39459"}],"curies":[{"name":"wp","href":"https:\/\/api.w.org\/{rel}","templated":true}]}}