{"id":39445,"date":"2021-10-29T09:00:44","date_gmt":"2021-10-29T08:00:44","guid":{"rendered":"https:\/\/grappa.no\/?post_type=product&#038;p=39445"},"modified":"2024-03-12T10:46:31","modified_gmt":"2024-03-12T09:46:31","slug":"essays","status":"publish","type":"product","link":"https:\/\/grappa.no\/en\/albums\/grappa\/essays\/","title":{"rendered":"Essays"},"content":{"rendered":"<p> With the new release Essays, the ensemble Music for a while continue its journey of interpreting centerpieces of the classical song canon. Together with the albums Graces that refrain (2012) and Canticles of Winter (2014), Essays completes a trilogy dedicated to interpretations of classical music. Essays is the band&#8217;s 4th studio album, with songs written over three centuries, between 1614 and 1911, from the baroque masters of Monteverdi, Rameau and Charpentier, to the romantic era of Schumann, Brahms, Grieg and Faur\u00e9. <\/p>","protected":false},"excerpt":{"rendered":"<p class=\"qtranxs-available-languages-message qtranxs-available-languages-message-en\">Sorry, this entry is only available in <a href=\"https:\/\/grappa.no\/no\/wp-json\/wp\/v2\/product\/39445\" class=\"qtranxs-available-language-link qtranxs-available-language-link-no\" title=\"Norsk\">Norsk<\/a>.<\/p>\n<p>Ensemblet Music For a While fronter den prisbel\u00f8nnede og sv\u00e6rt allsidige sangeren Tora Augestad og et stjernelag av norske musikere: Stian Carstensen, nominert til Nordisk R\u00e5ds Musikkpris, 2021, Trygve Br\u00f8ske, Mathias Eick, Martin Taxt og P\u00e5l Hausken. Albumet &#8220;Essays&#8221; markerer siste plate i en triologi viet sanger fra det klassiske repertoaret. Platen er bandets fjerde studioplate.<\/p>\n","protected":false},"featured_media":39446,"comment_status":"closed","ping_status":"closed","template":"","meta":[],"product_brand":[],"product_cat":[6],"product_tag":[7996,7995],"class_list":{"0":"post-39445","1":"product","2":"type-product","3":"status-publish","4":"has-post-thumbnail","6":"product_cat-grappa","7":"product_tag-essays","8":"product_tag-music-for-a-while","9":"product_shipping_class-cddvd-shipping","10":"uni_artist_tag-martin-taxt","11":"uni_artist_tag-mathias-eick","12":"uni_artist_tag-pal-hausken","13":"uni_artist_tag-stian-carstensen","14":"uni_artist_tag-tora-augestad","15":"uni_artist_tag-trygve-broske","16":"uni_main_artist_tag-music-for-a-while","17":"uni_artist_genre-classical","18":"uni_artist_genre-crossover","19":"uni_artist_genre-jazz","21":"first","22":"instock","23":"taxable","24":"shipping-taxable","25":"purchasable","26":"product-type-variable"},"_links":{"self":[{"href":"https:\/\/grappa.no\/en\/wp-json\/wp\/v2\/product\/39445","targetHints":{"allow":["GET"]}}],"collection":[{"href":"https:\/\/grappa.no\/en\/wp-json\/wp\/v2\/product"}],"about":[{"href":"https:\/\/grappa.no\/en\/wp-json\/wp\/v2\/types\/product"}],"replies":[{"embeddable":true,"href":"https:\/\/grappa.no\/en\/wp-json\/wp\/v2\/comments?post=39445"}],"wp:featuredmedia":[{"embeddable":true,"href":"https:\/\/grappa.no\/en\/wp-json\/wp\/v2\/media\/39446"}],"wp:attachment":[{"href":"https:\/\/grappa.no\/en\/wp-json\/wp\/v2\/media?parent=39445"}],"wp:term":[{"taxonomy":"product_brand","embeddable":true,"href":"https:\/\/grappa.no\/en\/wp-json\/wp\/v2\/product_brand?post=39445"},{"taxonomy":"product_cat","embeddable":true,"href":"https:\/\/grappa.no\/en\/wp-json\/wp\/v2\/product_cat?post=39445"},{"taxonomy":"product_tag","embeddable":true,"href":"https:\/\/grappa.no\/en\/wp-json\/wp\/v2\/product_tag?post=39445"}],"curies":[{"name":"wp","href":"https:\/\/api.w.org\/{rel}","templated":true}]}}