{"id":39385,"date":"2021-10-12T09:21:50","date_gmt":"2021-10-12T08:21:50","guid":{"rendered":"https:\/\/grappa.no\/?post_type=product&#038;p=39385"},"modified":"2021-10-15T12:03:44","modified_gmt":"2021-10-15T11:03:44","slug":"folk-fra-follo","status":"publish","type":"product","link":"https:\/\/grappa.no\/en\/albums\/heilo\/folk-fra-follo\/","title":{"rendered":"Folk fra Follo"},"content":{"rendered":"<p><\/p>\n<p>Fiddle player Marianne Tomasg\u00e5rd and guitar player \u00c5smund Reistad are now introducing an infrequent tradition of Norwegian folk music on their new album, Folk fra Follo. Over many years, the duo has specialized in interpreting old sheet music from villages in the districts \u00d8stfold and Akershus in Norway. On this release, the two musicians show us the beautiful and exciting, but almost forgotten dance music from these districts. There are not many recordings of the traditional music from \u00d8stfold and Akershus, which makes this album rare, unique, and not least important for the continuation of this tradition.<\/p>\n<p><!--more--><\/p>\n<p>Folk fra Follo conveys a local cultural tradition that not many people, even in Norway, are familiar with. In regions where the fiddler traditions stood strong, the tunes was often learned orally through generations. That has been less common in \u00d8stfold and Akershus. In addition, there are relatively few recordings of fiddlers from these places. Fortunately, some knowledgeable musicians (ca. Between 1750 and 1960) noticed that the old tunes were about to disappear, and therefore immortalized them by writing them down as notes. The tunes you hear on this album are melodies from such old sheet music that belonged to different musicians and collectors.<\/p>\n<p>Although both \u00d8stfold and Akershus share the traditional<span class=\"bcTruncateMore\">\u00a0criteria of folk music to a large extent, it also contains more. In these regions, there was a diversity of both farming communities, shipping, the military, and industry who lived side by side for several hundred years, which probably influenced the traditions of music and dancing. Through the fiddler\u00b4s scores, we also get insight into what people were dancing in the past, both in the upper social classes and the lower ones. The upper class in the 18th century were often dancing menuett as an important part of their formation, while the villagers were dancing folk dances at home, maybe in the living room or outside on the lawn. Even though society consisted of social inequalities, people still had one important thing in common: the joy of dancing!<\/span><\/p>\n<p>In some of the tunes, Folk fra Follo has taken some artistic liberties concerning both dance practice, tempo and rhythm. On others, they have tried to be true to the tradition and the dance practices. This results in a convey of local folk music traditions merging with the creation of something new, here and now!<\/p>\n<p>Marianne Tomasg\u00e5rd was born and raised in a small village called Nannestad (in Akershus). She was one of the front figures in the female fiddle band Honndalstausene, which toured at home and abroad and recorded several albums. For the past ten years, she has worked actively to immerse and convey the folk music traditions from Akershus and \u00d8stfold. This work has led to her current job as a professional consultant for folk music at \u00d8stfold Music Council and Akershus Music Council. \u00c5smund Reistad is born and raised in B\u00e6rum (outside Oslo) and discovered Norwegian folk music as an adult. Since then he has been involved in many folk music projects, including Trispann, Aasmund Nordstoga, Fimbul and Breibeint. On this release, they want to take the local music tradition out of old scores and bring them to life again.<\/p>\n<p><\/p>","protected":false},"excerpt":{"rendered":"<p class=\"p1\"><b>Felespiller Marianne Tomasg\u00e5rd og gitarist \u00c5smund Reistad byr p\u00e5 svingende og dansbar folkemusikk med sin nye plate <i>Folk fra Follo<\/i>. Gjennom flere \u00e5r har duoen spesialisert seg p\u00e5 \u00e5 tolke gamle notenedtegnelser fra bygdene i \u00d8stfold og Akershus, og p\u00e5 denne utgivelsen gir de to musikerne oss et innblikk i den flotte og spennende, men nesten glemte dansemusikken herfra. Folkemusikk fra \u00d8stfold og Akershus har aldri f\u00f8r blitt foreviget p\u00e5 plate, noe som gj\u00f8r denne utgivelsen til en sjelden, unik og ikke minst viktig vare.<\/b><\/p>\n","protected":false},"featured_media":39386,"comment_status":"closed","ping_status":"closed","template":"","meta":[],"product_brand":[],"product_cat":[35],"product_tag":[],"class_list":{"0":"post-39385","1":"product","2":"type-product","3":"status-publish","4":"has-post-thumbnail","6":"product_cat-heilo","7":"product_shipping_class-cddvd-shipping","8":"uni_artist_tag-asmund-reistad","9":"uni_artist_tag-marianne-tomasgard","10":"uni_main_artist_tag-marianne-tomasgard-asmund-reistad","11":"uni_artist_genre-folkemusikk","12":"uni_artist_genre-tradisjonsmusikk","14":"first","15":"instock","16":"taxable","17":"shipping-taxable","18":"purchasable","19":"product-type-simple"},"_links":{"self":[{"href":"https:\/\/grappa.no\/en\/wp-json\/wp\/v2\/product\/39385","targetHints":{"allow":["GET"]}}],"collection":[{"href":"https:\/\/grappa.no\/en\/wp-json\/wp\/v2\/product"}],"about":[{"href":"https:\/\/grappa.no\/en\/wp-json\/wp\/v2\/types\/product"}],"replies":[{"embeddable":true,"href":"https:\/\/grappa.no\/en\/wp-json\/wp\/v2\/comments?post=39385"}],"wp:featuredmedia":[{"embeddable":true,"href":"https:\/\/grappa.no\/en\/wp-json\/wp\/v2\/media\/39386"}],"wp:attachment":[{"href":"https:\/\/grappa.no\/en\/wp-json\/wp\/v2\/media?parent=39385"}],"wp:term":[{"taxonomy":"product_brand","embeddable":true,"href":"https:\/\/grappa.no\/en\/wp-json\/wp\/v2\/product_brand?post=39385"},{"taxonomy":"product_cat","embeddable":true,"href":"https:\/\/grappa.no\/en\/wp-json\/wp\/v2\/product_cat?post=39385"},{"taxonomy":"product_tag","embeddable":true,"href":"https:\/\/grappa.no\/en\/wp-json\/wp\/v2\/product_tag?post=39385"}],"curies":[{"name":"wp","href":"https:\/\/api.w.org\/{rel}","templated":true}]}}