{"id":39347,"date":"2021-05-28T11:11:51","date_gmt":"2021-05-28T10:11:51","guid":{"rendered":"https:\/\/grappa.no\/?post_type=product&#038;p=39347"},"modified":"2024-07-09T07:36:41","modified_gmt":"2024-07-09T06:36:41","slug":"ingen-mere-grater","status":"publish","type":"product","link":"https:\/\/grappa.no\/en\/albums\/heilo\/ingen-mere-grater\/","title":{"rendered":"Ingen Mere Gr\u00e5ter"},"content":{"rendered":"<p><\/p>\n<p class=\"p1\">The Swedish-Norwegian trio <i>\u00c6vestaden<\/i> will release their debut album &#8220;Ingen Mere Gr\u00e5ter&#8221; on May 28th. The first single &#8220;Stanna Inte&#8221; is a song about navigating through the bottomless depths of the soul &#8211; both atmospheric, playful and groovy. The listener is driven into an innovative music world where older folk musical instruments and modern electronics meet.<\/p>\n<p><!--more--><\/p>\n<p class=\"p1\">&#8211; \u201cThe song is a balance between the pitfalls of life&#8217;s maturation. With the course towards the sun as a symbol of wholeness and the union of the conscious and the subconscious, a steady pulse of urgent lyre and pizzicato fiddle is supported in line with the content of the text &#8211; and then it reaches a spiritual redemption in an ecstatic chorus. &#8221; &#8211; \u00c6vestaden<\/p>\n<p class=\"p1\">The upcoming debut album consists of both newly composed and traditional music, with old and modern instruments. Lyre, fiddle, mouth harp, kantele, vocals and electronics resonate in a new soundscape. The album is about the conscious and the subconscious &#8211; the worldly and the sacred &#8211; about life and death. The music is Nordic folk, but in a newer form and with a larger sound space to frolic in.<\/p>\n<p class=\"p1\">&#8211; \u201c\u00c6vestaden is fearless. We need the fearless in Norwegian folk music, more than ever. We need new voices. \u00c6vestaden is many new voices in one trio. Anchored in eternity &#8211; pointing forward &#8211; Listen! Just that. Listen. &#8220;- Karl Seglem<\/p>\n<p class=\"p1\">The trio consists of Eir Vatn Str\u00f8m, Levina Stor\u00e5kern and Kenneth Lien &#8211; three musicians who are all multi-instrumentalists. Their varied instrument combinations open up a unique soundscape where timeless harmonies and layers of minimalist motifs creates an open and atmospheric world.<\/p>\n<p><\/p>","protected":false},"excerpt":{"rendered":"<p class=\"qtranxs-available-languages-message qtranxs-available-languages-message-en\">Sorry, this entry is only available in <a href=\"https:\/\/grappa.no\/no\/wp-json\/wp\/v2\/product\/39347\" class=\"qtranxs-available-language-link qtranxs-available-language-link-no\" title=\"Norsk\">Norsk<\/a>.<\/p>\n<p><b>Den svensknorske trioen \u00c6vestaden slipper endelig debutalbumet \u201cIngen Mere Gr\u00e5ter\u201d. Nykomponert og tradisjonell musikk, med gamle og moderne instrumenter, der lyrer, fele, munnharpe, kantele, vokal og elektronikk klinger sammen i et nytt lydbilde. Musikken er alts\u00e5 folkemusikk, men i en nyere form og med et st\u00f8rre klangrom \u00e5 boltre seg i.\u00a0<\/b>\u00a0<\/p>\n","protected":false},"featured_media":39350,"comment_status":"closed","ping_status":"closed","template":"","meta":[],"product_brand":[],"product_cat":[35],"product_tag":[],"class_list":{"0":"post-39347","1":"product","2":"type-product","3":"status-publish","4":"has-post-thumbnail","6":"product_cat-heilo","7":"product_shipping_class-cddvd-shipping","8":"uni_artist_tag-aevestaden","9":"uni_artist_tag-eir-vatn-strom","10":"uni_artist_tag-kenneth-lien","11":"uni_artist_tag-levina-storakern","12":"uni_main_artist_tag-aevestaden","13":"uni_artist_genre-folk-music","14":"uni_artist_genre-traditional-music","16":"first","17":"outofstock","18":"taxable","19":"shipping-taxable","20":"product-type-variable","21":"has-default-attributes"},"_links":{"self":[{"href":"https:\/\/grappa.no\/en\/wp-json\/wp\/v2\/product\/39347","targetHints":{"allow":["GET"]}}],"collection":[{"href":"https:\/\/grappa.no\/en\/wp-json\/wp\/v2\/product"}],"about":[{"href":"https:\/\/grappa.no\/en\/wp-json\/wp\/v2\/types\/product"}],"replies":[{"embeddable":true,"href":"https:\/\/grappa.no\/en\/wp-json\/wp\/v2\/comments?post=39347"}],"wp:featuredmedia":[{"embeddable":true,"href":"https:\/\/grappa.no\/en\/wp-json\/wp\/v2\/media\/39350"}],"wp:attachment":[{"href":"https:\/\/grappa.no\/en\/wp-json\/wp\/v2\/media?parent=39347"}],"wp:term":[{"taxonomy":"product_brand","embeddable":true,"href":"https:\/\/grappa.no\/en\/wp-json\/wp\/v2\/product_brand?post=39347"},{"taxonomy":"product_cat","embeddable":true,"href":"https:\/\/grappa.no\/en\/wp-json\/wp\/v2\/product_cat?post=39347"},{"taxonomy":"product_tag","embeddable":true,"href":"https:\/\/grappa.no\/en\/wp-json\/wp\/v2\/product_tag?post=39347"}],"curies":[{"name":"wp","href":"https:\/\/api.w.org\/{rel}","templated":true}]}}