{"id":39341,"date":"2021-09-24T12:10:31","date_gmt":"2021-09-24T11:10:31","guid":{"rendered":"https:\/\/grappa.no\/?post_type=product&#038;p=39341"},"modified":"2021-09-24T12:32:41","modified_gmt":"2021-09-24T11:32:41","slug":"donninger","status":"publish","type":"product","link":"https:\/\/grappa.no\/en\/albums\/grappa\/donninger\/","title":{"rendered":"D\u00f8nninger"},"content":{"rendered":"<p><\/p>\n<div>Sigrun Loe Sparboe med sitt mest helst\u00f8pte album til n\u00e5!<\/div>\n<div>\n<p>Sigrun Loe Sparboe, visedronningen fra nord, er tilbake med nok et album fylt av nerve og tilstedev\u00e6relse. Albumet &#8220;D\u00f8nninger&#8221; viser en artist i kontinuerlig vekst. Det er fortsatt melodi\u00f8st, tekstene er skrudd enda mer til og har flere lag. &#8220;Det hverdagslige og n\u00e6re f\u00e5r en egen skj\u00f8nnhet n\u00e5r Sigrun forteller sine historier&#8221; har det tidligere v\u00e6rt sagt. Det gjelder ogs\u00e5 denne gang<\/p>\n<\/div>\n<p>&nbsp;<\/p>\n<p><!--more--><\/p>\n<p><\/p>","protected":false},"excerpt":{"rendered":"<p>Sigrun Loe Sparboe med sitt mest helst\u00f8pte album til n\u00e5!<\/p>\n","protected":false},"featured_media":39342,"comment_status":"closed","ping_status":"closed","template":"","meta":[],"product_brand":[],"product_cat":[6],"product_tag":[],"class_list":{"0":"post-39341","1":"product","2":"type-product","3":"status-publish","4":"has-post-thumbnail","6":"product_cat-grappa","7":"product_shipping_class-cddvd-shipping","8":"uni_artist_tag-sigrun-loe-sparboe","9":"uni_main_artist_tag-sigrun-loe-sparboe","10":"uni_artist_genre-pop","11":"uni_artist_genre-viser","13":"first","14":"instock","15":"taxable","16":"shipping-taxable","17":"purchasable","18":"product-type-simple"},"_links":{"self":[{"href":"https:\/\/grappa.no\/en\/wp-json\/wp\/v2\/product\/39341","targetHints":{"allow":["GET"]}}],"collection":[{"href":"https:\/\/grappa.no\/en\/wp-json\/wp\/v2\/product"}],"about":[{"href":"https:\/\/grappa.no\/en\/wp-json\/wp\/v2\/types\/product"}],"replies":[{"embeddable":true,"href":"https:\/\/grappa.no\/en\/wp-json\/wp\/v2\/comments?post=39341"}],"wp:featuredmedia":[{"embeddable":true,"href":"https:\/\/grappa.no\/en\/wp-json\/wp\/v2\/media\/39342"}],"wp:attachment":[{"href":"https:\/\/grappa.no\/en\/wp-json\/wp\/v2\/media?parent=39341"}],"wp:term":[{"taxonomy":"product_brand","embeddable":true,"href":"https:\/\/grappa.no\/en\/wp-json\/wp\/v2\/product_brand?post=39341"},{"taxonomy":"product_cat","embeddable":true,"href":"https:\/\/grappa.no\/en\/wp-json\/wp\/v2\/product_cat?post=39341"},{"taxonomy":"product_tag","embeddable":true,"href":"https:\/\/grappa.no\/en\/wp-json\/wp\/v2\/product_tag?post=39341"}],"curies":[{"name":"wp","href":"https:\/\/api.w.org\/{rel}","templated":true}]}}