{"id":39333,"date":"2021-09-17T00:07:58","date_gmt":"2021-09-16T23:07:58","guid":{"rendered":"https:\/\/grappa.no\/?post_type=product&#038;p=39333"},"modified":"2021-09-17T00:13:24","modified_gmt":"2021-09-16T23:13:24","slug":"imagemagi-urverk-9","status":"publish","type":"product","link":"https:\/\/grappa.no\/en\/albums\/grappa\/imagemagi-urverk-9\/","title":{"rendered":"Imagemagi (URverk 9)"},"content":{"rendered":"<p><\/p>\n<p><!--more--><\/p>\n<p>&nbsp;<\/p>\n<p><\/p>","protected":false},"excerpt":{"rendered":"<p class=\"qtranxs-available-languages-message qtranxs-available-languages-message-en\">Sorry, this entry is only available in <a href=\"https:\/\/grappa.no\/no\/wp-json\/wp\/v2\/product\/39333\" class=\"qtranxs-available-language-link qtranxs-available-language-link-no\" title=\"Norsk\">Norsk<\/a>.<\/p>\n<p class=\"Body\">URverk er en serie p\u00e5 12 utgivelser med l\u00e5ter skrevet og spilt inn i perioden 1977 til og med 1988. Dette er en samling av dr\u00f8mmer, dr\u00f8mmen om \u00e5 bli rockestjerner. N\u00e5 er vi kommet fram til URverk 9 og albumet &#8220;Imagemagi&#8221;.<\/p>\n","protected":false},"featured_media":39334,"comment_status":"closed","ping_status":"closed","template":"","meta":[],"product_brand":[],"product_cat":[6],"product_tag":[],"class_list":{"0":"post-39333","1":"product","2":"type-product","3":"status-publish","4":"has-post-thumbnail","6":"product_cat-grappa","7":"product_shipping_class-cddvd-shipping","8":"uni_main_artist_tag-ulf-risnes","10":"first","11":"instock","12":"taxable","13":"shipping-taxable","14":"purchasable","15":"product-type-simple"},"_links":{"self":[{"href":"https:\/\/grappa.no\/en\/wp-json\/wp\/v2\/product\/39333","targetHints":{"allow":["GET"]}}],"collection":[{"href":"https:\/\/grappa.no\/en\/wp-json\/wp\/v2\/product"}],"about":[{"href":"https:\/\/grappa.no\/en\/wp-json\/wp\/v2\/types\/product"}],"replies":[{"embeddable":true,"href":"https:\/\/grappa.no\/en\/wp-json\/wp\/v2\/comments?post=39333"}],"wp:featuredmedia":[{"embeddable":true,"href":"https:\/\/grappa.no\/en\/wp-json\/wp\/v2\/media\/39334"}],"wp:attachment":[{"href":"https:\/\/grappa.no\/en\/wp-json\/wp\/v2\/media?parent=39333"}],"wp:term":[{"taxonomy":"product_brand","embeddable":true,"href":"https:\/\/grappa.no\/en\/wp-json\/wp\/v2\/product_brand?post=39333"},{"taxonomy":"product_cat","embeddable":true,"href":"https:\/\/grappa.no\/en\/wp-json\/wp\/v2\/product_cat?post=39333"},{"taxonomy":"product_tag","embeddable":true,"href":"https:\/\/grappa.no\/en\/wp-json\/wp\/v2\/product_tag?post=39333"}],"curies":[{"name":"wp","href":"https:\/\/api.w.org\/{rel}","templated":true}]}}