{"id":39320,"date":"2022-02-18T09:24:27","date_gmt":"2022-02-18T08:24:27","guid":{"rendered":"https:\/\/grappa.no\/?post_type=product&#038;p=39320"},"modified":"2024-04-15T13:05:00","modified_gmt":"2024-04-15T12:05:00","slug":"janus","status":"publish","type":"product","link":"https:\/\/grappa.no\/en\/albums\/heilo\/janus\/","title":{"rendered":"Janus"},"content":{"rendered":"<div class=\"\">\n<p class=\"p1\"><span class=\"TextRun SCXW84867942 BCX0\" lang=\"NN-NO\" xml:lang=\"NN-NO\" data-contrast=\"auto\"><span class=\"NormalTextRun SCXW84867942 BCX0\">Annbj\u00f8rg Lien har v\u00e6rt en\u00a0<\/span><span class=\"SpellingError SCXW84867942 BCX0\">ruvende<\/span><span class=\"NormalTextRun SCXW84867942 BCX0\">\u00a0skikkelse\u00a0<\/span><span class=\"SpellingError SCXW84867942 BCX0\">innenfor<\/span><span class=\"NormalTextRun SCXW84867942 BCX0\">\u00a0norsk og internasjonalt musikkliv i\u00a0<\/span><span class=\"SpellingError SCXW84867942 BCX0\">flere<\/span><span class=\"NormalTextRun SCXW84867942 BCX0\">\u00a0ti\u00e5r. Det er f\u00e5 som har gjort like mye for \u00e5 utvikle og formidle bredt den norske folkemusikken i inn-<\/span><span class=\"NormalTextRun SCXW84867942 BCX0\">\u00a0<\/span><span class=\"NormalTextRun SCXW84867942 BCX0\">og utland. I 2019 fullf\u00f8rte hun doktorgraden i h<\/span><span class=\"SpellingError SCXW84867942 BCX0\">ardingfelespill v<\/span><span class=\"NormalTextRun SCXW84867942 BCX0\">ed universitet i Agder, og dette albumet er resultatet av\u00a0<\/span><span class=\"SpellingError SCXW84867942 BCX0\">hva<\/span><span class=\"NormalTextRun SCXW84867942 BCX0\">\u00a0hun\u00a0<\/span><span class=\"SpellingError SCXW84867942 BCX0\">jobbet<\/span><span class=\"NormalTextRun SCXW84867942 BCX0\">\u00a0med \u2013 \u00e5\u00a0<\/span><span class=\"SpellingError SCXW84867942 BCX0\">gj\u00f8re<\/span><span class=\"NormalTextRun SCXW84867942 BCX0\">\u00a0det Annbj\u00f8rg Lien\u00a0<\/span><span class=\"SpellingError SCXW84867942 BCX0\">gj\u00f8r<\/span><span class=\"NormalTextRun SCXW84867942 BCX0\">\u00a0best: utvikle og utforske folkemusikken med full respekt for tradisjonen.\u00a0<\/span><\/span><span class=\"EOP SCXW84867942 BCX0\" data-ccp-props=\"{}\">\u00a0<\/span><\/p>\n<\/div>\n<p><!--more--><\/p>\n<p><span data-contrast=\"auto\">Annbj\u00f8rg sin prosess med \u00e5 komponere nytt materiale som et svar p\u00e5\u00a0tradisjonelle identiteter i hardingfelemusikken,\u00a0fanger en transformasjon som\u00a0kan ligne p\u00e5 Janus sine to ansikter\u2014som knytter fortid til fremtid.<\/span><span data-ccp-props=\"{}\">\u00a0<\/span><\/p>\n<p><i><span data-contrast=\"auto\">\u00abJanus\u00a0er en produksjon som ser b\u00e5de bakover og fremover i tid\u2014fremkaller d\u00f8r\u00e5pninger som kan symbolisere avslutninger og nye begynnelser i en kompositorisk utforskningsprosess.<\/span><\/i><b><i><span data-contrast=\"auto\">\u00bb<\/span><\/i><\/b><span data-ccp-props=\"{}\">\u00a0<\/span><\/p>\n<p><span data-contrast=\"auto\">Albumet er inspirert av Liens gjensyn med folkemusikktradisjonen i Setesdal, Norge. Hun ble i 2020 prosjektleder for UNESCO Setesdal\u00a0<\/span><span data-contrast=\"none\">(Setesdalsfolk),\u00a0<\/span><span data-contrast=\"auto\">og har et spesielt engasjement til denne\u00a0<\/span><span data-contrast=\"none\">tradisjonen.\u00a0P\u00e5\u00a0sitt nye album\u00a0har\u00a0<\/span><span data-contrast=\"auto\">hun definert typiske musikalske kvaliteter, identiteter og signatur-egenskaper i tradisjonelle hardingfele-sl\u00e5tter\u00a0<\/span><span data-contrast=\"none\">som er i bruk i\u00a0Setesdal,\u00a0<\/span><span data-contrast=\"auto\">og tatt utgangspunkt i disse som komposisjonsverkt\u00f8y. Slike musikalske signaturer inneb\u00e6rer ofte instrumentale kvaliteter som kan p\u00e5virke hvordan musikken er organisert.<\/span><span data-ccp-props=\"{}\">\u00a0<\/span><\/p>\n<p><span data-contrast=\"auto\">P\u00e5 denne m\u00e5ten skapes en bevisstgj\u00f8ring b\u00e5de p\u00e5 de tradisjonelle musikalske kvalitetene som har vandret gjennom tiden gjennom muntlig overlevering i\u00a0dens tradisjonelle kontekst, samt ogs\u00e5 p\u00e5 forandringen som oppst\u00e5r gjennom at de definerte musikalske kvalitetene blir brukt p\u00e5 nye m\u00e5ter i ny kontekst.<\/span><span data-ccp-props=\"{}\">\u00a0<\/span><\/p>\n<p><b><span data-contrast=\"auto\">Annbj\u00f8rg Lien<\/span><\/b><span data-contrast=\"auto\">\u00a0har gitt ut syv soloalbum og bidratt p\u00e5 minst 100 album. For sine soloalbum har hun v\u00e6rt nominert til Spellemannprisen hele 5 ganger. Hun har mottatt en rekke priser bade I Norge og I Norden, blant annet\u00a0Gammleng-prisen og Anders Jahres kulturpris.\u00a0<\/span><span data-ccp-props=\"{}\">\u00a0<\/span><\/p>\n","protected":false},"excerpt":{"rendered":"<p>Janus er inspirert av Liens gjensyn med folkemusikktradisjonen i Setesdal.<\/p>\n","protected":false},"featured_media":39321,"comment_status":"closed","ping_status":"closed","template":"","meta":[],"product_brand":[],"product_cat":[35],"product_tag":[],"class_list":{"0":"post-39320","1":"product","2":"type-product","3":"status-publish","4":"has-post-thumbnail","6":"product_cat-heilo","7":"product_shipping_class-cddvd-shipping","8":"uni_artist_tag-annbjorg-lien","9":"uni_artist_tag-bjorn-ole-rasch","10":"uni_artist_tag-jan-inge-nilsen","11":"uni_artist_tag-knut-kvifte-nesheim","12":"uni_artist_tag-knut-reiersrud","13":"uni_artist_tag-mathilde-grooss-viddal","14":"uni_artist_tag-per-elias-drablos","15":"uni_artist_tag-roger-tallroth","16":"uni_artist_tag-tellef-kvifte","17":"uni_main_artist_tag-annbjorg-lien","18":"uni_artist_genre-folk-music","19":"uni_artist_genre-world-music","21":"first","22":"instock","23":"taxable","24":"shipping-taxable","25":"purchasable","26":"product-type-simple"},"_links":{"self":[{"href":"https:\/\/grappa.no\/en\/wp-json\/wp\/v2\/product\/39320","targetHints":{"allow":["GET"]}}],"collection":[{"href":"https:\/\/grappa.no\/en\/wp-json\/wp\/v2\/product"}],"about":[{"href":"https:\/\/grappa.no\/en\/wp-json\/wp\/v2\/types\/product"}],"replies":[{"embeddable":true,"href":"https:\/\/grappa.no\/en\/wp-json\/wp\/v2\/comments?post=39320"}],"wp:featuredmedia":[{"embeddable":true,"href":"https:\/\/grappa.no\/en\/wp-json\/wp\/v2\/media\/39321"}],"wp:attachment":[{"href":"https:\/\/grappa.no\/en\/wp-json\/wp\/v2\/media?parent=39320"}],"wp:term":[{"taxonomy":"product_brand","embeddable":true,"href":"https:\/\/grappa.no\/en\/wp-json\/wp\/v2\/product_brand?post=39320"},{"taxonomy":"product_cat","embeddable":true,"href":"https:\/\/grappa.no\/en\/wp-json\/wp\/v2\/product_cat?post=39320"},{"taxonomy":"product_tag","embeddable":true,"href":"https:\/\/grappa.no\/en\/wp-json\/wp\/v2\/product_tag?post=39320"}],"curies":[{"name":"wp","href":"https:\/\/api.w.org\/{rel}","templated":true}]}}