{"id":39287,"date":"2021-09-03T09:51:48","date_gmt":"2021-09-03T08:51:48","guid":{"rendered":"https:\/\/grappa.no\/?post_type=product&#038;p=39287"},"modified":"2021-09-03T09:54:57","modified_gmt":"2021-09-03T08:54:57","slug":"flukt-2","status":"publish","type":"product","link":"https:\/\/grappa.no\/en\/albums\/heilo\/flukt-2\/","title":{"rendered":"Flukt"},"content":{"rendered":"<p><\/p>\n<p class=\"p2\">Sagene Ring is an urban folk trio that writes music based on real-world events. A true story is found in each song, and this album tells the stories of the refugees who travel across the Mediterranean, trying to build a new life in Europe and Norway. For Sagene Ring, music is an important tool that can be used to convey relevant issues of today, which on this album deals with the refugee crisis.<\/p>\n<p><!--more--><\/p>\n<p class=\"p1\"><b>Real stories<\/b><\/p>\n<p class=\"p2\">Erik Fosse has written all the songs which are based on his own experiences from working as a doctor with refugees in several countries, especially in the Middle East. The songs are written with respect and admiration for the people who had to give up their life in the place they grew up and started a new life in a foreign culture. They risk a lot to create a future for themselves and their family. Many of them also risk their life.<\/p>\n<p class=\"p2\">The songs are based on individuals&#8217; own stories and interviews in different media. Many of these interviews are found in TV shows produced by the Norwegian Broadcasting Corporation (NRK), who made multiple programs concerning people on the run. The lyrics of \u00abLeo g\u00e5r i trappen\u00bb, \u00abKostas Pinteris\u00bb, \u00abSambujang\u00bb, \u00abSj\u00e5f\u00f8ren\u00bb, \u00abForbudte dr\u00f8mmer\u00bb and \u00abHjemme er der hvor du er trygg\u00bb are based on the TV show &#8220;Flukt&#8221; from 2017, hosted by Leo Ajkic. Likewise, the lyrics of \u00abTrandum\u00bb are based on the TV program \u00abHelene sjekker inn\u00bb, shown on NRK in 2017. This concerns Trandum Camp, a Norwegian institution intended for asylum seekers who have had their applications rejected. The lyrics of \u00abAuberginer og Squash\u00bb are based on interviews and stories in the Program \u00abCeuta i Marokko\u00bb from the TV show \u00abMediterranean\u00bb, produced by BBC and shown on NRK in 2019 with Simon Reeve as a host. The lyrics of \u00abDe kom inn i rommet med skoene p\u00e5\u00bb are based on a repost in Lofotposten in 2019 about Ahmad Charafeddine and his family.<\/p>\n<p class=\"p1\"><b>Sagene Ring<\/b><\/p>\n<p class=\"p2\">Sagene Ring was established in 1988 and consists of Erik Fosse (vocal, guitar, and harmonica), Petter Udland Johansen (vocal, mandolin, and fiddle), and Per David Martinsen (vocal, chorus, and double bass). The band released their first album called \u00abRett opp fra elva\u00bb in 1997, second album \u00abSporskift\u00bb in 2000, \u00abNattas fl\u00f8yel blir til st\u00e5l\u00bb in 2013, and now their fourth album called \u00abFlukt\u00bb in 2021. All of the albums are released on the folk music label, Heilo. Musicians like Sveinung Lilleheier (guitars, dobro, and sandur), Trond Nagell Dahl (accordion, piano, and organ), Arnfinn Bergrabb (percussion), and Arianna Savall (harp on track 1) are also participating in this album.<span class=\"Apple-converted-space\">\u00a0<\/span><\/p>\n<p><\/p>","protected":false},"excerpt":{"rendered":"<p>Sagene Ring har alltid skrevet musikk som tar utgangspunkt i den virkelige verden. Bak hver l\u00e5t ligger det en sann historie, og p\u00e5 dette albumet fortelles det om flyktningene som reiser over Middelhavet og pr\u00f8ver \u00e5 bygge et nytt liv i Europa og i Norge. For Sagene Ring er det viktig at musikken kan brukes til \u00e5 formidle dagsaktuelle temaer, som p\u00e5 denne platen omhandler flyktningsproblematikken.<\/p>\n","protected":false},"featured_media":39238,"comment_status":"closed","ping_status":"closed","template":"","meta":[],"product_brand":[],"product_cat":[35],"product_tag":[],"class_list":{"0":"post-39287","1":"product","2":"type-product","3":"status-publish","4":"has-post-thumbnail","6":"product_cat-heilo","7":"product_shipping_class-cddvd-shipping","8":"uni_artist_tag-arianna-savall","9":"uni_artist_tag-arnfinn-bergrabb","10":"uni_artist_tag-erik-fosse","11":"uni_artist_tag-per-david-martinsen","12":"uni_artist_tag-petter-udland-johansen","13":"uni_artist_tag-sveinung-lilleheier","14":"uni_artist_tag-trond-nagell-dahl","15":"uni_main_artist_tag-sagene-ring","16":"uni_artist_genre-folkemusikk","17":"uni_artist_genre-urban-folk","18":"uni_artist_genre-viser","20":"first","21":"instock","22":"taxable","23":"shipping-taxable","24":"purchasable","25":"product-type-simple"},"_links":{"self":[{"href":"https:\/\/grappa.no\/en\/wp-json\/wp\/v2\/product\/39287","targetHints":{"allow":["GET"]}}],"collection":[{"href":"https:\/\/grappa.no\/en\/wp-json\/wp\/v2\/product"}],"about":[{"href":"https:\/\/grappa.no\/en\/wp-json\/wp\/v2\/types\/product"}],"replies":[{"embeddable":true,"href":"https:\/\/grappa.no\/en\/wp-json\/wp\/v2\/comments?post=39287"}],"wp:featuredmedia":[{"embeddable":true,"href":"https:\/\/grappa.no\/en\/wp-json\/wp\/v2\/media\/39238"}],"wp:attachment":[{"href":"https:\/\/grappa.no\/en\/wp-json\/wp\/v2\/media?parent=39287"}],"wp:term":[{"taxonomy":"product_brand","embeddable":true,"href":"https:\/\/grappa.no\/en\/wp-json\/wp\/v2\/product_brand?post=39287"},{"taxonomy":"product_cat","embeddable":true,"href":"https:\/\/grappa.no\/en\/wp-json\/wp\/v2\/product_cat?post=39287"},{"taxonomy":"product_tag","embeddable":true,"href":"https:\/\/grappa.no\/en\/wp-json\/wp\/v2\/product_tag?post=39287"}],"curies":[{"name":"wp","href":"https:\/\/api.w.org\/{rel}","templated":true}]}}