{"id":39282,"date":"2021-09-02T23:19:13","date_gmt":"2021-09-02T22:19:13","guid":{"rendered":"https:\/\/grappa.no\/?post_type=product&#038;p=39282"},"modified":"2023-06-19T18:05:09","modified_gmt":"2023-06-19T17:05:09","slug":"tchaikovsky-serenade-violin-concerto-kraggerud-ragnarok-the-suns-daughter-arctic-philharmonic-christian-kluxen","status":"publish","type":"product","link":"https:\/\/grappa.no\/en\/albums\/simax-classics\/tchaikovsky-serenade-violin-concerto-kraggerud-ragnarok-the-suns-daughter-arctic-philharmonic-christian-kluxen\/","title":{"rendered":"Tchaikovsky: Serenade, Violin Concerto. Kraggerud: Ragnarok \/The sun\u2019s daughter &#8211; Arctic Philharmonic \/ Christian Kluxen"},"content":{"rendered":"<p><\/p>\n<p>Selv etter en global krise vil vi kunne se lys. Alt g\u00e5r over, som vi har l\u00e6rt oss \u00e5 si det siste \u00e5ret.<\/p>\n<p>Til og med etter Ragnarok \u2013 verdens undergang i norr\u00f8n mytologi \u2013 skal solen f\u00f8de en datter og verden igjen bli varm. En ny generasjon \u00e6ser og mennesker skal oppst\u00e5, og undergangen er dermed ogs\u00e5 starten p\u00e5 en ny tid.<\/p>\n<p>Den internasjonalt bejublede fiolinvirtuosen, kunstneriske lederen og komponisten Henning Kraggerud har til dette albumet komponert et verk som tar for seg nettopp dette temaet;\u00a0<em>Ragnarok\/The Sun\u00b4s daughter<\/em>.<\/p>\n<p>&nbsp;<\/p>\n<p><!--more--><\/p>\n<p>Selv etter en global krise vil vi kunne se lys. Alt g\u00e5r over, som vi har l\u00e6rt oss \u00e5 si det siste \u00e5ret.<\/p>\n<p>Til og med etter Ragnarok \u2013 verdens undergang i norr\u00f8n mytologi \u2013 skal solen f\u00f8de en datter og verden igjen bli varm. En ny generasjon \u00e6ser og mennesker skal oppst\u00e5, og undergangen er dermed ogs\u00e5 starten p\u00e5 en ny tid.<\/p>\n<p>Den internasjonalt bejublede fiolinvirtuosen, kunstneriske lederen og komponisten Henning Kraggerud har til dette albumet komponert et verk som tar for seg nettopp dette temaet;\u00a0<em>Ragnarok\/The Sun\u00b4s daughter<\/em>.<\/p>\n<p><!--more--><\/p>\n<p>I booklet\u00b4en stiller Kraggerud sp\u00f8rsm\u00e5let:<\/p>\n<p><em>\u00abIf we ever go looking for a new sun, would we bring Tchaikovsky with us on this journey, so that he might also survive the end of our world?\u00bb<\/em><\/p>\n<p>For det er Tsjaikovsky det handler mest om p\u00e5 dette rykende ferske albumet fra Arktisk Filharmoni. Hans fantastiske\u00a0<em>Fiolinkonsert i D-dur<\/em>, med Kraggerud som solist \u2013 og den vakre\u00a0<em>Serenaden<\/em>\u00a0Tsjaikovsky skrev i \u00e5rene mens han ventet p\u00e5 at noen i det hele tatt ville spille fiolinkonserten offentlig.<\/p>\n<p>P\u00e5 dette albumet f\u00e5r Arktisk Filharmoni virkelig vist sine styrker, ikke bare som sv\u00e6rt gode musikere og kunstneriske ledere, men ogs\u00e5 demonstrert allsidigheten i m\u00e5ten orkesterorganisasjonen er bygget opp.<\/p>\n<p>Med ett ensemble i Bod\u00f8 og ett i Troms\u00f8 som begge spiller ukentlige konserter i hver sin by \u2013 og som samles 8-10 ganger i \u00e5ret for \u00e5 utgj\u00f8re et symfoniorkester \u2013 f\u00e5r organisasjonen til fulle synliggjort hvor avgj\u00f8rende fleksibilitet og nytenkende organisering er.<\/p>\n<p>Her f\u00e5r du f\u00f8rst h\u00f8re kammerorkesteret fra polarbyen Troms\u00f8, hvor Henning Kraggerud er kunstnerisk leder, spille Tsjaikovskys\u00a0<em>Serenade<\/em>.<\/p>\n<p>S\u00e5 kommer hans egen komposisjon\u00a0<em>Ragnarok\/The Sun\u00b4s daughter\u00a0<\/em>spilt av det samme ensemblet, f\u00f8r det store symfoniorkesteret \u2013 med musikerne fra begge byer \u2013 g\u00e5r sammen med sjefdirigent Christian Kluxen og spiller Tsjaikovskys\u00a0<em>Fiolinkonsert i D-dur, Op. 35<\/em>. Med Kraggerud som solist.<\/p>\n<p><\/p>","protected":false},"excerpt":{"rendered":"<p>Tchaikovsky: Serenade, Violin Concerto. Kraggerud: Ragnarok \/The sun\u2019s daughter &#8211; Arctic Philharmonic \/ Christian Kluxen<\/p>\n","protected":false},"featured_media":39283,"comment_status":"closed","ping_status":"closed","template":"","meta":[],"product_brand":[],"product_cat":[180],"product_tag":[7840],"class_list":{"0":"post-39282","1":"product","2":"type-product","3":"status-publish","4":"has-post-thumbnail","6":"product_cat-simax-classics","7":"product_tag-arctic-philharmonic","8":"product_shipping_class-cddvd-shipping","9":"uni_artist_tag-arctic-philharmonic","10":"uni_main_artist_tag-arctic-philharmonic","12":"first","13":"instock","14":"taxable","15":"shipping-taxable","16":"purchasable","17":"product-type-simple"},"_links":{"self":[{"href":"https:\/\/grappa.no\/en\/wp-json\/wp\/v2\/product\/39282","targetHints":{"allow":["GET"]}}],"collection":[{"href":"https:\/\/grappa.no\/en\/wp-json\/wp\/v2\/product"}],"about":[{"href":"https:\/\/grappa.no\/en\/wp-json\/wp\/v2\/types\/product"}],"replies":[{"embeddable":true,"href":"https:\/\/grappa.no\/en\/wp-json\/wp\/v2\/comments?post=39282"}],"wp:featuredmedia":[{"embeddable":true,"href":"https:\/\/grappa.no\/en\/wp-json\/wp\/v2\/media\/39283"}],"wp:attachment":[{"href":"https:\/\/grappa.no\/en\/wp-json\/wp\/v2\/media?parent=39282"}],"wp:term":[{"taxonomy":"product_brand","embeddable":true,"href":"https:\/\/grappa.no\/en\/wp-json\/wp\/v2\/product_brand?post=39282"},{"taxonomy":"product_cat","embeddable":true,"href":"https:\/\/grappa.no\/en\/wp-json\/wp\/v2\/product_cat?post=39282"},{"taxonomy":"product_tag","embeddable":true,"href":"https:\/\/grappa.no\/en\/wp-json\/wp\/v2\/product_tag?post=39282"}],"curies":[{"name":"wp","href":"https:\/\/api.w.org\/{rel}","templated":true}]}}