{"id":39267,"date":"2021-08-27T10:55:35","date_gmt":"2021-08-27T09:55:35","guid":{"rendered":"https:\/\/grappa.no\/?post_type=product&#038;p=39267"},"modified":"2021-09-02T23:14:52","modified_gmt":"2021-09-02T22:14:52","slug":"the-civilized-life","status":"publish","type":"product","link":"https:\/\/grappa.no\/en\/albums\/blue-mood-records\/the-civilized-life\/","title":{"rendered":"The Civilized Life"},"content":{"rendered":"<p><\/p>\n<p>Reunion and new album with Vidar Busk &amp; His True Believers.<\/p>\n<p><!--more--><\/p>\n<p>It is almost 25 years since the singer and guitarist Vidar Busk became Norway&#8217;s most talked about and celebrated blues artist for his debut album Stompin &#8216;Our Feet With Joy (1997). With Norway&#8217;s most famous international blues star Kid Andersen as producer, The Civilized Life delivers both fully T-Birds-inspired, swinging blues, soulful ballads, and red-hot guitar playing<\/p>\n<p>Sometimes the line between genius and madness gets blurred \u2013 sometimes, it almost disappears. They say what doesn\u2019t kill you makes you stronger. That makes for a neat bumper sticker, and unfortunately, it\u2019s not always the case, but luckily for the music world, it\u2019s absolutely true for Vidar Busk.<\/p>\n<p>Here he is in 2021 \u2013 100 % raw and utterly confident. His vocals, vulnerable and unashamed, walk the tight-rope between wounded and ecstatically crazed. His instrument virtuosity is so much a part of him that the execution of chops long ago became an afterthought. Instead, his guitar playing travels in a seamless conduit, straight from the expansive emotional pallet of his soul and directly to the listeners\u2019 ears and hearts.<\/p>\n<p>This project, produced by an old friend, the award-winning Kid Andersen, reunites Vidar Busk &amp; His True Believers with Norwegian Blues titan, multi-instrumentalist, and co-producer Johhny Aguland, who was a key ingredient during the band\u2019s heyday at the end of the 20<sup>th<\/sup> century. Original True Believers Rune Endal on bass and Arne Fjeld Rasmussen on the harp are joined by world-renowned drummer Alex Pettersen to form Vidar Busk\u2019s strongest unit to date.<\/p>\n<p>The material is not only solid, but you can also feel that the man has lived every word he sings on this album. This masterful and mature comeback statement is truly the crowning achievement of Vidar Busk\u2019s already legendary career.<\/p>\n<p><\/p>","protected":false},"excerpt":{"rendered":"<p>Fans av Vidar Busk &amp; His True Believers kan vente seg b\u00e5de fullt T-Birds-inspirert \u00f8s, svingende blues, sjelfulle ballader og r\u00f8dgl\u00f8dende gitarspill!<\/p>\n","protected":false},"featured_media":39271,"comment_status":"closed","ping_status":"closed","template":"","meta":[],"product_brand":[],"product_cat":[51],"product_tag":[],"class_list":{"0":"post-39267","1":"product","2":"type-product","3":"status-publish","4":"has-post-thumbnail","6":"product_cat-blue-mood-records","7":"product_shipping_class-cddvd-shipping","8":"uni_main_artist_tag-vidar-busk-his-true-believers","9":"uni_artist_genre-blues","10":"uni_artist_genre-rock","12":"first","13":"instock","14":"taxable","15":"shipping-taxable","16":"purchasable","17":"product-type-simple"},"_links":{"self":[{"href":"https:\/\/grappa.no\/en\/wp-json\/wp\/v2\/product\/39267","targetHints":{"allow":["GET"]}}],"collection":[{"href":"https:\/\/grappa.no\/en\/wp-json\/wp\/v2\/product"}],"about":[{"href":"https:\/\/grappa.no\/en\/wp-json\/wp\/v2\/types\/product"}],"replies":[{"embeddable":true,"href":"https:\/\/grappa.no\/en\/wp-json\/wp\/v2\/comments?post=39267"}],"wp:featuredmedia":[{"embeddable":true,"href":"https:\/\/grappa.no\/en\/wp-json\/wp\/v2\/media\/39271"}],"wp:attachment":[{"href":"https:\/\/grappa.no\/en\/wp-json\/wp\/v2\/media?parent=39267"}],"wp:term":[{"taxonomy":"product_brand","embeddable":true,"href":"https:\/\/grappa.no\/en\/wp-json\/wp\/v2\/product_brand?post=39267"},{"taxonomy":"product_cat","embeddable":true,"href":"https:\/\/grappa.no\/en\/wp-json\/wp\/v2\/product_cat?post=39267"},{"taxonomy":"product_tag","embeddable":true,"href":"https:\/\/grappa.no\/en\/wp-json\/wp\/v2\/product_tag?post=39267"}],"curies":[{"name":"wp","href":"https:\/\/api.w.org\/{rel}","templated":true}]}}