{"id":39248,"date":"2021-09-17T08:28:23","date_gmt":"2021-09-17T07:28:23","guid":{"rendered":"https:\/\/grappa.no\/?post_type=product&#038;p=39248"},"modified":"2025-06-13T14:02:53","modified_gmt":"2025-06-13T13:02:53","slug":"trad","status":"publish","type":"product","link":"https:\/\/grappa.no\/en\/albums\/heilo\/trad\/","title":{"rendered":"Trad"},"content":{"rendered":"<p class=\"p1\"><b>\u00abTrad\u00bb oppsummerer h\u00e5ndverket bandet har finslipt i over 30 \u00e5r. Medlemmene er hver for seg godt plantet b\u00e5de i den svenske tradisjonsmusikken s\u00e5 vel som i rock og jazz, en kombinasjon som har overbevist et bredt publikum over hele verden med smittende grooves og virtuost spill.<span class=\"Apple-converted-space\">\u00a0<\/span><\/b><\/p>\n<p><!--more--><\/p>\n<p class=\"p1\">Albumet gir deg det s\u00e6regne materialet Hoven Droven har formidlet i en \u00e5rrekke. Her vil du blant annet f\u00e5 folkrockdisco, hardrockene brudemarsjer og vemodige, nedtonede valser. Alt til \u00e6re for alle spellemenn og tradisjonsb\u00e6rere som har tr\u00e5kket opp l\u00f8ypa f\u00f8r dem:<span class=\"Apple-converted-space\">\u00a0<\/span><\/p>\n<p class=\"p1\"><i>&#8220;I omslaget till v\u00e5r nya platta tackar vi alla spelm\u00e4n som har burit, och fortfarande b\u00e4r, den svenska l\u00e5ttraditionen. Efter 30 \u00e5r tillsammans v\u00e5gar vi sl\u00e4ppa en platta med titeln &#8220;Trad&#8221;, en f\u00f6rkortning av &#8220;Traditionell&#8221;, trots att de flesta l\u00e5tar p\u00e5 plattan \u00e4r nyskrivna. Kanske blir dessa l\u00e5tar en dag del av den rika svenska traditionen av l\u00e5tar som vi sj\u00e4lva inspirerats av. Vi \u00e4r v\u00e4ldigt stolta \u00f6ver den h\u00e4r skivan&#8221;. Kjell-Erik, Jens, Bj\u00f6rn, Pedro &amp; Bo<\/i><\/p>\n<p class=\"p1\"><b>Hoven Droven<\/b> har gjort tusentalls spillejobber i Europa og Nord-Amerika. Deres spesielle tolkninger av tradisjonell svensk folkemusikk har gitt bandet tusentalls fans over hele verden. P\u00e5 folkemusikkfestivaler, jazzklubber, rockeklubber og andre scener har man, med f\u00f8ttene like godt plantet i den svenske meloditradisjonen som i rocken og jazzen, overbevist publikum med sin smittende groove og sitt virtuose spill.<span class=\"Apple-converted-space\">\u00a0<\/span><\/p>\n<p class=\"p1\">Bandet har samarbeidet med symfoniorkestre, kor, dansere, ildkunstnerne Burnt Out Punks og s\u00e5 forskjellige svenske artister som E-Type, Ebba Forsberg, Thore Skogman og Stefan Sundstr\u00f6m. Hoven Droven har siden starten i 1991 sluppet 7 studioalbum, samt liveplaten \u00abJumping at the Cedar\u00bb, innspilt i Minneapolis og nominert til svensk Grammis 2007.<\/p>\n","protected":false},"excerpt":{"rendered":"<p><b>\u00abTrad\u00bb oppsummerer h\u00e5ndverket bandet har finslipt i over 30 \u00e5r. Medlemmene er hver for seg godt plantet b\u00e5de i den svenske tradisjonsmusikken s\u00e5 vel som i rock og jazz, en kombinasjon som har overbevist et bredt publikum over hele verden med smittende grooves og virtuost spill. <\/b><\/p>\n","protected":false},"featured_media":39232,"comment_status":"closed","ping_status":"closed","template":"","meta":[],"product_brand":[],"product_cat":[35],"product_tag":[],"class_list":{"0":"post-39248","1":"product","2":"type-product","3":"status-publish","4":"has-post-thumbnail","6":"product_cat-heilo","7":"product_shipping_class-cddvd-shipping","8":"uni_artist_tag-bjorn-hoglund","9":"uni_artist_tag-bo-lindberg","10":"uni_artist_tag-jens-comen","11":"uni_artist_tag-kjell-erik-eriksson","12":"uni_artist_tag-pedro-blom","13":"uni_main_artist_tag-hoven-droven","14":"uni_artist_genre-folk-music","15":"uni_artist_genre-folk-rock","17":"first","18":"instock","19":"taxable","20":"shipping-taxable","21":"purchasable","22":"product-type-variable","23":"has-default-attributes"},"_links":{"self":[{"href":"https:\/\/grappa.no\/en\/wp-json\/wp\/v2\/product\/39248","targetHints":{"allow":["GET"]}}],"collection":[{"href":"https:\/\/grappa.no\/en\/wp-json\/wp\/v2\/product"}],"about":[{"href":"https:\/\/grappa.no\/en\/wp-json\/wp\/v2\/types\/product"}],"replies":[{"embeddable":true,"href":"https:\/\/grappa.no\/en\/wp-json\/wp\/v2\/comments?post=39248"}],"wp:featuredmedia":[{"embeddable":true,"href":"https:\/\/grappa.no\/en\/wp-json\/wp\/v2\/media\/39232"}],"wp:attachment":[{"href":"https:\/\/grappa.no\/en\/wp-json\/wp\/v2\/media?parent=39248"}],"wp:term":[{"taxonomy":"product_brand","embeddable":true,"href":"https:\/\/grappa.no\/en\/wp-json\/wp\/v2\/product_brand?post=39248"},{"taxonomy":"product_cat","embeddable":true,"href":"https:\/\/grappa.no\/en\/wp-json\/wp\/v2\/product_cat?post=39248"},{"taxonomy":"product_tag","embeddable":true,"href":"https:\/\/grappa.no\/en\/wp-json\/wp\/v2\/product_tag?post=39248"}],"curies":[{"name":"wp","href":"https:\/\/api.w.org\/{rel}","templated":true}]}}