{"id":39133,"date":"2021-05-28T08:00:36","date_gmt":"2021-05-28T07:00:36","guid":{"rendered":"https:\/\/grappa.no\/?post_type=product&#038;p=39133"},"modified":"2021-05-27T10:18:47","modified_gmt":"2021-05-27T09:18:47","slug":"7045-urverk-5","status":"publish","type":"product","link":"https:\/\/grappa.no\/en\/albums\/grappa\/7045-urverk-5\/","title":{"rendered":"7045 (URverk 5)"},"content":{"rendered":"<p><\/p>\n<p><!--more--><\/p>\n<p>&nbsp;<\/p>\n<p><\/p>","protected":false},"excerpt":{"rendered":"<p class=\"qtranxs-available-languages-message qtranxs-available-languages-message-en\">Sorry, this entry is only available in <a href=\"https:\/\/grappa.no\/no\/wp-json\/wp\/v2\/product\/39133\" class=\"qtranxs-available-language-link qtranxs-available-language-link-no\" title=\"Norsk\">Norsk<\/a>.<\/p>\n<p class=\"Body\">URverk er en serie p\u00e5 12 utgivelser med l\u00e5ter skrevet og spilt inn i perioden 1977 til og med 1988. Dette er en samling av dr\u00f8mmer, dr\u00f8mmen om \u00e5 bli rockestjerner. N\u00e5 er vi kommet fram til URverk 5, og alle l\u00e5tene p\u00e5 dette albumet er skrevet i 1980.<\/p>\n","protected":false},"featured_media":39134,"comment_status":"closed","ping_status":"closed","template":"","meta":[],"product_brand":[],"product_cat":[6],"product_tag":[],"class_list":{"0":"post-39133","1":"product","2":"type-product","3":"status-publish","4":"has-post-thumbnail","6":"product_cat-grappa","7":"product_shipping_class-cddvd-shipping","8":"uni_artist_tag-ulf-risnes","9":"uni_main_artist_tag-ulf-risnes","10":"uni_artist_genre-norsk-pop","11":"uni_artist_genre-rock","13":"first","14":"instock","15":"taxable","16":"shipping-taxable","17":"purchasable","18":"product-type-simple"},"_links":{"self":[{"href":"https:\/\/grappa.no\/en\/wp-json\/wp\/v2\/product\/39133","targetHints":{"allow":["GET"]}}],"collection":[{"href":"https:\/\/grappa.no\/en\/wp-json\/wp\/v2\/product"}],"about":[{"href":"https:\/\/grappa.no\/en\/wp-json\/wp\/v2\/types\/product"}],"replies":[{"embeddable":true,"href":"https:\/\/grappa.no\/en\/wp-json\/wp\/v2\/comments?post=39133"}],"wp:featuredmedia":[{"embeddable":true,"href":"https:\/\/grappa.no\/en\/wp-json\/wp\/v2\/media\/39134"}],"wp:attachment":[{"href":"https:\/\/grappa.no\/en\/wp-json\/wp\/v2\/media?parent=39133"}],"wp:term":[{"taxonomy":"product_brand","embeddable":true,"href":"https:\/\/grappa.no\/en\/wp-json\/wp\/v2\/product_brand?post=39133"},{"taxonomy":"product_cat","embeddable":true,"href":"https:\/\/grappa.no\/en\/wp-json\/wp\/v2\/product_cat?post=39133"},{"taxonomy":"product_tag","embeddable":true,"href":"https:\/\/grappa.no\/en\/wp-json\/wp\/v2\/product_tag?post=39133"}],"curies":[{"name":"wp","href":"https:\/\/api.w.org\/{rel}","templated":true}]}}