{"id":39101,"date":"2021-04-30T08:49:42","date_gmt":"2021-04-30T07:49:42","guid":{"rendered":"https:\/\/grappa.no\/?post_type=product&#038;p=39101"},"modified":"2021-04-30T09:08:31","modified_gmt":"2021-04-30T08:08:31","slug":"wrong-side-of-the-river-urverk-4","status":"publish","type":"product","link":"https:\/\/grappa.no\/en\/albums\/grappa\/wrong-side-of-the-river-urverk-4\/","title":{"rendered":"Wrong Side of The River (URverk 4)"},"content":{"rendered":"<p><\/p>\n<p><!--more--><\/p>\n<p>&nbsp;<\/p>\n<p><\/p>","protected":false},"excerpt":{"rendered":"<p class=\"qtranxs-available-languages-message qtranxs-available-languages-message-en\">Sorry, this entry is only available in <a href=\"https:\/\/grappa.no\/no\/wp-json\/wp\/v2\/product\/39101\" class=\"qtranxs-available-language-link qtranxs-available-language-link-no\" title=\"Norsk\">Norsk<\/a>.<\/p>\n<p class=\"Body\">URverk er en serie p\u00e5 12 utgivelser med l\u00e5ter skrevet og spilt inn i perioden 1977 til og med 1988. Dette er en samling av dr\u00f8mmer, dr\u00f8mmen om \u00e5 bli rockestjerner. N\u00e5 er vi kommet fram til URverk 4, \u00e5ret er 1979, og her m\u00f8ter vi THE Gurgles, for her synges det p\u00e5 engelsk!<\/p>\n","protected":false},"featured_media":39102,"comment_status":"closed","ping_status":"closed","template":"","meta":[],"product_brand":[],"product_cat":[6],"product_tag":[],"class_list":{"0":"post-39101","1":"product","2":"type-product","3":"status-publish","4":"has-post-thumbnail","6":"product_cat-grappa","7":"product_shipping_class-cddvd-shipping","8":"uni_artist_genre-norsk","9":"uni_artist_genre-pop","10":"uni_artist_genre-rock","12":"first","13":"instock","14":"taxable","15":"shipping-taxable","16":"purchasable","17":"product-type-simple"},"_links":{"self":[{"href":"https:\/\/grappa.no\/en\/wp-json\/wp\/v2\/product\/39101","targetHints":{"allow":["GET"]}}],"collection":[{"href":"https:\/\/grappa.no\/en\/wp-json\/wp\/v2\/product"}],"about":[{"href":"https:\/\/grappa.no\/en\/wp-json\/wp\/v2\/types\/product"}],"replies":[{"embeddable":true,"href":"https:\/\/grappa.no\/en\/wp-json\/wp\/v2\/comments?post=39101"}],"wp:featuredmedia":[{"embeddable":true,"href":"https:\/\/grappa.no\/en\/wp-json\/wp\/v2\/media\/39102"}],"wp:attachment":[{"href":"https:\/\/grappa.no\/en\/wp-json\/wp\/v2\/media?parent=39101"}],"wp:term":[{"taxonomy":"product_brand","embeddable":true,"href":"https:\/\/grappa.no\/en\/wp-json\/wp\/v2\/product_brand?post=39101"},{"taxonomy":"product_cat","embeddable":true,"href":"https:\/\/grappa.no\/en\/wp-json\/wp\/v2\/product_cat?post=39101"},{"taxonomy":"product_tag","embeddable":true,"href":"https:\/\/grappa.no\/en\/wp-json\/wp\/v2\/product_tag?post=39101"}],"curies":[{"name":"wp","href":"https:\/\/api.w.org\/{rel}","templated":true}]}}