{"id":39017,"date":"2021-04-09T01:00:28","date_gmt":"2021-04-09T00:00:28","guid":{"rendered":"https:\/\/grappa.no\/?post_type=product&#038;p=39017"},"modified":"2021-04-08T23:47:04","modified_gmt":"2021-04-08T22:47:04","slug":"almanakk","status":"publish","type":"product","link":"https:\/\/grappa.no\/en\/albums\/grappa\/almanakk\/","title":{"rendered":"Almanakk"},"content":{"rendered":"<p><\/p>\n<p>Rem &amp; Rem with new album \u2013 the family project. Author and musician, father and son, have toured the country for ten years with concerts consisting of strong poetry and music. \u201cAlmanakk\u201d is the sequel to the debut album \u201cHustavler\u201d. This time they have also brought their daughter and sister, Dina on backing vocals, and the album has become a bit of a family projet<\/p>\n<p><!--more--><\/p>\n<p>&nbsp;<\/p>\n<p><\/p>","protected":false},"excerpt":{"rendered":"<p>Rem &amp; Rem med nytt album &#8211; familieprosjektet! Forfatter og musiker, far og s\u00f8nn, har i hele ti \u00e5r turnert landet med konserter best\u00e5ende av sterk lyrikk og musikk. H\u00e5vard og Simen Rem utgir albumet \u201cAlmanakk\u201d &#8211; oppf\u00f8lgeren til debutalbumet \u201cHustavler\u201d. Denne gangen har de ogs\u00e5 f\u00e5tt med seg datter og s\u00f8ster Dina p\u00e5 kor og albumet har dermed blitt litt av et familieprosjekt!<\/p>\n","protected":false},"featured_media":39018,"comment_status":"closed","ping_status":"closed","template":"","meta":[],"product_brand":[],"product_cat":[6],"product_tag":[],"class_list":{"0":"post-39017","1":"product","2":"type-product","3":"status-publish","4":"has-post-thumbnail","6":"product_cat-grappa","7":"product_shipping_class-cddvd-shipping","8":"uni_main_artist_tag-rem-rem","9":"uni_artist_genre-lyrikk","10":"uni_artist_genre-singer-songwriter","11":"uni_artist_genre-viser","13":"first","14":"instock","15":"taxable","16":"shipping-taxable","17":"purchasable","18":"product-type-simple"},"_links":{"self":[{"href":"https:\/\/grappa.no\/en\/wp-json\/wp\/v2\/product\/39017","targetHints":{"allow":["GET"]}}],"collection":[{"href":"https:\/\/grappa.no\/en\/wp-json\/wp\/v2\/product"}],"about":[{"href":"https:\/\/grappa.no\/en\/wp-json\/wp\/v2\/types\/product"}],"replies":[{"embeddable":true,"href":"https:\/\/grappa.no\/en\/wp-json\/wp\/v2\/comments?post=39017"}],"wp:featuredmedia":[{"embeddable":true,"href":"https:\/\/grappa.no\/en\/wp-json\/wp\/v2\/media\/39018"}],"wp:attachment":[{"href":"https:\/\/grappa.no\/en\/wp-json\/wp\/v2\/media?parent=39017"}],"wp:term":[{"taxonomy":"product_brand","embeddable":true,"href":"https:\/\/grappa.no\/en\/wp-json\/wp\/v2\/product_brand?post=39017"},{"taxonomy":"product_cat","embeddable":true,"href":"https:\/\/grappa.no\/en\/wp-json\/wp\/v2\/product_cat?post=39017"},{"taxonomy":"product_tag","embeddable":true,"href":"https:\/\/grappa.no\/en\/wp-json\/wp\/v2\/product_tag?post=39017"}],"curies":[{"name":"wp","href":"https:\/\/api.w.org\/{rel}","templated":true}]}}