{"id":38771,"date":"2021-03-26T09:00:25","date_gmt":"2021-03-26T08:00:25","guid":{"rendered":"https:\/\/grappa.no\/?post_type=product&#038;p=38771"},"modified":"2021-03-26T09:44:50","modified_gmt":"2021-03-26T08:44:50","slug":"ei-kasse-pils-urverk-3","status":"publish","type":"product","link":"https:\/\/grappa.no\/en\/albums\/grappa\/ei-kasse-pils-urverk-3\/","title":{"rendered":"Ei kasse pils (URverk 3)"},"content":{"rendered":"<p><\/p>\n<p class=\"Body\">URverk er en serie p\u00e5 12 utgivelser med l\u00e5ter skrevet og spilt inn i perioden 1977 til og med 1988. Dette er en samling av dr\u00f8mmer, dr\u00f8mmen om \u00e5 bli rockestjerner. N\u00e5 er vi kommet fram til URverk 3, \u00e5ret er 1979, og her blir vi introdusert for det Gurgles!<\/p>\n<p><!--more--><\/p>\n<p>Hver mandag kveld brukte mora mi \u00e5 kj\u00f8re ned til byen for \u00e5 spille bridge. Dermed kunne jeg dra inn noen kompiser for \u00e5 lage og spill inn en sang, s\u00e5 en pizza og til slutt se mandagsfilmen. En av de som var med mest var en kompis som bodde i naboblokka. Han het Sola Johnsen, og skulle vise seg \u00e5 bli en brukbar trommis etter hvert i gruppa DumDum Boys. Her er dette fortsatt langt frem i tid, vi hadde ikke engang trommer p\u00e5 dette tidspunktet, bare et par trommestikker.<\/p>\n<p>URverk 3 er et gl\u00f8tt inn i galskapen som r\u00e5det i guttegjengen v\u00e5r p\u00e5 Munkvoll i Trondheim p\u00e5 slutten av s\u00f8ttitallet, og inneholder nok en del tekster som ikke er helt politisk korrekte n\u00e5, og har vel heller aldri v\u00e6rt det. Det er s\u00e5pass langt ute enkelte ganger at man ikke skulle tro at innspillingene ble gjort i edru tilstand.<\/p>\n<p>Her f\u00e5r du blant annet h\u00f8re I Bakvendtland, Forbannare Fris\u00f8r og selvsagt Ei Kasse Pils. Sistnevnte er spilt inn i 2000 med en besetning som n\u00e6rmest kan kalles en supergruppe, med Sola p\u00e5 trommer, Morty Black fra TNT p\u00e5 bass og Jostein Ansnes p\u00e5 gitar.<\/p>\n<p>Ett og ett album slippes hver m\u00e5ned p\u00e5 vinyl, hvor alle sammen kommer med tekster og bilder fra perioden sangene ble spilt inn, og med \u00e8n garanti: hjemmelaget!<\/p>\n<p><\/p>","protected":false},"excerpt":{"rendered":"<p class=\"qtranxs-available-languages-message qtranxs-available-languages-message-en\">Sorry, this entry is only available in <a href=\"https:\/\/grappa.no\/no\/wp-json\/wp\/v2\/product\/38771\" class=\"qtranxs-available-language-link qtranxs-available-language-link-no\" title=\"Norsk\">Norsk<\/a>.<\/p>\n<p class=\"Body\">URverk er en serie p\u00e5 12 utgivelser med l\u00e5ter skrevet og spilt inn i perioden 1977 til og med 1988. Dette er en samling av dr\u00f8mmer, dr\u00f8mmen om \u00e5 bli rockestjerner. N\u00e5 er vi kommet fram til URverk 3, \u00e5ret er 1979, og her blir vi introdusert for det Gurgles!<\/p>\n","protected":false},"featured_media":38779,"comment_status":"closed","ping_status":"closed","template":"","meta":[],"product_brand":[],"product_cat":[6],"product_tag":[],"class_list":{"0":"post-38771","1":"product","2":"type-product","3":"status-publish","4":"has-post-thumbnail","6":"product_cat-grappa","7":"product_shipping_class-cddvd-shipping","8":"uni_artist_tag-ulf-risnes","9":"uni_main_artist_tag-ulf-risnes","10":"uni_artist_genre-norsk-pop","11":"uni_artist_genre-pop","12":"uni_artist_genre-rock","14":"first","15":"instock","16":"taxable","17":"shipping-taxable","18":"purchasable","19":"product-type-simple"},"_links":{"self":[{"href":"https:\/\/grappa.no\/en\/wp-json\/wp\/v2\/product\/38771","targetHints":{"allow":["GET"]}}],"collection":[{"href":"https:\/\/grappa.no\/en\/wp-json\/wp\/v2\/product"}],"about":[{"href":"https:\/\/grappa.no\/en\/wp-json\/wp\/v2\/types\/product"}],"replies":[{"embeddable":true,"href":"https:\/\/grappa.no\/en\/wp-json\/wp\/v2\/comments?post=38771"}],"wp:featuredmedia":[{"embeddable":true,"href":"https:\/\/grappa.no\/en\/wp-json\/wp\/v2\/media\/38779"}],"wp:attachment":[{"href":"https:\/\/grappa.no\/en\/wp-json\/wp\/v2\/media?parent=38771"}],"wp:term":[{"taxonomy":"product_brand","embeddable":true,"href":"https:\/\/grappa.no\/en\/wp-json\/wp\/v2\/product_brand?post=38771"},{"taxonomy":"product_cat","embeddable":true,"href":"https:\/\/grappa.no\/en\/wp-json\/wp\/v2\/product_cat?post=38771"},{"taxonomy":"product_tag","embeddable":true,"href":"https:\/\/grappa.no\/en\/wp-json\/wp\/v2\/product_tag?post=38771"}],"curies":[{"name":"wp","href":"https:\/\/api.w.org\/{rel}","templated":true}]}}