{"id":38761,"date":"2021-02-26T08:54:13","date_gmt":"2021-02-26T07:54:13","guid":{"rendered":"https:\/\/grappa.no\/?post_type=product&#038;p=38761"},"modified":"2025-06-13T12:19:20","modified_gmt":"2025-06-13T11:19:20","slug":"the-missing-link-urverk-2","status":"publish","type":"product","link":"https:\/\/grappa.no\/en\/albums\/grappa\/the-missing-link-urverk-2\/","title":{"rendered":"The Missing Link (URverk 2)"},"content":{"rendered":"<p><\/p>\n<p>&#8220;The Missing Link\u00bb er album nummer to i Ulf Risnes sin URverk-samleserie, og inneholder Ulfs l\u00e5ter fra 1977-1978.<\/p>\n<p>\u2013 1 juni 1977 kj\u00f8pte jeg en Tandberg 9100X b\u00e5ndspiller og to mikrofoner. Jeg visste ikke helt hva det var jeg hadde kj\u00f8pt, men jeg hadde forsikret meg at det gikk an \u00e5 legge lyd p\u00e5 lyd, at jeg kunne for eksempel spille inn meg selv p\u00e5 gitar og sang, og s\u00e5 spille bass, hvis jeg bare hadde en, eller kore opp\u00e5 det forrige opptaket. Det gikk ikke an \u00e5 rette p\u00e5 feil heller, s\u00e5 jeg m\u00e5tte spille hele sangen riktig hver gang. Det klarte jeg ikke. Men s\u00e5 artig! forteller Risnes<\/p>\n<p>Vinylserien \u00abURverk\u00bb er tolv plater\u00a0best\u00e5ende av 155\u00a0sanger,\u00a0timevis\u00a0med\u00a0l\u00e5ter skrevet og innspilt\u00a0av Ulf Risnes\u00a0i perioden fra 1977 til 1988, da han ble med i Tre Sm\u00e5 Kinesere. URverk er en samling av dr\u00f8mmer, dr\u00f8mmen om\u00a0\u00e5\u00a0bli rockestjerner. Ett og ett album fra URverk-serien vil slippes hver m\u00e5ned i 2021.\u00a0Albumene kommer alle sammen med tekster og bilder fra perioden sangene ble spilt inn og med\u00a0\u00e8n garanti; hjemmelaget!<\/p>\n<p>&nbsp;<\/p>\n<p><!--more--><\/p>\n<p>Gjennom disse tolv platene vil vi ikke bare f\u00e5 h\u00f8re en yngre utgave av Ulf Risnes, men ogs\u00e5 bandet Det Gurgles. Helt siden gjengen begynte \u00e5 samles p\u00e5 mandager hjemme hos Ulf og spilte luftgitar til Alice Cooper, dr\u00f8mte de om \u00e5 bli rockestjerner. H\u00e5ret fikk de til, mens musikken l\u00e5 et stykke frem i tid den gang. En dag satt Ulf p\u00e5 rommet og \u00f8vde p\u00e5 de tre akkordene han kunne, mens han h\u00f8rte p\u00e5 &#8220;Wild Horses&#8221; av Rolling Stones. Da oppdaget han plutselig at en av akkordene var den samme som Stones brukte i sangen. &#8220;Oi! Jeg er med i bandet!&#8221; &#8211; l\u00f8d det fra den unge karen. Det var starten p\u00e5 en lang reise som fortsatt ikke er over.<\/p>\n<p><\/p>","protected":false},"excerpt":{"rendered":"<p>&#8220;The Missing Link\u00bb er album nummer to i Ulf Risnes sin URverk-samleserie, og inneholder Ulfs l\u00e5ter fra 1977-1978. URverk &#8211; en samling best\u00e5ende av 155 sanger, timevis med l\u00e5ter skrevet og innspilt av Ulf Risnes i perioden fra 1977 til 1988, da han ble med i Tre Sm\u00e5 Kinesere. URverk er en samling av dr\u00f8mmer, dr\u00f8mmen om \u00e5 bli rockestjerner.<br \/>\nURverk best\u00e5r totalt av hele 12 album, ett og ett vil slippes hver m\u00e5ned i 2021. Albumene slippes p\u00e5 vinyl og alle sammen kommer med tekster og bilder fra perioden sangene ble spilt inn og med \u00e8n garanti: hjemmelaget!<\/p>\n","protected":false},"featured_media":38762,"comment_status":"closed","ping_status":"closed","template":"","meta":[],"product_brand":[],"product_cat":[6],"product_tag":[],"class_list":{"0":"post-38761","1":"product","2":"type-product","3":"status-publish","4":"has-post-thumbnail","6":"product_cat-grappa","7":"product_shipping_class-cddvd-shipping","8":"uni_artist_tag-ulf-risnes","9":"uni_main_artist_tag-ulf-risnes","10":"uni_artist_genre-pop","11":"uni_artist_genre-rock","13":"first","14":"instock","15":"taxable","16":"shipping-taxable","17":"purchasable","18":"product-type-simple"},"_links":{"self":[{"href":"https:\/\/grappa.no\/en\/wp-json\/wp\/v2\/product\/38761","targetHints":{"allow":["GET"]}}],"collection":[{"href":"https:\/\/grappa.no\/en\/wp-json\/wp\/v2\/product"}],"about":[{"href":"https:\/\/grappa.no\/en\/wp-json\/wp\/v2\/types\/product"}],"replies":[{"embeddable":true,"href":"https:\/\/grappa.no\/en\/wp-json\/wp\/v2\/comments?post=38761"}],"wp:featuredmedia":[{"embeddable":true,"href":"https:\/\/grappa.no\/en\/wp-json\/wp\/v2\/media\/38762"}],"wp:attachment":[{"href":"https:\/\/grappa.no\/en\/wp-json\/wp\/v2\/media?parent=38761"}],"wp:term":[{"taxonomy":"product_brand","embeddable":true,"href":"https:\/\/grappa.no\/en\/wp-json\/wp\/v2\/product_brand?post=38761"},{"taxonomy":"product_cat","embeddable":true,"href":"https:\/\/grappa.no\/en\/wp-json\/wp\/v2\/product_cat?post=38761"},{"taxonomy":"product_tag","embeddable":true,"href":"https:\/\/grappa.no\/en\/wp-json\/wp\/v2\/product_tag?post=38761"}],"curies":[{"name":"wp","href":"https:\/\/api.w.org\/{rel}","templated":true}]}}