{"id":38756,"date":"2021-02-19T09:00:21","date_gmt":"2021-02-19T08:00:21","guid":{"rendered":"https:\/\/grappa.no\/?post_type=product&#038;p=38756"},"modified":"2023-11-27T11:28:56","modified_gmt":"2023-11-27T10:28:56","slug":"tonen-i-meg","status":"publish","type":"product","link":"https:\/\/grappa.no\/en\/albums\/heilo\/tonen-i-meg\/","title":{"rendered":"Tonen i meg"},"content":{"rendered":"<p><\/p>\n<p>Sigrid Moldestad releases her 6th solo album and drags us into a musical landscape with darker undercurrents than before. The Norwegian fiddle is still strongly present on several songs, but this album is playing around with different genres.<\/p>\n<p>Sigrid Moldestad has found her inner tone on this album. The album <em>Tonen i meg<\/em> is both fragile and powerful, skinless and comforting, melancholic and uplifting. It represents all the contrasts in life, crystallized in small stories that are basically about all of us. Past and present goes hand in hand in many of the songs. Small glimpses of a bygone era that puts our troubled time in relief with Moldestad&#8217;s voice in the middle as a warm hug, in this cold time we\u00b4re in. With her, she has her standard band for many years. An exquisite group of playful, listening and exploratory musicians.<\/p>\n<p><!--more--><\/p>\n<h4><\/h4>\n<h4><\/h4>\n<h4><\/h4>\n<p><\/p>","protected":false},"excerpt":{"rendered":"<p>Sigrid Moldestad slipper sitt sjette soloalbum og tar oss med inn i et musikalsk landskap med m\u00f8rkere understr\u00f8mmer enn tidligere. Hardingfela er fortsatt sterkt tilstede p\u00e5 flere l\u00e5ter, men dette albumet leker i flere sjangre.<\/p>\n","protected":false},"featured_media":38757,"comment_status":"closed","ping_status":"closed","template":"","meta":[],"product_brand":[],"product_cat":[35],"product_tag":[],"class_list":{"0":"post-38756","1":"product","2":"type-product","3":"status-publish","4":"has-post-thumbnail","6":"product_cat-heilo","7":"product_shipping_class-cddvd-shipping","8":"uni_artist_tag-sigrid-moldestad","9":"uni_main_artist_tag-sigrid-moldestad","10":"uni_artist_genre-folkemusikk","11":"uni_artist_genre-pop","12":"uni_artist_genre-singer-songwriter","13":"uni_artist_genre-viser","15":"first","16":"outofstock","17":"taxable","18":"shipping-taxable","19":"purchasable","20":"product-type-simple"},"_links":{"self":[{"href":"https:\/\/grappa.no\/en\/wp-json\/wp\/v2\/product\/38756","targetHints":{"allow":["GET"]}}],"collection":[{"href":"https:\/\/grappa.no\/en\/wp-json\/wp\/v2\/product"}],"about":[{"href":"https:\/\/grappa.no\/en\/wp-json\/wp\/v2\/types\/product"}],"replies":[{"embeddable":true,"href":"https:\/\/grappa.no\/en\/wp-json\/wp\/v2\/comments?post=38756"}],"wp:featuredmedia":[{"embeddable":true,"href":"https:\/\/grappa.no\/en\/wp-json\/wp\/v2\/media\/38757"}],"wp:attachment":[{"href":"https:\/\/grappa.no\/en\/wp-json\/wp\/v2\/media?parent=38756"}],"wp:term":[{"taxonomy":"product_brand","embeddable":true,"href":"https:\/\/grappa.no\/en\/wp-json\/wp\/v2\/product_brand?post=38756"},{"taxonomy":"product_cat","embeddable":true,"href":"https:\/\/grappa.no\/en\/wp-json\/wp\/v2\/product_cat?post=38756"},{"taxonomy":"product_tag","embeddable":true,"href":"https:\/\/grappa.no\/en\/wp-json\/wp\/v2\/product_tag?post=38756"}],"curies":[{"name":"wp","href":"https:\/\/api.w.org\/{rel}","templated":true}]}}