{"id":38722,"date":"2021-01-22T13:10:55","date_gmt":"2021-01-22T12:10:55","guid":{"rendered":"https:\/\/grappa.no\/?post_type=product&#038;p=38722"},"modified":"2021-01-22T15:21:58","modified_gmt":"2021-01-22T14:21:58","slug":"urverk1","status":"publish","type":"product","link":"https:\/\/grappa.no\/en\/albums\/grappa\/urverk1\/","title":{"rendered":"Self P\u00e5rtrait (URverk 1)"},"content":{"rendered":"<p><\/p>\n<p>&#8220;Self P\u00e5rtrait&#8221; er f\u00f8rste album i serien kalt URverk.<\/p>\n<p>URverk &#8211; en samling best\u00e5ende av 155 sanger, timevis med l\u00e5ter skrevet og innspilt av Ulf Risnes i perioden fra 1977 til 1988, da han ble med i Tre Sm\u00e5 Kinesere. URverk er en samling av dr\u00f8mmer, dr\u00f8mmen om \u00e5 bli rockestjerner.<\/p>\n<p>URverk best\u00e5r totalt av hele 12 album, ett og ett vil slippes hver m\u00e5ned i 2021. Albumene slippes p\u00e5 vinyl og alle sammen kommer med tekster og bilder fra perioden sangene ble spilt inn og med \u00e8n garanti: hjemmelaget!<\/p>\n<p>&nbsp;<\/p>\n<p><!--more--><\/p>\n<p>Gjennom disse tolv platene vil vi ikke bare f\u00e5 h\u00f8re en yngre utgave av Ulf Risnes, men ogs\u00e5 bandet Det Gurgles. Helt siden gjengen begynte \u00e5 samles p\u00e5 mandager hjemme hos Ulf og spilte luftgitar til Alice Cooper, dr\u00f8mte de om \u00e5 bli rockestjerner. H\u00e5ret fikk de til, mens musikken l\u00e5 et stykke frem i tid den gang. En dag satt Ulf p\u00e5 rommet og \u00f8vde p\u00e5 de tre akkordene han kunne, mens han h\u00f8rte p\u00e5 &#8220;Wild Horses&#8221; av Rolling Stones. Da oppdaget han plutselig at en av akkordene var den samme som Stones brukte i sangen. &#8220;Oi! Jeg er med i bandet!&#8221; &#8211; l\u00f8d det fra den unge karen.<\/p>\n<p>Det var starten p\u00e5 en lang reise som fortsatt ikke er over.<\/p>\n<p><\/p>","protected":false},"excerpt":{"rendered":"<p>&#8220;Self P\u00e5rtrait&#8221; er f\u00f8rste album i serien kalt URverk.\u00a0URverk &#8211; en samling best\u00e5ende av 155 sanger, timevis med l\u00e5ter skrevet og innspilt av Ulf Risnes i perioden fra 1977 til 1988, da han ble med i Tre Sm\u00e5 Kinesere. URverk er en samling av dr\u00f8mmer, dr\u00f8mmen om \u00e5 bli rockestjerner.<br \/>\nURverk best\u00e5r totalt av hele 12 album, ett og ett vil slippes hver m\u00e5ned i 2021. Albumene slippes p\u00e5 vinyl og alle sammen kommer med tekster og bilder fra perioden sangene ble spilt inn og med \u00e8n garanti: hjemmelaget!<\/p>\n","protected":false},"featured_media":38723,"comment_status":"closed","ping_status":"closed","template":"","meta":[],"product_brand":[],"product_cat":[6],"product_tag":[],"class_list":{"0":"post-38722","1":"product","2":"type-product","3":"status-publish","4":"has-post-thumbnail","6":"product_cat-grappa","7":"product_shipping_class-cddvd-shipping","8":"uni_artist_tag-ulf-risnes","9":"uni_main_artist_tag-ulf-risnes","10":"uni_artist_genre-pop","11":"uni_artist_genre-rock","12":"uni_artist_genre-viser","14":"first","15":"instock","16":"taxable","17":"shipping-taxable","18":"purchasable","19":"product-type-simple"},"_links":{"self":[{"href":"https:\/\/grappa.no\/en\/wp-json\/wp\/v2\/product\/38722","targetHints":{"allow":["GET"]}}],"collection":[{"href":"https:\/\/grappa.no\/en\/wp-json\/wp\/v2\/product"}],"about":[{"href":"https:\/\/grappa.no\/en\/wp-json\/wp\/v2\/types\/product"}],"replies":[{"embeddable":true,"href":"https:\/\/grappa.no\/en\/wp-json\/wp\/v2\/comments?post=38722"}],"wp:featuredmedia":[{"embeddable":true,"href":"https:\/\/grappa.no\/en\/wp-json\/wp\/v2\/media\/38723"}],"wp:attachment":[{"href":"https:\/\/grappa.no\/en\/wp-json\/wp\/v2\/media?parent=38722"}],"wp:term":[{"taxonomy":"product_brand","embeddable":true,"href":"https:\/\/grappa.no\/en\/wp-json\/wp\/v2\/product_brand?post=38722"},{"taxonomy":"product_cat","embeddable":true,"href":"https:\/\/grappa.no\/en\/wp-json\/wp\/v2\/product_cat?post=38722"},{"taxonomy":"product_tag","embeddable":true,"href":"https:\/\/grappa.no\/en\/wp-json\/wp\/v2\/product_tag?post=38722"}],"curies":[{"name":"wp","href":"https:\/\/api.w.org\/{rel}","templated":true}]}}