{"id":38610,"date":"2020-11-27T15:00:31","date_gmt":"2020-11-27T14:00:31","guid":{"rendered":"https:\/\/grappa.no\/?post_type=product&#038;p=38610"},"modified":"2020-11-27T15:16:34","modified_gmt":"2020-11-27T14:16:34","slug":"julpakutoppen","status":"publish","type":"product","link":"https:\/\/grappa.no\/en\/albums\/barne\/julpakutoppen\/","title":{"rendered":"Jul p\u00e5 Kutoppen"},"content":{"rendered":"<p><\/p>\n<p><!--more--><\/p>\n<p>Nytt str\u00e5lende musikkalbum fra Kutoppen-universet!<\/p>\n<p>&#8220;Jul p\u00e5 Kutoppen&#8221; har allerede blitt sett av 50 000 p\u00e5 kino rundt omkring i landet, og n\u00e5 slippes\u00a0hele albumet med musikken fra den nye storfilmen.<\/p>\n<p>Denne gangen skal Klara feire jul p\u00e5 Kutoppen for f\u00f8rste gang og forventningene er store. Jul p\u00e5 Kutoppen er en f\u00f8rjulsmusikal for hele familien, full av musikk, tradisjoner og morsomme p\u00e5funn &#8211; og en nisse som for all del ikke m\u00e5 f\u00e5 gr\u00f8t f\u00f8r julaften!<\/p>\n<p>P\u00e5 albumet finner man sanger fra artister som Lisa B\u00f8rud, Staysman, Kid Andersen og Kvelertak.<\/p>\n<h4><\/h4>\n<h4><\/h4>\n<p><\/p>","protected":false},"excerpt":{"rendered":"<p>Nytt str\u00e5lende musikkalbum fra Kutoppen-universet!P\u00e5 albumet finner man sanger fra artister som Lisa B\u00f8rud, Staysman, Kid Andersen og Kvelertak.<\/p>\n","protected":false},"featured_media":38611,"comment_status":"closed","ping_status":"closed","template":"","meta":[],"product_brand":[],"product_cat":[15],"product_tag":[],"class_list":{"0":"post-38610","1":"product","2":"type-product","3":"status-publish","4":"has-post-thumbnail","6":"product_cat-barne","7":"product_shipping_class-cddvd-shipping","8":"uni_main_artist_tag-kutoppen","9":"uni_artist_genre-children","10":"uni_artist_genre-christmas-music","12":"first","13":"instock","14":"taxable","15":"shipping-taxable","16":"purchasable","17":"product-type-simple"},"_links":{"self":[{"href":"https:\/\/grappa.no\/en\/wp-json\/wp\/v2\/product\/38610","targetHints":{"allow":["GET"]}}],"collection":[{"href":"https:\/\/grappa.no\/en\/wp-json\/wp\/v2\/product"}],"about":[{"href":"https:\/\/grappa.no\/en\/wp-json\/wp\/v2\/types\/product"}],"replies":[{"embeddable":true,"href":"https:\/\/grappa.no\/en\/wp-json\/wp\/v2\/comments?post=38610"}],"wp:featuredmedia":[{"embeddable":true,"href":"https:\/\/grappa.no\/en\/wp-json\/wp\/v2\/media\/38611"}],"wp:attachment":[{"href":"https:\/\/grappa.no\/en\/wp-json\/wp\/v2\/media?parent=38610"}],"wp:term":[{"taxonomy":"product_brand","embeddable":true,"href":"https:\/\/grappa.no\/en\/wp-json\/wp\/v2\/product_brand?post=38610"},{"taxonomy":"product_cat","embeddable":true,"href":"https:\/\/grappa.no\/en\/wp-json\/wp\/v2\/product_cat?post=38610"},{"taxonomy":"product_tag","embeddable":true,"href":"https:\/\/grappa.no\/en\/wp-json\/wp\/v2\/product_tag?post=38610"}],"curies":[{"name":"wp","href":"https:\/\/api.w.org\/{rel}","templated":true}]}}