{"id":38549,"date":"2020-10-23T16:22:23","date_gmt":"2020-10-23T15:22:23","guid":{"rendered":"https:\/\/grappa.no\/?post_type=product&#038;p=38549"},"modified":"2020-10-27T16:53:21","modified_gmt":"2020-10-27T15:53:21","slug":"vara-ungkar-og-gaa-fri","status":"publish","type":"product","link":"https:\/\/grappa.no\/en\/albums\/heilo\/vara-ungkar-og-gaa-fri\/","title":{"rendered":"Vara ungkar og g\u00e5 fri &#8211; sl\u00e5tter etter Truls \u00d8rpen"},"content":{"rendered":"<p><\/p>\n<p>The Springar tune \u00abVara ungkar og g\u00e5 fri\u00bb has given the name to the first solo album by Per \u00c5smund Omholt, with Hardanger fiddle tunes from Kr\u00f8dsherad, in tradition after Truls \u00d8rpen.<\/p>\n<p>Truls \u00d8rpen was a central figure in the organized Norwegian folk music scene in the beginning og the 20<sup>th<\/sup> century. In his hometown Kr\u00f8dsherad he learned tunes from fiddle players born in the middle of the 19<sup>th<\/sup> century, and collected a big repertoire of springar and halling tunes, as well as wedding marches that were used in the small town. Per \u00c5smund Omholt is one of the primary expert on this material in Norway, he now releases his debut album with these amazing tunes from Kr\u00f8dsherad.<\/p>\n<p><!--more--><\/p>\n<h4><\/h4>\n<h4><\/h4>\n<h4><\/h4>\n<p><\/p>","protected":false},"excerpt":{"rendered":"<p>Springaren \u00abVara ungkar og g\u00e5 fri\u00bb har gitt navn til Per \u00c5smund Omholt, opprinnelig fra Veme p\u00e5 Ringerike, sitt f\u00f8rste solo-album med hardingfelesl\u00e5tter i tradisjon etter Truls \u00d8rpen fra Kr\u00f8dsherad.<\/p>\n","protected":false},"featured_media":38550,"comment_status":"closed","ping_status":"closed","template":"","meta":[],"product_brand":[],"product_cat":[35],"product_tag":[],"class_list":{"0":"post-38549","1":"product","2":"type-product","3":"status-publish","4":"has-post-thumbnail","6":"product_cat-heilo","7":"product_shipping_class-cddvd-shipping","8":"uni_main_artist_tag-per-asmund-omholt","9":"uni_artist_genre-folkemusikk","10":"uni_artist_genre-tradisjonsmusikk","12":"first","13":"instock","14":"taxable","15":"shipping-taxable","16":"purchasable","17":"product-type-simple"},"_links":{"self":[{"href":"https:\/\/grappa.no\/en\/wp-json\/wp\/v2\/product\/38549","targetHints":{"allow":["GET"]}}],"collection":[{"href":"https:\/\/grappa.no\/en\/wp-json\/wp\/v2\/product"}],"about":[{"href":"https:\/\/grappa.no\/en\/wp-json\/wp\/v2\/types\/product"}],"replies":[{"embeddable":true,"href":"https:\/\/grappa.no\/en\/wp-json\/wp\/v2\/comments?post=38549"}],"wp:featuredmedia":[{"embeddable":true,"href":"https:\/\/grappa.no\/en\/wp-json\/wp\/v2\/media\/38550"}],"wp:attachment":[{"href":"https:\/\/grappa.no\/en\/wp-json\/wp\/v2\/media?parent=38549"}],"wp:term":[{"taxonomy":"product_brand","embeddable":true,"href":"https:\/\/grappa.no\/en\/wp-json\/wp\/v2\/product_brand?post=38549"},{"taxonomy":"product_cat","embeddable":true,"href":"https:\/\/grappa.no\/en\/wp-json\/wp\/v2\/product_cat?post=38549"},{"taxonomy":"product_tag","embeddable":true,"href":"https:\/\/grappa.no\/en\/wp-json\/wp\/v2\/product_tag?post=38549"}],"curies":[{"name":"wp","href":"https:\/\/api.w.org\/{rel}","templated":true}]}}