{"id":38511,"date":"2020-10-17T08:00:24","date_gmt":"2020-10-17T07:00:24","guid":{"rendered":"https:\/\/grappa.no\/?post_type=product&#038;p=38511"},"modified":"2025-06-13T14:18:52","modified_gmt":"2025-06-13T13:18:52","slug":"baknesteblane","status":"publish","type":"product","link":"https:\/\/grappa.no\/en\/albums\/grappa\/baknesteblane\/","title":{"rendered":"Bak neste bl\u00e5ne"},"content":{"rendered":"<p> I 1980 dro Helge Gr\u00f8nhaug og Bo Gr\u00f8nnings\u00e6ter p\u00e5 kino for \u00e5 se &#8220;Life of Brian&#8221;. Da de forlot salen, stiftet de bandet De Musikalske Dvergene med slagordet &#8220;Garantert ambisjonsl\u00f8s rock&#8221;. N\u00e5 &#8211; 40 \u00e5r senere &#8211; st\u00e5r bandet fortsatt st\u00f8tt, og gir om et par uker ut sitt tiende album. Bak neste bl\u00e5ne viser at de &#8211; til tross for slagordet &#8211; i h\u00f8yeste grad leverer kvalitetsbevisst rock. Med albumet Bak neste bl\u00e5ne viser DMD at de fortsatt er solid forankret i norsk rock p\u00e5 norsk.<\/p>\n<p><!--more--><\/p>\n<h4><\/h4>\n<h4><\/h4>\n<p><\/p>","protected":false},"excerpt":{"rendered":"<p class=\"qtranxs-available-languages-message qtranxs-available-languages-message-en\">Sorry, this entry is only available in <a href=\"https:\/\/grappa.no\/no\/wp-json\/wp\/v2\/product\/38511\" class=\"qtranxs-available-language-link qtranxs-available-language-link-no\" title=\"Norsk\">Norsk<\/a>.<\/p>\n<p>De Musikalske Dvergene feirer 40-\u00e5rsjubileum med det nye albumet &#8220;Bak neste bl\u00e5ne&#8221;<\/p>\n","protected":false},"featured_media":38514,"comment_status":"closed","ping_status":"closed","template":"","meta":[],"product_brand":[],"product_cat":[6],"product_tag":[],"class_list":{"0":"post-38511","1":"product","2":"type-product","3":"status-publish","4":"has-post-thumbnail","6":"product_cat-grappa","7":"product_shipping_class-cddvd-shipping","8":"uni_artist_tag-de-musikalske-dvergene","9":"uni_main_artist_tag-de-musikalske-dvergene","10":"uni_artist_genre-norsk","11":"uni_artist_genre-pop","12":"uni_artist_genre-rock","14":"first","15":"instock","16":"taxable","17":"shipping-taxable","18":"purchasable","19":"product-type-variable","20":"has-default-attributes"},"_links":{"self":[{"href":"https:\/\/grappa.no\/en\/wp-json\/wp\/v2\/product\/38511","targetHints":{"allow":["GET"]}}],"collection":[{"href":"https:\/\/grappa.no\/en\/wp-json\/wp\/v2\/product"}],"about":[{"href":"https:\/\/grappa.no\/en\/wp-json\/wp\/v2\/types\/product"}],"replies":[{"embeddable":true,"href":"https:\/\/grappa.no\/en\/wp-json\/wp\/v2\/comments?post=38511"}],"wp:featuredmedia":[{"embeddable":true,"href":"https:\/\/grappa.no\/en\/wp-json\/wp\/v2\/media\/38514"}],"wp:attachment":[{"href":"https:\/\/grappa.no\/en\/wp-json\/wp\/v2\/media?parent=38511"}],"wp:term":[{"taxonomy":"product_brand","embeddable":true,"href":"https:\/\/grappa.no\/en\/wp-json\/wp\/v2\/product_brand?post=38511"},{"taxonomy":"product_cat","embeddable":true,"href":"https:\/\/grappa.no\/en\/wp-json\/wp\/v2\/product_cat?post=38511"},{"taxonomy":"product_tag","embeddable":true,"href":"https:\/\/grappa.no\/en\/wp-json\/wp\/v2\/product_tag?post=38511"}],"curies":[{"name":"wp","href":"https:\/\/api.w.org\/{rel}","templated":true}]}}