{"id":38446,"date":"2020-09-25T07:00:40","date_gmt":"2020-09-25T06:00:40","guid":{"rendered":"https:\/\/grappa.no\/?post_type=product&#038;p=38446"},"modified":"2023-04-17T09:48:41","modified_gmt":"2023-04-17T08:48:41","slug":"the-sound-of-telemark","status":"publish","type":"product","link":"https:\/\/grappa.no\/en\/albums\/heilo\/the-sound-of-telemark\/","title":{"rendered":"The Sound of Telemark"},"content":{"rendered":"<p><\/p>\n<p>&nbsp;<\/p>\n<p><!--more--><\/p>\n<h4><\/h4>\n<h4><\/h4>\n<h4><\/h4>\n<p><\/p>","protected":false},"excerpt":{"rendered":"<p>To av norsk folkemusikks aller st\u00f8rste helter st\u00e5r bak\u00a0The Sound of Telemark\u00a0som slippes fredag 25. september. Som anerkjente musikere p\u00e5 henholdsvis munnspill og hardingfele, samt som ambassad\u00f8rer av h\u00f8yeste rang for Telemark, er det virkelig en ikonisk duo vi snakker om n\u00e5r Sigmund Groven og Knut Buen gir ut albumet\u00a0The Sound of Telemark\u00a0sammen.<\/p>\n","protected":false},"featured_media":38447,"comment_status":"closed","ping_status":"closed","template":"","meta":[],"product_brand":[],"product_cat":[35],"product_tag":[],"class_list":{"0":"post-38446","1":"product","2":"type-product","3":"status-publish","4":"has-post-thumbnail","6":"product_cat-heilo","7":"product_shipping_class-cddvd-shipping","8":"uni_artist_tag-knut-buen","9":"uni_artist_tag-sigmund-groven","10":"uni_main_artist_tag-knut-buen","11":"uni_main_artist_tag-sigmund-groven","12":"uni_artist_genre-folkemusikk","13":"uni_artist_genre-norsk","14":"uni_artist_genre-tradisjonsmusikk","16":"first","17":"outofstock","18":"taxable","19":"shipping-taxable","20":"purchasable","21":"product-type-simple"},"_links":{"self":[{"href":"https:\/\/grappa.no\/en\/wp-json\/wp\/v2\/product\/38446","targetHints":{"allow":["GET"]}}],"collection":[{"href":"https:\/\/grappa.no\/en\/wp-json\/wp\/v2\/product"}],"about":[{"href":"https:\/\/grappa.no\/en\/wp-json\/wp\/v2\/types\/product"}],"replies":[{"embeddable":true,"href":"https:\/\/grappa.no\/en\/wp-json\/wp\/v2\/comments?post=38446"}],"wp:featuredmedia":[{"embeddable":true,"href":"https:\/\/grappa.no\/en\/wp-json\/wp\/v2\/media\/38447"}],"wp:attachment":[{"href":"https:\/\/grappa.no\/en\/wp-json\/wp\/v2\/media?parent=38446"}],"wp:term":[{"taxonomy":"product_brand","embeddable":true,"href":"https:\/\/grappa.no\/en\/wp-json\/wp\/v2\/product_brand?post=38446"},{"taxonomy":"product_cat","embeddable":true,"href":"https:\/\/grappa.no\/en\/wp-json\/wp\/v2\/product_cat?post=38446"},{"taxonomy":"product_tag","embeddable":true,"href":"https:\/\/grappa.no\/en\/wp-json\/wp\/v2\/product_tag?post=38446"}],"curies":[{"name":"wp","href":"https:\/\/api.w.org\/{rel}","templated":true}]}}