{"id":37687,"date":"2020-07-03T00:00:00","date_gmt":"2020-07-02T23:00:00","guid":{"rendered":"https:\/\/grappa.no\/no\/albums\/ukategorisert\/haijn-kaare-ornung-a-ae\/"},"modified":"2020-09-07T10:26:58","modified_gmt":"2020-09-07T09:26:58","slug":"haijn-kaare-ornung-a-ae","status":"publish","type":"product","link":"https:\/\/grappa.no\/en\/albums\/simax-classics\/haijn-kaare-ornung-a-ae\/","title":{"rendered":"Haijn Kaare \u00d8rnung \u00e5 \u00c6"},"content":{"rendered":"<p><\/p>\n<p>Kaare \u00d8rnung and I<\/p>\n<p>Arve Tellefsen and Kaare \u00d8rnung was the thing on the classical scene in the 60s, 70s and 80s in Norway, in radio, television and on recordings. The album &#8216;Serenade&#8217; quickly sold 25000 vinyls, and in 1986 the two of them entered the studio again to record more &#8216;encore&#8217; material. But these tracks went missing \u2013 and were not found until Kaare found a cassette while cleaning his house. Recorded by Jan Erik Kongshaug, this album finds Tellefsen and \u00d8rnung on top form in Rainbow Studios.<\/p>\n<p><!--more--><\/p>\n<h4><\/h4>\n<h4><\/h4>\n<h4><\/h4>\n<p><\/p>","protected":false},"excerpt":{"rendered":"<p>The master tape that was missing has been found.<\/p>\n","protected":false},"featured_media":37688,"comment_status":"closed","ping_status":"closed","template":"","meta":[],"product_brand":[],"product_cat":[180],"product_tag":[],"class_list":{"0":"post-37687","1":"product","2":"type-product","3":"status-publish","4":"has-post-thumbnail","6":"product_cat-simax-classics","7":"product_shipping_class-cddvd-shipping","8":"uni_artist_tag-arve-tellefsen","9":"uni_artist_tag-kaare-ornung","10":"uni_main_artist_tag-arve-tellefsen","12":"first","13":"instock","14":"taxable","15":"shipping-taxable","16":"purchasable","17":"product-type-simple"},"_links":{"self":[{"href":"https:\/\/grappa.no\/en\/wp-json\/wp\/v2\/product\/37687","targetHints":{"allow":["GET"]}}],"collection":[{"href":"https:\/\/grappa.no\/en\/wp-json\/wp\/v2\/product"}],"about":[{"href":"https:\/\/grappa.no\/en\/wp-json\/wp\/v2\/types\/product"}],"replies":[{"embeddable":true,"href":"https:\/\/grappa.no\/en\/wp-json\/wp\/v2\/comments?post=37687"}],"wp:featuredmedia":[{"embeddable":true,"href":"https:\/\/grappa.no\/en\/wp-json\/wp\/v2\/media\/37688"}],"wp:attachment":[{"href":"https:\/\/grappa.no\/en\/wp-json\/wp\/v2\/media?parent=37687"}],"wp:term":[{"taxonomy":"product_brand","embeddable":true,"href":"https:\/\/grappa.no\/en\/wp-json\/wp\/v2\/product_brand?post=37687"},{"taxonomy":"product_cat","embeddable":true,"href":"https:\/\/grappa.no\/en\/wp-json\/wp\/v2\/product_cat?post=37687"},{"taxonomy":"product_tag","embeddable":true,"href":"https:\/\/grappa.no\/en\/wp-json\/wp\/v2\/product_tag?post=37687"}],"curies":[{"name":"wp","href":"https:\/\/api.w.org\/{rel}","templated":true}]}}