{"id":37683,"date":"2020-06-19T00:00:00","date_gmt":"2020-06-16T23:00:00","guid":{"rendered":"https:\/\/grappa.no\/no\/albums\/ukategorisert\/pa-frihjul\/"},"modified":"2020-06-18T22:25:16","modified_gmt":"2020-06-18T21:25:16","slug":"pa-frihjul","status":"publish","type":"product","link":"https:\/\/grappa.no\/en\/albums\/grappa\/pa-frihjul\/","title":{"rendered":"P\u00e5 Frihjul"},"content":{"rendered":"<p><\/p>\n<p>\u00c5se Kleveland &#8211; P\u00e5 Frihjul<\/p>\n<p>\u00c5se Kleveland and The Salmon Smokers, met for the first time at the big tribute concert for Leonard Choen in 2017, where they together rocked a packed Oslo Spektrum with a spectacular version of Choen\u2019s \u201cFirst We Take Manhattan\u201d. The concert and the television recording left viewers with thoughts about what an artist we lost when \u00c5se chose a career in cultural bureaucracy and politics.<br \/>\nBut now the answer to this question is here, with the release of \u00c5se Kleveland\u2019s first solo recording since 1976, backed by The Salmon Smokers.<br \/>\n\u201cP\u00e5 Frihjul\u201d contains a wide range of music that points all the way back to the records that first made her famous in the 1960s, via the 70s and up to a contemporary expression that incorporates blues, folk, soul and rock \u2018n\u2019 roll. Everything sung with one of Norwegian music\u2019s most distinctive voices, a vocal authority that now reach listeners of many generations.<br \/>\nThe album is produced in collaboration with multi-instrumentalist Freddy Holm (Luke Elliot, Tove B\u00f8ygard.<\/p>\n<p><!--more--><\/p>\n<h4><\/h4>\n<\/p>\n<h4><\/h4>\n<\/p>\n<h4><\/h4>\n<\/p>\n<p><\/p>","protected":false},"excerpt":{"rendered":"<p class=\"qtranxs-available-languages-message qtranxs-available-languages-message-en\">Sorry, this entry is only available in <a href=\"https:\/\/grappa.no\/no\/wp-json\/wp\/v2\/product\/37683\" class=\"qtranxs-available-language-link qtranxs-available-language-link-no\" title=\"Norsk\">Norsk<\/a>.<\/p>\n<p>\u00c5se Kleveland med sitt f\u00f8rste egne album p\u00e5 nesten 45 \u00e5r!<\/p>\n","protected":false},"featured_media":37684,"comment_status":"closed","ping_status":"open","template":"","meta":[],"product_brand":[],"product_cat":[6],"product_tag":[],"class_list":{"0":"post-37683","1":"product","2":"type-product","3":"status-publish","4":"has-post-thumbnail","6":"product_cat-grappa","7":"product_shipping_class-cddvd-shipping","8":"uni_artist_tag-anne-grete-preus","9":"uni_artist_tag-arne-bendiksen","10":"uni_artist_tag-ase-kleveland","11":"uni_artist_tag-bob-dylan","12":"uni_artist_tag-eigil-berg","13":"uni_artist_tag-freddy-holm","14":"uni_artist_tag-georg-friedrich-handel","15":"uni_artist_tag-jim-morrison","16":"uni_artist_tag-john-lennon","17":"uni_artist_tag-kc-douglas","18":"uni_artist_tag-peps-persson","19":"uni_artist_tag-robert-l-geddins","20":"uni_artist_tag-terje-norum","21":"uni_artist_tag-the-salmon-smokers","22":"uni_main_artist_tag-ase-kleveland","23":"uni_artist_genre-norwegian-lyrics","24":"uni_artist_genre-pop","25":"uni_artist_genre-rock","27":"first","28":"instock","29":"taxable","30":"shipping-taxable","31":"purchasable","32":"product-type-simple"},"_links":{"self":[{"href":"https:\/\/grappa.no\/en\/wp-json\/wp\/v2\/product\/37683","targetHints":{"allow":["GET"]}}],"collection":[{"href":"https:\/\/grappa.no\/en\/wp-json\/wp\/v2\/product"}],"about":[{"href":"https:\/\/grappa.no\/en\/wp-json\/wp\/v2\/types\/product"}],"replies":[{"embeddable":true,"href":"https:\/\/grappa.no\/en\/wp-json\/wp\/v2\/comments?post=37683"}],"wp:featuredmedia":[{"embeddable":true,"href":"https:\/\/grappa.no\/en\/wp-json\/wp\/v2\/media\/37684"}],"wp:attachment":[{"href":"https:\/\/grappa.no\/en\/wp-json\/wp\/v2\/media?parent=37683"}],"wp:term":[{"taxonomy":"product_brand","embeddable":true,"href":"https:\/\/grappa.no\/en\/wp-json\/wp\/v2\/product_brand?post=37683"},{"taxonomy":"product_cat","embeddable":true,"href":"https:\/\/grappa.no\/en\/wp-json\/wp\/v2\/product_cat?post=37683"},{"taxonomy":"product_tag","embeddable":true,"href":"https:\/\/grappa.no\/en\/wp-json\/wp\/v2\/product_tag?post=37683"}],"curies":[{"name":"wp","href":"https:\/\/api.w.org\/{rel}","templated":true}]}}