{"id":37555,"date":"2020-03-13T00:00:00","date_gmt":"2020-03-12T23:00:00","guid":{"rendered":"https:\/\/grappa.no\/no\/albums\/ukategorisert\/out-of-our-minds\/"},"modified":"2020-03-25T20:34:07","modified_gmt":"2020-03-25T19:34:07","slug":"out-of-our-minds","status":"publish","type":"product","link":"https:\/\/grappa.no\/en\/albums\/blue-mood-records\/out-of-our-minds\/","title":{"rendered":"Out of our minds"},"content":{"rendered":"<p><\/p>\n<p>Debut album from the Norwegian Americana pioneers Trudy &amp; Dave!<\/p>\n<p>The past few years has been a new golde period for Americana in Norway &#8211; a genre that over her was established by high-profiled musicians such as Claudia Scott, Hellbillies and Jonas Fjeld. Among them are also Johanna Demker and Alf Bretteville-Jensen, who through thriving cooperation are back with their passion project Trudy &amp; Dave. <\/p>\n<p>Out of our minds contains both individual compositions and co-written material, and is presented in a band format with colleagues picked from the top shelf; Thomas Pettersen (drums), Magnus Berg (guitar), Bj\u00f8rn Berge (slide), Olav Torgeir Kopsland (strings), Bo Dundic Berg (bass) and Eivind Kl\u00f8ver\u00f8d (percussion). This results in a record that should please every throbbing Americana heart out there.<\/p>\n<p><!--more--><\/p>\n<p>Debut album from the Norwegian Americana pioneers Trudy &amp; Dave!<\/p>\n<h4><\/h4>\n<\/p>\n<h4><\/h4>\n<\/p>\n<h4><\/h4>\n<\/p>\n<p><\/p>","protected":false},"excerpt":{"rendered":"<p>Debut album from the Norwegian Americana pioneers Trudy &amp; Dave!<\/p>\n","protected":false},"featured_media":37556,"comment_status":"closed","ping_status":"open","template":"","meta":[],"product_brand":[],"product_cat":[51],"product_tag":[],"class_list":{"0":"post-37555","1":"product","2":"type-product","3":"status-publish","4":"has-post-thumbnail","6":"product_cat-blue-mood-records","7":"product_shipping_class-cddvd-shipping","8":"uni_artist_tag-alf-brettville-jensen","9":"uni_artist_tag-georg-storhaug","10":"uni_artist_tag-jace-everett","11":"uni_artist_tag-johanna-demker","12":"uni_artist_tag-john-hiatt","13":"uni_artist_tag-trudy-dave","14":"uni_main_artist_tag-trudy-dave","15":"uni_artist_genre-americana","16":"uni_artist_genre-blues","17":"uni_artist_genre-country","19":"first","20":"instock","21":"taxable","22":"shipping-taxable","23":"purchasable","24":"product-type-simple"},"_links":{"self":[{"href":"https:\/\/grappa.no\/en\/wp-json\/wp\/v2\/product\/37555","targetHints":{"allow":["GET"]}}],"collection":[{"href":"https:\/\/grappa.no\/en\/wp-json\/wp\/v2\/product"}],"about":[{"href":"https:\/\/grappa.no\/en\/wp-json\/wp\/v2\/types\/product"}],"replies":[{"embeddable":true,"href":"https:\/\/grappa.no\/en\/wp-json\/wp\/v2\/comments?post=37555"}],"wp:featuredmedia":[{"embeddable":true,"href":"https:\/\/grappa.no\/en\/wp-json\/wp\/v2\/media\/37556"}],"wp:attachment":[{"href":"https:\/\/grappa.no\/en\/wp-json\/wp\/v2\/media?parent=37555"}],"wp:term":[{"taxonomy":"product_brand","embeddable":true,"href":"https:\/\/grappa.no\/en\/wp-json\/wp\/v2\/product_brand?post=37555"},{"taxonomy":"product_cat","embeddable":true,"href":"https:\/\/grappa.no\/en\/wp-json\/wp\/v2\/product_cat?post=37555"},{"taxonomy":"product_tag","embeddable":true,"href":"https:\/\/grappa.no\/en\/wp-json\/wp\/v2\/product_tag?post=37555"}],"curies":[{"name":"wp","href":"https:\/\/api.w.org\/{rel}","templated":true}]}}