{"id":37449,"date":"2018-12-07T00:00:00","date_gmt":"2018-12-06T23:00:00","guid":{"rendered":"https:\/\/grappa.no\/no\/albums\/ukategorisert\/bonn-for-drommen\/"},"modified":"2020-01-27T09:34:08","modified_gmt":"2020-01-27T08:34:08","slug":"bonn-for-drommen","status":"publish","type":"product","link":"https:\/\/grappa.no\/en\/albums\/grappa\/bonn-for-drommen\/","title":{"rendered":"B\u00f8nn for dr\u00f8mmen"},"content":{"rendered":"<p><\/p>\n<p>Newly composed music by Sigmund Groven with lyrics by Hans B\u00f8rli<\/p>\n<p>The album \u201dB\u00f8nn for Dr\u00f8mmen&quot; is released December 17th, celebrating the 100th anniversary of the widely loved Norwegian poet Hans B\u00f8rli.<br \/>\nA couple of years ago, mezzosoprano Marianne Bye Granheim and soprano Maren Myrvold contacted composer and harmonica player Sigmund Groven with a selection of poems by Hans B\u00f8rli. The result is the album \u201dB\u00f8nn for dr\u00f8mmen\u201d. It contains 12 songs with text by Hans B\u00f8rli and music by Sigmund Groven. Alongside the two singers, Groven contributes on the harmonica, Aage Kvalbein on cello and Ivar Anton Waagaard on piano.<br \/>\nOn the album you will find early poems with rhyme and rhythm that gives notes to the folk song format, as well as later poems in free form that invites a more modern musical style.<\/p>\n<p><!--more--><\/p>\n<h4><\/h4>\n<\/p>\n<h4><\/h4>\n<\/p>\n<h4><\/h4>\n<\/p>\n<p><\/p>","protected":false},"excerpt":{"rendered":"<p>Celebrating the 100th anniversary of the widely loved Norwegian poet Hans B\u00f8rli.<\/p>\n","protected":false},"featured_media":37450,"comment_status":"closed","ping_status":"open","template":"","meta":[],"product_brand":[],"product_cat":[6],"product_tag":[],"class_list":{"0":"post-37449","1":"product","2":"type-product","3":"status-publish","4":"has-post-thumbnail","6":"product_cat-grappa","7":"product_shipping_class-cddvd-shipping","8":"uni_artist_tag-aage-kvalbein","9":"uni_artist_tag-ivar-anton-waagaard","10":"uni_artist_tag-maren-myrvold","11":"uni_artist_tag-marianne-bye-granheim","12":"uni_artist_tag-sigmund-groven","13":"uni_main_artist_tag-sigmund-groven","14":"uni_artist_genre-lieder","15":"uni_artist_genre-lyric-poetry","16":"uni_artist_genre-norwegian-lyrics","18":"first","19":"instock","20":"taxable","21":"shipping-taxable","22":"purchasable","23":"product-type-simple"},"_links":{"self":[{"href":"https:\/\/grappa.no\/en\/wp-json\/wp\/v2\/product\/37449","targetHints":{"allow":["GET"]}}],"collection":[{"href":"https:\/\/grappa.no\/en\/wp-json\/wp\/v2\/product"}],"about":[{"href":"https:\/\/grappa.no\/en\/wp-json\/wp\/v2\/types\/product"}],"replies":[{"embeddable":true,"href":"https:\/\/grappa.no\/en\/wp-json\/wp\/v2\/comments?post=37449"}],"wp:featuredmedia":[{"embeddable":true,"href":"https:\/\/grappa.no\/en\/wp-json\/wp\/v2\/media\/37450"}],"wp:attachment":[{"href":"https:\/\/grappa.no\/en\/wp-json\/wp\/v2\/media?parent=37449"}],"wp:term":[{"taxonomy":"product_brand","embeddable":true,"href":"https:\/\/grappa.no\/en\/wp-json\/wp\/v2\/product_brand?post=37449"},{"taxonomy":"product_cat","embeddable":true,"href":"https:\/\/grappa.no\/en\/wp-json\/wp\/v2\/product_cat?post=37449"},{"taxonomy":"product_tag","embeddable":true,"href":"https:\/\/grappa.no\/en\/wp-json\/wp\/v2\/product_tag?post=37449"}],"curies":[{"name":"wp","href":"https:\/\/api.w.org\/{rel}","templated":true}]}}