{"id":37348,"date":"2019-11-15T00:00:00","date_gmt":"2019-11-14T23:00:00","guid":{"rendered":"https:\/\/grappa.no\/no\/albums\/ukategorisert\/dialogues\/"},"modified":"2023-03-20T11:56:37","modified_gmt":"2023-03-20T10:56:37","slug":"dialogues","status":"publish","type":"product","link":"https:\/\/grappa.no\/en\/albums\/grappa\/dialogues\/","title":{"rendered":"Dialogues"},"content":{"rendered":"<p><\/p>\n<p>Tora Augestad &#8211; Dialogues<\/p>\n<p>This spring Tora Augestad won, together with the Oslo Philharmonic Orchestra, the Norwegian Grammy for the album \u201cPortraying Passion\u201d.<br \/>\nOn her latest release \u201cDialogues\u201d, Augestad goes all the way down in format and presents a double album where each song is a duet with musicians she has worked with over the last 20 years.<\/p>\n<p><!--more--><\/p>\n<p>New double album from Tora Augestad<\/p>\n<h4><\/h4>\n<p>The record describes a special artistry; Augestad is known as a genre juggler and front-runner who takes every musical landscape she moves into seriously. The duo format is intimate and the songs are from Henry Purcell via Schubert, Jan Eggum and Kari Bremnes to newly written songs by Mathias Eick and Trygve Seim have a subdued feel. The double record follows a day and tries to<br \/>\ntranscend genres. Classic pearls glide seamlessly into evergreens from \u201cThe American songbook\u201d, to recent songs by Geirr Tveitt and John Cage. Once again, it\u2019s a unique album from her hand.<\/p>\n<p>The musicians she brings with her are Trygve Seim, Christian Eggen and Svante Henryson, Frode Barth, Frank Hovland (Bergen), Bendix Dethleffsen (from Ibsen Award winner Marthaler&#8217;s theater productions), Torbj\u00f8rn Dyrud, Erlend Skomsvoll, J\u00f8rn Simen \u00d8verli and the Swiss baroque specialist Martin Zeller. In addition, her own ensemble is Music for a while with Stian Carstensen, Mathias Eick, Trygve Br\u00f8ske, P\u00e5l Hausken and Martin Taxt as co- musicians.<\/p>\n<h4><\/h4>\n<h4><\/h4>\n<p><\/p>","protected":false},"excerpt":{"rendered":"<p>Double duet-album from Tora Augestad<\/p>\n","protected":false},"featured_media":37349,"comment_status":"closed","ping_status":"closed","template":"","meta":[],"product_brand":[],"product_cat":[6],"product_tag":[],"class_list":{"0":"post-37348","1":"product","2":"type-product","3":"status-publish","4":"has-post-thumbnail","6":"product_cat-grappa","7":"product_shipping_class-cddvd-shipping","8":"uni_artist_tag-aslaug-lastad-lygre","9":"uni_artist_tag-bendix-dethleffsen","10":"uni_artist_tag-beppe-wolkers","11":"uni_artist_tag-bill-evans","12":"uni_artist_tag-christian-eggen","13":"uni_artist_tag-coleman-barks","14":"uni_artist_tag-edmond-haraucourt","15":"uni_artist_tag-eric-maschwitz","16":"uni_artist_tag-erlend-skomsvoll","17":"uni_artist_tag-francis-poulenc","18":"uni_artist_tag-frank-hovland","19":"uni_artist_tag-franz-schubert","20":"uni_artist_tag-friedrich-hollander","21":"uni_artist_tag-frode-barth","22":"uni_artist_tag-geirr-tveitt","23":"uni_artist_tag-guillaume-apollinaire","24":"uni_artist_tag-henry-purcell","25":"uni_artist_tag-ivor-gurney","26":"uni_artist_tag-jacob-paulli","27":"uni_artist_tag-james-joyce","28":"uni_artist_tag-james-taylor","29":"uni_artist_tag-jan-eggum","30":"uni_artist_tag-jelaluddin-rumi","31":"uni_artist_tag-john-cage","32":"uni_artist_tag-john-dowland","33":"uni_artist_tag-john-dryden","34":"uni_artist_tag-jorn-simen-overli","35":"uni_artist_tag-kari-bremnes","36":"uni_artist_tag-kate-augestad","37":"uni_artist_tag-kurt-weill","38":"uni_artist_tag-langston-hughes","39":"uni_artist_tag-leigh-harline","40":"uni_artist_tag-manning-sherwin","41":"uni_artist_tag-martin-abrahamsen","42":"uni_artist_tag-martin-taxt","43":"uni_artist_tag-martin-zeller","44":"uni_artist_tag-mathias-eick","45":"uni_artist_tag-ned-washington","46":"uni_artist_tag-oscar-hammerstein-ii","47":"uni_artist_tag-pal-hausken","48":"uni_artist_tag-richard-rogers","49":"uni_artist_tag-stian-carstensen","50":"uni_artist_tag-svante-henryson","51":"uni_artist_tag-tariq-ali","52":"uni_artist_tag-thomas-campion","53":"uni_artist_tag-thorvald-steen","54":"uni_artist_tag-tora-augestad","55":"uni_artist_tag-torbjorn-dyrud","56":"uni_artist_tag-trad","57":"uni_artist_tag-trygve-broske","58":"uni_artist_tag-trygve-seim","59":"uni_artist_tag-wilhelm-muller","60":"uni_artist_tag-zygmunt-konieczny","61":"uni_main_artist_tag-tora-augestad","62":"uni_artist_genre-jazz","64":"first","65":"outofstock","66":"taxable","67":"shipping-taxable","68":"purchasable","69":"product-type-simple"},"_links":{"self":[{"href":"https:\/\/grappa.no\/en\/wp-json\/wp\/v2\/product\/37348","targetHints":{"allow":["GET"]}}],"collection":[{"href":"https:\/\/grappa.no\/en\/wp-json\/wp\/v2\/product"}],"about":[{"href":"https:\/\/grappa.no\/en\/wp-json\/wp\/v2\/types\/product"}],"replies":[{"embeddable":true,"href":"https:\/\/grappa.no\/en\/wp-json\/wp\/v2\/comments?post=37348"}],"wp:featuredmedia":[{"embeddable":true,"href":"https:\/\/grappa.no\/en\/wp-json\/wp\/v2\/media\/37349"}],"wp:attachment":[{"href":"https:\/\/grappa.no\/en\/wp-json\/wp\/v2\/media?parent=37348"}],"wp:term":[{"taxonomy":"product_brand","embeddable":true,"href":"https:\/\/grappa.no\/en\/wp-json\/wp\/v2\/product_brand?post=37348"},{"taxonomy":"product_cat","embeddable":true,"href":"https:\/\/grappa.no\/en\/wp-json\/wp\/v2\/product_cat?post=37348"},{"taxonomy":"product_tag","embeddable":true,"href":"https:\/\/grappa.no\/en\/wp-json\/wp\/v2\/product_tag?post=37348"}],"curies":[{"name":"wp","href":"https:\/\/api.w.org\/{rel}","templated":true}]}}