{"id":37135,"date":"2019-10-25T00:00:00","date_gmt":"2019-10-24T23:00:00","guid":{"rendered":"https:\/\/grappa.no\/no\/albums\/ukategorisert\/crossing-the-rubicon\/"},"modified":"2019-11-05T12:14:06","modified_gmt":"2019-11-05T11:14:06","slug":"crossing-the-rubicon","status":"publish","type":"product","link":"https:\/\/grappa.no\/en\/albums\/grappa\/crossing-the-rubicon\/","title":{"rendered":"Crossing the Rubicon"},"content":{"rendered":"<p><\/p>\n<p>\u00c5ge Sten Nilsen &#8211; Crossing the Rubicon<\/p>\n<p>After serving up a pack of great singles, is \u00c5ge Sten Nilsens new album Crossing The Rubicon finally dawning upon us. It\u2019s out on Grappa Musikkforlag on CD, vinyl and streaming services on October 25th.<\/p>\n<p>With \u00abBaby Don\u2019t Be Leave\u00bb, \u00abGhost On The Wall\u00bb, \u00abJupiter &amp; Venus\u00bb and \u00abFire Meets Fire\u00bb, \u00c5ge Sten Nilsen of Wig Wam fame has once again proved that he is able to create quality music regardless of genres. As with his previous solo efforts, \u00c5ge has had a goal that the music on Crossing The Rubicon should not be bound by genre. Rather each song has been arranged based on their unique premisses. <\/p>\n<p>On Crossing The Rubicon you get music without programed instruments, auto-tune and sampling. In it\u2019s essence it is recorded live, and every song and lyric are incredibly personal.<\/p>\n<p>\u2013 This is the closest thing you can come to a musical diary over my past two years, he says. <\/p>\n<p>In other words \u00c5ge makes sure that you guilt free can enjoy country, rock, pop and more with songs about love and intimacy. These tracks vary from what \u00c5ge makes with his rock band AMMUNITION.<\/p>\n<p>On Crossing The Rubicon the musicians are Freddy Holm, Atle Rakv\u00e5g, Eivind Kl\u00f8ver\u00f8d and Ola Aanje, who are \u00c5ges solo band The Butterflies.<\/p>\n<p><!--more--><\/p>\n<p>After serving up a pack of great singles, is \u00c5ge Sten Nilsens new album Crossing The Rubicon finally dawning upon us. It\u2019s out on Grappa Musikkforlag on CD, vinyl and streaming services on October 25th.<\/p>\n<h4><\/h4>\n<\/p>\n<h4><\/h4>\n<\/p>\n<h4><\/h4>\n<\/p>\n<p><\/p>","protected":false},"excerpt":{"rendered":"<p>Crossing the Rubicon is the closest thing you can come to a musical diary over \u00c5ge Sten Nilsen&#8217;s past two years<\/p>\n","protected":false},"featured_media":37136,"comment_status":"closed","ping_status":"open","template":"","meta":[],"product_brand":[],"product_cat":[6],"product_tag":[],"class_list":{"0":"post-37135","1":"product","2":"type-product","3":"status-publish","4":"has-post-thumbnail","6":"product_cat-grappa","7":"product_shipping_class-cddvd-shipping","8":"uni_artist_tag-age-sten-nilsen","9":"uni_artist_tag-atle-rakvag","10":"uni_artist_tag-eivind-kloverod","11":"uni_artist_tag-freddy-holm","12":"uni_artist_tag-kare-kolve","13":"uni_artist_tag-ola-aanje","14":"uni_artist_tag-tore-johannes-skauen","15":"uni_main_artist_tag-age-sten-nilsen","16":"uni_artist_genre-country","17":"uni_artist_genre-pop","18":"uni_artist_genre-rock","20":"first","21":"instock","22":"taxable","23":"shipping-taxable","24":"purchasable","25":"product-type-simple"},"_links":{"self":[{"href":"https:\/\/grappa.no\/en\/wp-json\/wp\/v2\/product\/37135","targetHints":{"allow":["GET"]}}],"collection":[{"href":"https:\/\/grappa.no\/en\/wp-json\/wp\/v2\/product"}],"about":[{"href":"https:\/\/grappa.no\/en\/wp-json\/wp\/v2\/types\/product"}],"replies":[{"embeddable":true,"href":"https:\/\/grappa.no\/en\/wp-json\/wp\/v2\/comments?post=37135"}],"wp:featuredmedia":[{"embeddable":true,"href":"https:\/\/grappa.no\/en\/wp-json\/wp\/v2\/media\/37136"}],"wp:attachment":[{"href":"https:\/\/grappa.no\/en\/wp-json\/wp\/v2\/media?parent=37135"}],"wp:term":[{"taxonomy":"product_brand","embeddable":true,"href":"https:\/\/grappa.no\/en\/wp-json\/wp\/v2\/product_brand?post=37135"},{"taxonomy":"product_cat","embeddable":true,"href":"https:\/\/grappa.no\/en\/wp-json\/wp\/v2\/product_cat?post=37135"},{"taxonomy":"product_tag","embeddable":true,"href":"https:\/\/grappa.no\/en\/wp-json\/wp\/v2\/product_tag?post=37135"}],"curies":[{"name":"wp","href":"https:\/\/api.w.org\/{rel}","templated":true}]}}