{"id":36964,"date":"2012-08-31T00:00:00","date_gmt":"2012-08-30T23:00:00","guid":{"rendered":"https:\/\/grappa.no\/no\/albums\/ukategorisert\/salmesykkel\/"},"modified":"2025-06-13T14:01:29","modified_gmt":"2025-06-13T13:01:29","slug":"salmesykkel","status":"publish","type":"product","link":"https:\/\/grappa.no\/en\/albums\/hubro\/salmesykkel\/","title":{"rendered":"Salmesykkel"},"content":{"rendered":"<p><\/p>\n<p>Exciting debut album Hubro is proud to present the debut recording of the exceptionally talented young piano trio Moskus. The musical roots of the group are firmly planted in the fertile earth of chamber jazz, but have been nourished by everything from hymns to the films of Ivo Caprino, from the music of Paul and Carla Bley to late-night skiing trips in the mountains, from post-rock to French pancakes and gospel. Pianist Anja Lauvdal, bass player Fredrik Luhr Dietrichson and drummer Hans Hulb\u00e6kmo are all in their early twenties, and have been part of the creative milieu in the Jazz Department of the Trondheim Conservatory of Music. Anja and Hans have already made a name for themselves as part of the critically acclaimed rock bands Your Headlights are On and The Avalanche\/Sn\u00f8skred. In 2011 Moskus was the first jazz band to win Grappa Record Company\u2019s annual \u201cDebut Artist Award\u201d.<\/p>\n<p><!--more--><\/p>\n<p>Hubro is proud to present the debut recording of the exceptionally talented young piano trio Moskus. The musical roots of the group are firmly planted in the fertile earth of chamber jazz, but have been nourished by everything from hymns to the films of Ivo Caprino, from the music of Paul and Carla Bley to late-night skiing trips in the mountains, from post-rock to French pancakes and gospel.<\/p>\n<h4>Mature and youthful<\/h4>\n<p>Moskus combines a personal and mature mode of expression, normally found among much older musicians, with youthful energy and unprejudiced openness. The band has a dynamic presence, alternating effortlessly between uninhibited playfulness and introspective solemnity, between free improvisation and composed material. The three members of the group function as equals, and they all contribute as composers<\/p>\n<h4>Atlantis<\/h4>\n<p>The album \u201cSalmesykkel\u201d (\u201cHymn Bicycle\u201d, referring to the harmonium\/reed organ\/ pump organ) was recorded in January 2012 at the legendary Atlantis Grammofon Studio, one of the oldest studios in Stockholm, with technician Micke Herrstr\u00f6m.<\/p>\n<h4><\/h4>\n<p><\/p>","protected":false},"excerpt":{"rendered":"<p class=\"qtranxs-available-languages-message qtranxs-available-languages-message-en\">Sorry, this entry is only available in <a href=\"https:\/\/grappa.no\/no\/wp-json\/wp\/v2\/product\/36964\" class=\"qtranxs-available-language-link qtranxs-available-language-link-no\" title=\"Norsk\">Norsk<\/a>.<\/p>\n<p>Bandet har sine musikalske r\u00f8tter godt plantet i veldrenert kammerjazz-jord, men henter n\u00e6ring fra alt fra salmer til Ivo Caprino, fra Paul- og Carla Bleys musikk til nattlige skiturer p\u00e5 Dovrefjell, fra postrock, franske pannekaker og gospel.<\/p>\n","protected":false},"featured_media":27365,"comment_status":"closed","ping_status":"closed","template":"","meta":[],"product_brand":[],"product_cat":[36],"product_tag":[],"class_list":{"0":"post-36964","1":"product","2":"type-product","3":"status-publish","4":"has-post-thumbnail","6":"product_cat-hubro","7":"product_shipping_class-cddvd-shipping","8":"uni_artist_tag-anja-lauvdal","9":"uni_artist_tag-fredrik-luhr-dietrichson","10":"uni_artist_tag-hans-hulbaekmo","11":"uni_main_artist_tag-moskus","12":"uni_artist_genre-improvised-music","13":"uni_artist_genre-instrumental","14":"uni_artist_genre-jazz","16":"first","17":"instock","18":"featured","19":"taxable","20":"shipping-taxable","21":"purchasable","22":"product-type-variable","23":"has-default-attributes"},"_links":{"self":[{"href":"https:\/\/grappa.no\/en\/wp-json\/wp\/v2\/product\/36964","targetHints":{"allow":["GET"]}}],"collection":[{"href":"https:\/\/grappa.no\/en\/wp-json\/wp\/v2\/product"}],"about":[{"href":"https:\/\/grappa.no\/en\/wp-json\/wp\/v2\/types\/product"}],"replies":[{"embeddable":true,"href":"https:\/\/grappa.no\/en\/wp-json\/wp\/v2\/comments?post=36964"}],"wp:featuredmedia":[{"embeddable":true,"href":"https:\/\/grappa.no\/en\/wp-json\/wp\/v2\/media\/27365"}],"wp:attachment":[{"href":"https:\/\/grappa.no\/en\/wp-json\/wp\/v2\/media?parent=36964"}],"wp:term":[{"taxonomy":"product_brand","embeddable":true,"href":"https:\/\/grappa.no\/en\/wp-json\/wp\/v2\/product_brand?post=36964"},{"taxonomy":"product_cat","embeddable":true,"href":"https:\/\/grappa.no\/en\/wp-json\/wp\/v2\/product_cat?post=36964"},{"taxonomy":"product_tag","embeddable":true,"href":"https:\/\/grappa.no\/en\/wp-json\/wp\/v2\/product_tag?post=36964"}],"curies":[{"name":"wp","href":"https:\/\/api.w.org\/{rel}","templated":true}]}}