{"id":36948,"date":"2012-04-20T00:00:00","date_gmt":"2012-04-19T23:00:00","guid":{"rendered":"https:\/\/grappa.no\/no\/albums\/ukategorisert\/down-to-the-bone\/"},"modified":"2020-08-21T08:56:25","modified_gmt":"2020-08-21T07:56:25","slug":"down-to-the-bone","status":"publish","type":"product","link":"https:\/\/grappa.no\/en\/albums\/grappa\/down-to-the-bone\/","title":{"rendered":"Down to the bone"},"content":{"rendered":"<p><\/p>\n<p>Norway\u2019s finest vocals and a superteam of musicians form The Humble Servants!  With two of Norway\u2019s finest vocals and a superteam of musicians The Humble Servants is now ready to release their debut album \u201cDown To The Bone\u201d.  The background for this project comes from a time when Lars Beckstr\u00f8m (De Lillos, Beckstr\u00f8m Kvartett), Paal Flaata (Midnight Choir) og G\u00f8ran Grini (Haddy N\u2019Jie, Few Good Men, John Peter &amp; His Collaborators) toured together in Germany and since then the trio wantet to make music together. The result became a record with Lars Beckstr\u00f8m\u2019s songs, which for the first time is writing English lyrics.   The Humble Servants are serving music that conveys many moods performed by two of Norway\u2019s finest vocalists. It\u2019s beautifull, strong melodies and lyrics and the band are inspired by Celtic\/ British folk and pop, but also by country music and Americana.   The Humble Servants started out as a studio project , in which Lars F. Beckstr\u00f8m invited good friends to the music studio. The project has evolved to become a band consisting of Paal Flaata og Live Miranda Solberg on vocals, Lars F. Beckstr\u00f8m on various string instruments, Marius Kristiansen on guitar, Tov Ramstad on dobble bass, G\u00f8ran Grini on piano, J\u00f8rn Raknes on pedal steel, Lise Voldsdal on fiddle and Rune Lindstr\u00f8m on drums.<\/p>\n<p><!--more--><\/p>\n<p>With two of Norway\u2019s finest vocals and a superteam of musicians The Humble Servants is now ready to release their debut album \u201cDown To The Bone\u201d.<\/p>\n<h4>Beautifull, strong melodies and lyrics<\/h4>\n<p>The Humble Servants are serving music that conveys many moods performed by two of Norway\u2019s finest vocalists. It\u2019s beautifull, strong melodies and lyrics and the band are inspired by Celtic\/ British folk and pop, but also by country music and Americana.<\/p>\n<h4>Invited good friends<\/h4>\n<p>The Humble Servants started out as a studio project , in which Lars F. Beckstr\u00f8m invited good friends to the music studio. The project has evolved to become a band consisting of Paal Flaata og Live Miranda Solberg on vocals, Lars F. Beckstr\u00f8m on various string instruments, Marius Kristiansen on guitar, Tov Ramstad on dobble bass, G\u00f8ran Grini on piano, J\u00f8rn Raknes on pedal steel, Lise Voldsdal on fiddle and Rune Lindstr\u00f8m on drums.<\/p>\n<h4><\/h4>\n<\/p>\n<p><\/p>","protected":false},"excerpt":{"rendered":"<p>With two of Norway\u2019s finest vocals and a superteam of musicians The Humble Servants is now ready to release their debut album \u201cDown To The Bone\u201d<\/p>\n","protected":false},"featured_media":27060,"comment_status":"closed","ping_status":"open","template":"","meta":[],"product_brand":[],"product_cat":[6],"product_tag":[],"class_list":{"0":"post-36948","1":"product","2":"type-product","3":"status-publish","4":"has-post-thumbnail","6":"product_cat-grappa","7":"product_shipping_class-cddvd-shipping","8":"uni_artist_genre-americana","9":"uni_artist_genre-country","10":"uni_artist_genre-folk-music","11":"uni_artist_genre-pop","13":"first","14":"instock","15":"taxable","16":"shipping-taxable","17":"purchasable","18":"product-type-variable","19":"has-default-attributes"},"_links":{"self":[{"href":"https:\/\/grappa.no\/en\/wp-json\/wp\/v2\/product\/36948","targetHints":{"allow":["GET"]}}],"collection":[{"href":"https:\/\/grappa.no\/en\/wp-json\/wp\/v2\/product"}],"about":[{"href":"https:\/\/grappa.no\/en\/wp-json\/wp\/v2\/types\/product"}],"replies":[{"embeddable":true,"href":"https:\/\/grappa.no\/en\/wp-json\/wp\/v2\/comments?post=36948"}],"wp:featuredmedia":[{"embeddable":true,"href":"https:\/\/grappa.no\/en\/wp-json\/wp\/v2\/media\/27060"}],"wp:attachment":[{"href":"https:\/\/grappa.no\/en\/wp-json\/wp\/v2\/media?parent=36948"}],"wp:term":[{"taxonomy":"product_brand","embeddable":true,"href":"https:\/\/grappa.no\/en\/wp-json\/wp\/v2\/product_brand?post=36948"},{"taxonomy":"product_cat","embeddable":true,"href":"https:\/\/grappa.no\/en\/wp-json\/wp\/v2\/product_cat?post=36948"},{"taxonomy":"product_tag","embeddable":true,"href":"https:\/\/grappa.no\/en\/wp-json\/wp\/v2\/product_tag?post=36948"}],"curies":[{"name":"wp","href":"https:\/\/api.w.org\/{rel}","templated":true}]}}