{"id":36565,"date":"2019-04-12T00:00:00","date_gmt":"2019-04-11T23:00:00","guid":{"rendered":"https:\/\/www.grappa.no\/no\/albums\/ukategorisert\/salika-molika\/"},"modified":"2019-05-30T09:49:30","modified_gmt":"2019-05-30T08:49:30","slug":"salika-molika","status":"publish","type":"product","link":"https:\/\/grappa.no\/en\/albums\/hubro\/salika-molika\/","title":{"rendered":"Salika, Molika"},"content":{"rendered":"<p><\/p>\n<p>Amalgam of old and new.<\/p>\n<p>The third album by the trio of Erlend Apneseth &#8211; Norway\u2019s new star of the Hardanger fiddle &#8211; builds on the foundations set by their acclaimed debut recording, \u2018Det Andre Rommet\u2019 (which was nominated for a Norwegian \u2018Grammy\u2019) and its equally praised follow-up, \u2018\u00c5ra\u2019, to create a thrillingly contemporary-sounding amalgam of old and new, mixed and co-produced once again by Jorgen Tr\u00e6een (Jaga Jazzist, R\u00f8yksopp, etc). Commissioned by Bergen Kj\u00f8tt, a former meat packing factory now converted to artist\u2019s studios and performance space, and partly recorded there, \u2018Salika, Molika\u2019 combines elements from traditional folk music with experimental improvisation and electronics to produce a fascinating hybrid form where inspired acoustic picking on fiddle and baritone guitar or zither plus percussion is matched by live sampling and processing to create intricately patterned tesselations of sound. The addition of the celebrated accordionist and composer Frode Haltli &#8211; on whose masterly Hubro album of 2018, \u2018Avant Folk\u2019, Erlend Apneseth played &#8211; deepens the mix to produce a denser yet more nuanced ensemble-sound, while the incorporation of spoken word and ambient recordings &#8211; following a model first established in \u2018\u00c5ra&#8217; &#8211; provides a further discursive layer to the musical text.<\/p>\n<p><!--more--><\/p>\n<p>Folk past meets folk future in the Erlend Apneseth Trio\u2019s new album of music, sound and spoken word, featuring accordionist Frode Haltli<\/p>\n<h4>A Sonic Journey<\/h4>\n<p>Rather than over-egging an already rich pudding with too many ingredients, the resulting palimpsest of music, sound and spoken word comes across as entirely natural-sounding, while much of \u2019Salika, Molika\u2019 positively rocks, with compulsive, middle-eastern influenced grooves riffing on minimalist ear-worm melodies and trip-hop beats. Elsewhere, eerie glissando drones, plucked strings and the accordion&#8217;s wheezy sighs meet the repetitive pulse of what sounds like percussive raindrops. This is deeply rooted music, at times so ancient-sounding that it feels like it was dug up out of the ground. At other times, the effect suggests a heroically modernist, mid-twentieth century take on medieval sources, rather as if Penderecki or Ligeti were re-scoring Bergman\u2019s \u2019The Seventh Seal\u2019. \u2019Salika, Molika&#8217; is also very consciously structured as a kind of sonic journey, the music first emerging from &#8211; and then eventually returning to &#8211; whispers of pure sound, while in between various modes and influences are picked up and tried out. Throughout, the band &#8211; which with the addition of Haltli becomes a four-way supergroup &#8211; plays superbly. Guitarist Stephan Meidell is already a star of the Hubro catalogue with his solo album, \u2018Metrics\u2019, and as a third of the group Cakewalk; percussionist\/drummer \u00d8yvind Hegg-Lunde &#8211; who plays with Meidell in the duo Strings &amp; Timpani &#8211; is also a member of the influential band Building Instrument.<\/p>\n<h4>Bergen Kj\u00f8tt<\/h4>\n<p>\u201cThe project started with a commission from Bergen Kj\u00f8tt to make a concert with new music in a really big room in the old meat factory\u201d, says Erlend Apseneth. \u201cThe idea was basically to write music, meet there for a week of rehearsals before the concert, and see how the music would develop in the room. Bringing in Frode was just that we saw this as an opportunity to work with him, all three of us being fans of what he has been doing for several years as a really top class contemporary musician. And I had just worked with Frode on his big project Avant Folk and felt a connection with his ideas, his musicianship, and the way he combines folk with other influences without losing the core of it.\u201d<\/p>\n<h4>Archive recordings<\/h4>\n<p>The music on the album comes partly from the Bergen Kj\u00f8tt performance, and partly from the period of rehearsal leading up to it, while the spoken word interludes have a completely different provenance. \u201cThe three tracks containing spoken word and musical samples come from the folk music archive in \u00d8yvind and myself\u2019s home county of Sogn og Fjordane in the west of Norway\u201d says Apneseth, who comes from the county\u2019s district of J\u00f8lster. &quot;It is not related to Bergen Kj\u00f8tt, but more a continuation of what we have done in our previous releases, using old archive recordings as inspiration, or as the basis for a new composition. These recordings, often recorded in people\u2019s homes, are really inspiring for us because it is a way to connect with the past musically without being nostalgic or romantic. There is something so genuine and real about these voices, and we really want to lift them up and bring them out into the light.\u201d<br \/>\nWhile the use of the archive recordings could seem unrelated to the rest of the album\u2019s contents, they actually have a vitally important role to play. The three tunes that feature brief excerpts of regional folk musicians Audun Takle, Karen Hatleberg and Harald Takle either talking or singing, are developed from the samples\u2019 rhythmic motifs, which become the basis for subsequent improvisations, uniting past and present into a remarkable synergy of sources.<\/p>\n<p><\/p>","protected":false},"excerpt":{"rendered":"<p>Folk past meets folk future in the Erlend Apneseth Trio\u2019s new album of music, sound and spoken word, featuring accordionist Frode Haltli.<\/p>\n","protected":false},"featured_media":36566,"comment_status":"closed","ping_status":"open","template":"","meta":[],"product_brand":[],"product_cat":[36],"product_tag":[],"class_list":{"0":"post-36565","1":"product","2":"type-product","3":"status-publish","4":"has-post-thumbnail","6":"product_cat-hubro","7":"product_shipping_class-cddvd-shipping","8":"uni_artist_tag-erlend-apneseth","9":"uni_artist_tag-erlend-apneseth-trio","10":"uni_artist_tag-frode-haltli","11":"uni_artist_tag-oyvind-hegg-lunde","12":"uni_artist_tag-stephan-meidell","13":"uni_main_artist_tag-erlend-apneseth-trio","14":"uni_artist_genre-folk-music","15":"uni_artist_genre-rock","17":"first","18":"instock","19":"taxable","20":"shipping-taxable","21":"purchasable","22":"product-type-simple"},"_links":{"self":[{"href":"https:\/\/grappa.no\/en\/wp-json\/wp\/v2\/product\/36565","targetHints":{"allow":["GET"]}}],"collection":[{"href":"https:\/\/grappa.no\/en\/wp-json\/wp\/v2\/product"}],"about":[{"href":"https:\/\/grappa.no\/en\/wp-json\/wp\/v2\/types\/product"}],"replies":[{"embeddable":true,"href":"https:\/\/grappa.no\/en\/wp-json\/wp\/v2\/comments?post=36565"}],"wp:featuredmedia":[{"embeddable":true,"href":"https:\/\/grappa.no\/en\/wp-json\/wp\/v2\/media\/36566"}],"wp:attachment":[{"href":"https:\/\/grappa.no\/en\/wp-json\/wp\/v2\/media?parent=36565"}],"wp:term":[{"taxonomy":"product_brand","embeddable":true,"href":"https:\/\/grappa.no\/en\/wp-json\/wp\/v2\/product_brand?post=36565"},{"taxonomy":"product_cat","embeddable":true,"href":"https:\/\/grappa.no\/en\/wp-json\/wp\/v2\/product_cat?post=36565"},{"taxonomy":"product_tag","embeddable":true,"href":"https:\/\/grappa.no\/en\/wp-json\/wp\/v2\/product_tag?post=36565"}],"curies":[{"name":"wp","href":"https:\/\/api.w.org\/{rel}","templated":true}]}}