{"id":36534,"date":"2019-05-31T00:00:00","date_gmt":"2019-05-30T23:00:00","guid":{"rendered":"https:\/\/www.grappa.no\/no\/albums\/ukategorisert\/vassvik-gakti\/"},"modified":"2019-06-24T14:19:31","modified_gmt":"2019-06-24T13:19:31","slug":"gakti","status":"publish","type":"product","link":"https:\/\/grappa.no\/en\/albums\/heilo\/gakti\/","title":{"rendered":"G\u00e1kti"},"content":{"rendered":"<p><\/p>\n<p>Avant-Garde Joik with modern strings: powerful, sensual and meditative<\/p>\n<p>Building on the powerful joik of Torgeir Vassvik, VASSVIK explores the span between improvised and traditional music. In addition to Torgeir, the band consists of the merited brothers Rasmus and Hans P. Kjorstad and sound technician Audun Strype. The unique combination of experimental strings and joik creates a sound best described as &quot;progressive joik with modern strings; powerful, sensual and meditative&quot;.<\/p>\n<p><!--more--><\/p>\n<p>&quot;The core of the S\u00e1mi culture is the animism: everything is connected, everything is alive. G\u00e1kti is the often colourful outfit, which we S\u00e1mi people are so lucky to have. It has a wider meaning than wearing clothes. It draws a lot of attention to our culture and keeps our identity alive. It protects us, just as the ice shall cover important parts of the earth. My personal G\u00e1kti is the music that is deeply rooted in the traditional Joik and the S\u00e1mi culture. At the same time I love to create new patterns and designs by undertaking sound experiments and updating the animistic tradition.&quot; &#8211; Torgeir Vassvik<\/p>\n<h4>Innovative, experimental expression of ancient tradition<\/h4>\n<p>The pieces on \u201cG\u00e1kti\u201d include personal Joiks (a Joik dedicated to someone), tributes to nature, friendship, love and feminine power, songs on climate change, songs for those who are gone, but still live, and Joiks of the world view of indigenous people. The music develops a seamless relationship between Joik, improvised instrumental music, electronics, guitar- and fiddle riffs. It has rhythmic pull, is open and multifaceted. By combining a convincing foundation in old traditional music, with willingness, eagerness and ability to experiment within that frame, VASSVIK succeeds at creating a meditative, sensual and powerful musical expression.<\/p>\n<p>&quot;Torgeir Vassvik&#8217;s latest album G\u00e1kti is a compelling soundworld that blurs the line between music and nature itself. By fusing together Sami vocal art, electronic and avant folk textures and what can only be called &#8211; a deep shamanic blues \u2013 VASSVIK has created something enlightening and transformative. It is a 21st century soul music, that mines the past while it searches for the future.&quot; &#8211; Chris Eckman, Glitterbeat<\/p>\n<h4>Concerts<\/h4>\n<p>Nordic Folk Alliance, Sweden, April 10.-12.<br \/>\nCafeteatret, Oslo, June 07.<br \/>\nOrigins Festival, Rich Mix, London June 11. and 13.<br \/>\nSommelo Festival, Finland June 28.<br \/>\nF\u00f8rde Festival, Norway July 6. and 7.<br \/>\nFan\u00f8 Free Folk Festival, Denmark July 26.<br \/>\nHimmelstorm Festival, Denmark July 28.<br \/>\nM\u00e9ra World Music Festival, Romania Aug 4.<br \/>\nAncient Trance Festival, Taucha, Germany Aug 9.<\/p>\n<h4><\/h4>\n<\/p>\n<p><\/p>","protected":false},"excerpt":{"rendered":"<p>Innovative, experimental expression of ancient tradition<\/p>\n","protected":false},"featured_media":36536,"comment_status":"closed","ping_status":"open","template":"","meta":[],"product_brand":[],"product_cat":[35],"product_tag":[],"class_list":{"0":"post-36534","1":"product","2":"type-product","3":"status-publish","4":"has-post-thumbnail","6":"product_cat-heilo","7":"product_shipping_class-cddvd-shipping","8":"uni_artist_tag-audun-strype","9":"uni_artist_tag-hans-p-kjorstad","10":"uni_artist_tag-rasmus-kjorstad","11":"uni_artist_tag-torgeir-vassvik","12":"uni_artist_tag-vassvik","13":"uni_main_artist_tag-vassvik","14":"uni_artist_genre-traditional","15":"uni_artist_genre-world-music","17":"first","18":"instock","19":"taxable","20":"shipping-taxable","21":"purchasable","22":"product-type-simple"},"_links":{"self":[{"href":"https:\/\/grappa.no\/en\/wp-json\/wp\/v2\/product\/36534","targetHints":{"allow":["GET"]}}],"collection":[{"href":"https:\/\/grappa.no\/en\/wp-json\/wp\/v2\/product"}],"about":[{"href":"https:\/\/grappa.no\/en\/wp-json\/wp\/v2\/types\/product"}],"replies":[{"embeddable":true,"href":"https:\/\/grappa.no\/en\/wp-json\/wp\/v2\/comments?post=36534"}],"wp:featuredmedia":[{"embeddable":true,"href":"https:\/\/grappa.no\/en\/wp-json\/wp\/v2\/media\/36536"}],"wp:attachment":[{"href":"https:\/\/grappa.no\/en\/wp-json\/wp\/v2\/media?parent=36534"}],"wp:term":[{"taxonomy":"product_brand","embeddable":true,"href":"https:\/\/grappa.no\/en\/wp-json\/wp\/v2\/product_brand?post=36534"},{"taxonomy":"product_cat","embeddable":true,"href":"https:\/\/grappa.no\/en\/wp-json\/wp\/v2\/product_cat?post=36534"},{"taxonomy":"product_tag","embeddable":true,"href":"https:\/\/grappa.no\/en\/wp-json\/wp\/v2\/product_tag?post=36534"}],"curies":[{"name":"wp","href":"https:\/\/api.w.org\/{rel}","templated":true}]}}