{"id":36072,"date":"2018-10-12T00:00:00","date_gmt":"2018-10-11T23:00:00","guid":{"rendered":"https:\/\/www.grappa.no\/no\/albums\/ukategorisert\/silent-string\/"},"modified":"2019-06-11T13:05:00","modified_gmt":"2019-06-11T12:05:00","slug":"silent-string","status":"publish","type":"product","link":"https:\/\/grappa.no\/en\/albums\/grappa\/silent-string\/","title":{"rendered":"Silent String"},"content":{"rendered":"<p><\/p>\n<p>Einar Flaa releases his third studio album<\/p>\n<p>With gorgeous melodies and an A-team of fellow musicians, Flaa has created an album with an eternally relevant and essential message. On Silent String he truly shows his love for our nature. At the same time, he sharply points out how humanity depletes our resources, and the consequences of such. How the rich guards their riches, and no matter how much the Earth provide us with food, water and other necessities, we take it for granted.Silent String is recorded in a barn in Larvik, mixed and produced by Bjarne Stensli and Andreas Berzcelly, with musicians B\u00f8rge Fjordheim, Nikolai Eilertsen, Christer Knutsen and Geir Sundst\u00f8l, who has played with Sivert H\u00f8yem, BIGBANG, Band of Gold, and many more.<\/p>\n<p><!--more--><\/p>\n<h4><\/h4>\n<\/p>\n<h4><\/h4>\n<\/p>\n<h4><\/h4>\n<\/p>\n<p><\/p>","protected":false},"excerpt":{"rendered":"<p>With gorgeous melodies and an A-team of fellow musicians, Flaa has created an album with an eternally relevant and essential message.<\/p>\n","protected":false},"featured_media":36073,"comment_status":"closed","ping_status":"open","template":"","meta":[],"product_brand":[],"product_cat":[6],"product_tag":[],"class_list":{"0":"post-36072","1":"product","2":"type-product","3":"status-publish","4":"has-post-thumbnail","6":"product_cat-grappa","7":"product_shipping_class-cddvd-shipping","8":"uni_artist_tag-bjarne-stensli","9":"uni_artist_tag-borge-fjordheim","10":"uni_artist_tag-christer-knutsen","11":"uni_artist_tag-einar-flaa","12":"uni_artist_tag-geir-sundstol","13":"uni_artist_tag-nikolai-haengsle-eilertsen","14":"uni_main_artist_tag-einar-flaa","15":"uni_artist_genre-country","16":"uni_artist_genre-folk-music","17":"uni_artist_genre-pop","18":"uni_artist_genre-singersongwriter","20":"first","21":"instock","22":"taxable","23":"shipping-taxable","24":"purchasable","25":"product-type-simple"},"_links":{"self":[{"href":"https:\/\/grappa.no\/en\/wp-json\/wp\/v2\/product\/36072","targetHints":{"allow":["GET"]}}],"collection":[{"href":"https:\/\/grappa.no\/en\/wp-json\/wp\/v2\/product"}],"about":[{"href":"https:\/\/grappa.no\/en\/wp-json\/wp\/v2\/types\/product"}],"replies":[{"embeddable":true,"href":"https:\/\/grappa.no\/en\/wp-json\/wp\/v2\/comments?post=36072"}],"wp:featuredmedia":[{"embeddable":true,"href":"https:\/\/grappa.no\/en\/wp-json\/wp\/v2\/media\/36073"}],"wp:attachment":[{"href":"https:\/\/grappa.no\/en\/wp-json\/wp\/v2\/media?parent=36072"}],"wp:term":[{"taxonomy":"product_brand","embeddable":true,"href":"https:\/\/grappa.no\/en\/wp-json\/wp\/v2\/product_brand?post=36072"},{"taxonomy":"product_cat","embeddable":true,"href":"https:\/\/grappa.no\/en\/wp-json\/wp\/v2\/product_cat?post=36072"},{"taxonomy":"product_tag","embeddable":true,"href":"https:\/\/grappa.no\/en\/wp-json\/wp\/v2\/product_tag?post=36072"}],"curies":[{"name":"wp","href":"https:\/\/api.w.org\/{rel}","templated":true}]}}