{"id":35976,"date":"2018-10-05T00:00:00","date_gmt":"2018-10-04T23:00:00","guid":{"rendered":"https:\/\/www.grappa.no\/no\/albums\/ukategorisert\/brodlos\/"},"modified":"2020-08-21T09:17:28","modified_gmt":"2020-08-21T08:17:28","slug":"brodlos","status":"publish","type":"product","link":"https:\/\/grappa.no\/en\/albums\/hubro\/brodlos\/","title":{"rendered":"Br\u00f8dl\u00f8s"},"content":{"rendered":"<p><\/p>\n<p>An astonishing cinematic travelogue.  Ambient goes country and David Bowie and Brian Eno share a tune with John Coltrane in slide guitar maestro Geir Sundst\u00f8l\u2019s astonishing cinematic travelogue.  Although Sundst\u00f8l (born 1968) didn\u2019t make his solo album debut until 2015, with Hubro\u2019s \u2018Furulund\u2019, he is one of the most respected (and most frequently played on the radio) musicians in Norway, having appeared as a sideman on nearly 300 albums since turning professional in 1988, as well as touring internationally with artists as diverse as iconic Nordic pop-stars A-ha and the legendary post-jazz trumpeter Nils Petter-Molv\u00e6r (who has an important cameo role on \u2018Br\u00f8dl\u00f8s\u2019).  Tumbleweed blows across the widescreen desert vistas of a curiously Nordic western landscape; the melancholy-sounding scrape of a metal slide on bare steel wire is set to the same, slow, clip-clopping equestrian rhythms we hear in horse-drawn cultures from Texas to Outer Mongolia; what seem at first to be familiar musical textures drawn from ambient music, country rock or jazz are made strange through their juxtaposition with oddly clashing elements taken from totally different registers: Indian tabla drums with Mini-Moog, say, or the gated thwack and hiss of Eighties power-ballad drums next to an avant-garde electronic shimmer or Sneaky Pete-style pedal steel. It\u2019s a fascinating place where \u2018Paris, Texas\u2019 might meet \u2018Tubular Bells\u2019, Ennio Morricone can rub shoulders with Brian Eno, and David Bowie really does run into John Coltrane. This is \u2018Br\u00f8dl\u00f8s\u2019, the third solo album by the Norwegian composer, guitarist and multi-instrumentalist Geir Sundst\u00f8l.<\/p>\n<p><!--more--><\/p>\n<p>Ambient goes country and David Bowie and Brian Eno share a tune with John Coltrane in slide guitar maestro Geir Sundst\u00f8l\u2019s astonishing cinematic travelogue.<\/p>\n<h4>Br\u00f8dl\u00f8s<\/h4>\n<p>\u201cThe album title is the name of the area in my hometown of Halden, where I grew up\u201d, says Sundst\u00f8l. \u201cDirectly translated, it means \u201cout of bread\u201d, but perhaps penury would be a better translation. From what I\u2019ve been told, the name goes back to WW2. Hard times.\u201d Although Sundst\u00f8l (born 1968) didn\u2019t make his solo album debut until 2015, with Hubro\u2019s \u2018Furulund\u2019, he is one of the most respected (and most frequently played on the radio) musicians in Norway, having appeared as a sideman on nearly 300 albums since turning professional in 1988, as well as touring internationally with artists as diverse as iconic Nordic pop-stars A-ha and the legendary post-jazz trumpeter Nils Petter-Molvaer (who has an important cameo role on \u2018Br\u00f8dl\u00f8s\u2019). Sundst\u00f8l also has an international profile himself through his celebrated 1990s collaboration with U.S. alt-country singer-songwriter Jimmie Dale Gilmore, his role in the partnership credited with helping to inspire Joel and Ethan Coen &#8211; who attended one of the duo\u2019s concerts &#8211; to create the character of Gaear Grimsrud (the monosyllabic hitman played by Peter Stormare) in their Academy Award-winning film from 1996, \u2018Fargo.\u2019<\/p>\n<h4><\/h4>\n<p>While \u2018Br\u00f8dl\u00f8s\u2019 shares a number of points of continuity with \u2018Furulund\u2019 and its 2016 follow-up \u2018Langen ro\u2019, there are some important departures. \u201cWhen we started recording, I didn\u2019t have any specific plans other than I knew I wanted it to be a sad album\u201d, Sundstol says. \u201cSad is good.\u201d As with \u2018Furulund\u2019 (and unlike Langen ro\u2019, which was recorded at the St James church in Oslo) Sundst\u00f8l made the album at home, in his purpose-built studio, Studio Intim, once again calling upon some of his favourite musical collaborators, including drummer Erland Dahlen and pianist\/keyboardist David Wallumr\u00f8d, while playing a bewildering variety of obscure instruments &#8211; he\u2019s a collector as well as a composer &#8211; himself. One musician &#8211; and an important new instrumental voice &#8211; that he had not worked with previously was the young percussionist and tabla player Sanskriti Sherestra, who Sundst\u00f8l had seen playing with Bugge Wesseltoft\u2019s New Conception of Jazz.  \u201cI\u2019ve learned that it\u2019s good to invite at least one stranger to every session\u201d, he says of Sherestra\u2019s inclusion. \u201cI knew all the male musicians from before, and it\u2019s easy to fall into certain routines when you know your fellow players, but we who know each other will behave differently when there\u2019s a new person present. I didn\u2019t know Sanskriti Sherestra from before, and had only heard her once, but I\u2019d always wanted to play with tablas and I knew she was the one.\u201d    There are powerful echoes of all sorts of music throughout \u2018Brodlos\u2019, not least the abundant cinematic traces of  Morricone, and his scores for \u2018Days of Heaven\u2019, say, or \u201cCinema Paradiso\u2019 and even (in the album\u2019s magnificently moody closing piece, \u2018Waterloo\u2019), &#8216;The Good, the Bad and the Ugly\u2019. But the most striking homages must surely be those that occur in this remarkable album\u2019s even more remarkable centrepiece: the incredible pairing of David Bowie and Brian Eno\u2019s \u2018Warszawa\u2019 with John Coltrane\u2019s \u2018Alabama\u2019: a six-minute masterwork where Sundst\u00f8l melds both tunes and treats the deep, intensely spiritual and passionate threnody of Coltrane\u2019s protest-anthem (written in response to the bombing of the 16th Street Baptist Church in Birmingham, Alabama by the Ku Klux Klan, and the resulting deaths of four black girls) with all the due ceremony and gravitas of a sacred mass by Bach, his Cooder-esque slide guitar picking out the weeping melody with great tactility, and huge emotional impact. \u201cI just took my two favourite songs and put them together\u201d says Sundst\u00f8l, with typical modesty. \u201cPerhaps the two titles, combined, are an unconscious political statement.&quot;<\/p>\n<h4><\/h4>\n<p>Although it would be very hard to improve on \u2018Warszawa-Alabama\u2019, everything on \u2018Brodlos\u2019 has the same precise attention to sonic detail that makes listening to the album such an intense pleasure. The sound &#8211; recorded by B\u00e5rd Ingebrigtsen and Geir Sundst\u00f8l, mixed by B\u00e5rd Ingebrigtsen, and mastered by Helge Sten &#8211; feels super-saturated, like the too-bright-to-be-real colours of an old Kodachrome transparency, while the musical motifs and textures become more impressive with each incremental play. Like most real art, \u2018Br\u00f8dl\u00f8s\u2019 deepens over time and continues to offer up new subtleties the further into it one goes. Not overly indebted to any one musical genre or cult, it\u2019s also refreshingly open to anyone who cares to lend an ear. Impressively erudite and experimental yet enticingly nice to listen to: that\u2019s quite an achievement.<\/p>\n<p><\/p>","protected":false},"excerpt":{"rendered":"<p>Ambient goes country and David Bowie and Brian Eno share a tune with John Coltrane in slide guitar maestro Geir Sundst\u00f8l\u2019s astonishing cinematic travelogue.<\/p>\n","protected":false},"featured_media":35981,"comment_status":"closed","ping_status":"open","template":"","meta":[],"product_brand":[],"product_cat":[36],"product_tag":[],"class_list":{"0":"post-35976","1":"product","2":"type-product","3":"status-publish","4":"has-post-thumbnail","6":"product_cat-hubro","7":"product_shipping_class-cddvd-shipping","8":"uni_artist_tag-brian-eno","9":"uni_artist_tag-david-bowie","10":"uni_artist_tag-david-wallumrod","11":"uni_artist_tag-erland-dahlen","12":"uni_artist_tag-geir-sundstol","13":"uni_artist_tag-jo-berger-myhre","14":"uni_artist_tag-john-coltrane","15":"uni_artist_tag-mats-eilertsen","16":"uni_artist_tag-nils-petter-molvaer","17":"uni_artist_tag-sanskriti-sheresta","18":"uni_main_artist_tag-geir-sundstol","19":"uni_artist_genre-blues","20":"uni_artist_genre-electronic","21":"uni_artist_genre-instrumental","22":"uni_artist_genre-jazz","24":"first","25":"instock","26":"taxable","27":"shipping-taxable","28":"purchasable","29":"product-type-variable","30":"has-default-attributes"},"_links":{"self":[{"href":"https:\/\/grappa.no\/en\/wp-json\/wp\/v2\/product\/35976","targetHints":{"allow":["GET"]}}],"collection":[{"href":"https:\/\/grappa.no\/en\/wp-json\/wp\/v2\/product"}],"about":[{"href":"https:\/\/grappa.no\/en\/wp-json\/wp\/v2\/types\/product"}],"replies":[{"embeddable":true,"href":"https:\/\/grappa.no\/en\/wp-json\/wp\/v2\/comments?post=35976"}],"wp:featuredmedia":[{"embeddable":true,"href":"https:\/\/grappa.no\/en\/wp-json\/wp\/v2\/media\/35981"}],"wp:attachment":[{"href":"https:\/\/grappa.no\/en\/wp-json\/wp\/v2\/media?parent=35976"}],"wp:term":[{"taxonomy":"product_brand","embeddable":true,"href":"https:\/\/grappa.no\/en\/wp-json\/wp\/v2\/product_brand?post=35976"},{"taxonomy":"product_cat","embeddable":true,"href":"https:\/\/grappa.no\/en\/wp-json\/wp\/v2\/product_cat?post=35976"},{"taxonomy":"product_tag","embeddable":true,"href":"https:\/\/grappa.no\/en\/wp-json\/wp\/v2\/product_tag?post=35976"}],"curies":[{"name":"wp","href":"https:\/\/api.w.org\/{rel}","templated":true}]}}