{"id":35954,"date":"2018-10-05T00:00:00","date_gmt":"2018-10-04T23:00:00","guid":{"rendered":"https:\/\/www.grappa.no\/no\/albums\/ukategorisert\/ballade-tragica-halfdan-cleve-chamber-works\/"},"modified":"2019-10-07T13:50:01","modified_gmt":"2019-10-07T12:50:01","slug":"ballade-tragica-halfdan-cleve-chamber-works","status":"publish","type":"product","link":"https:\/\/grappa.no\/en\/albums\/simax-classics\/ballade-tragica-halfdan-cleve-chamber-works\/","title":{"rendered":"Ballade Tragica \u2013 Halfdan Cleve Chamber Works"},"content":{"rendered":"<p><\/p>\n<p>Music from Halfdan Cleve is finally on record!<\/p>\n<p>World premiere recording of Halfdan Cleve`s chamber works on CD. Tor Johan B\u00f8en has taken on the mission of bringing Cleve into the light and to make his music available for a wider audience. Cleve was not only a very successful composer, but he was also considered one of the greatest pianists in the Nordic region. Halfdan Cleve\u00b4s music has been neglected for almost 70 years; Several of his compositions only exists as manuscripts, there is not a major biography about him, and there is minimal of research done of his life and his musical activities \u2013 until now.<\/p>\n<p><!--more--><\/p>\n<p>World premiere recording of Halfdan Cleve`s chamber works on CD. Tor Johan B\u00f8en has taken on the mission of bringing Cleve into the light and to make his music available for a wider audience. Cleve was not only a very successful composer, but he was also considered one of the greatest pianists in the Nordic region.<\/p>\n<h4>Into the light<\/h4>\n<p>Halfdan Cleve\u00b4s music has been neglected for almost 70 years; Several of his compositions only exists as manuscripts, there is not a major biography about him, and there is minimal of research done of his life and his musical activities \u2013 until now. Tor Johan B\u00f8en has taken on the task to bring \u201cthe forgotten\u201d composer into the light again, and make one of Norway`s most important composers music available for a wider audience.<\/p>\n<h4>World premiere recording<\/h4>\n<p>In this world premiere recording Fragaria Vesca with Tor Johan B\u00f8en (violin), Sanae Yoshida (piano), Alison Rayner (violin), B\u00e9n\u00e9dicte Royer (viola) and Aur\u00e9lienne Brauner (cello), perform a number of Cleve`s chamber music works \u2013 most of them never before recorded. Based on the composer`s manuscripts B\u00f8en has made new sheet music of several of his works, and the thorough work has carried fruits: Tor Johan and his fellow musicians convey Cleve`s works in a great manner. Fragaria Vesca has previously introduced unknown music by Geirr Tveitt and David Monrad Johansen, among others, to great enthusiasm from the press: \u2013 Very nice. The release gives the impression of being created in the spirit of chamber music. In other words, a most welcome addition to so far unknown music by one of our greatest compositional talents ever. [Kjell Hillveg \/ Dagsavisen]<\/p>\n<h4><\/h4>\n<\/p>\n<p><\/p>","protected":false},"excerpt":{"rendered":"<p>Tor Johan B\u00f8en has taken on the mission of bringing Cleve into the light and to make his music available for a wider audience.<\/p>\n","protected":false},"featured_media":35955,"comment_status":"closed","ping_status":"open","template":"","meta":[],"product_brand":[],"product_cat":[180],"product_tag":[],"class_list":{"0":"post-35954","1":"product","2":"type-product","3":"status-publish","4":"has-post-thumbnail","6":"product_cat-simax-classics","7":"product_shipping_class-cddvd-shipping","8":"uni_artist_tag-aurelienne-brauner","9":"uni_artist_tag-benedicte-royer","10":"uni_artist_tag-fragaria-vesca","11":"uni_artist_tag-halfdan-cleve","12":"uni_artist_tag-jorn-pedersen","13":"uni_artist_tag-per-kristian-skalstad","14":"uni_artist_tag-sanae-yoshida","15":"uni_artist_tag-stephen-frost","16":"uni_artist_tag-tor-johan-boen","17":"uni_main_artist_tag-fragaria-vesca","18":"uni_artist_genre-chamber-music","19":"uni_artist_genre-world-premiere-recording","21":"first","22":"instock","23":"taxable","24":"shipping-taxable","25":"purchasable","26":"product-type-simple"},"_links":{"self":[{"href":"https:\/\/grappa.no\/en\/wp-json\/wp\/v2\/product\/35954","targetHints":{"allow":["GET"]}}],"collection":[{"href":"https:\/\/grappa.no\/en\/wp-json\/wp\/v2\/product"}],"about":[{"href":"https:\/\/grappa.no\/en\/wp-json\/wp\/v2\/types\/product"}],"replies":[{"embeddable":true,"href":"https:\/\/grappa.no\/en\/wp-json\/wp\/v2\/comments?post=35954"}],"wp:featuredmedia":[{"embeddable":true,"href":"https:\/\/grappa.no\/en\/wp-json\/wp\/v2\/media\/35955"}],"wp:attachment":[{"href":"https:\/\/grappa.no\/en\/wp-json\/wp\/v2\/media?parent=35954"}],"wp:term":[{"taxonomy":"product_brand","embeddable":true,"href":"https:\/\/grappa.no\/en\/wp-json\/wp\/v2\/product_brand?post=35954"},{"taxonomy":"product_cat","embeddable":true,"href":"https:\/\/grappa.no\/en\/wp-json\/wp\/v2\/product_cat?post=35954"},{"taxonomy":"product_tag","embeddable":true,"href":"https:\/\/grappa.no\/en\/wp-json\/wp\/v2\/product_tag?post=35954"}],"curies":[{"name":"wp","href":"https:\/\/api.w.org\/{rel}","templated":true}]}}