{"id":35842,"date":"2013-09-06T00:00:00","date_gmt":"2013-09-05T23:00:00","guid":{"rendered":"https:\/\/www.grappa.no\/no\/albums\/ukategorisert\/frida-annevik-ville-ord\/"},"modified":"2020-08-21T08:56:27","modified_gmt":"2020-08-21T07:56:27","slug":"ville-ord","status":"publish","type":"product","link":"https:\/\/grappa.no\/en\/albums\/grappa\/ville-ord\/","title":{"rendered":"Ville ord"},"content":{"rendered":"<p><\/p>\n<p>Long-awaited second album  Three years after her noteworthy debut, Frida \u00c5nnevik is finally releasing her long-awaited second album. Ville ord is, like its predecessor, a typical autumn album: atmospheric, intimate and thoughtful. But its soundscape is bigger and more electric. Although its pulse rate is higher and \u00c5nnevik is somewhat sharper around the edges this time around, the music still flows smoothly. Quickly and at the same time slowly. A little like when you awaken from a deep sleep, and the dreams start to accelerate, while at the same time waking reality gradually begins to seep in. Frida \u00c5nnevik immediately became a name to take note of when her debut album, Synlige hjerteslag, was released in 2010. Her low-key \u201cpop in an open landscape\u201d, her unique voice and her original lyrics garnered critical acclaim and a broad audience.  Ville ord is a strong follow-up album that will bring Frida \u00c5nnevik to a new and larger audience.<\/p>\n<p><!--more--><\/p>\n<p>Three years after her noteworthy debut, Frida \u00c5nnevik is finally releasing her long-awaited second album. Ville ord is, like its predecessor, a typical autumn album: atmospheric, intimate and thoughtful. But its soundscape is bigger and more electric. Although its pulse rate is higher and \u00c5nnevik is somewhat sharper around the edges this time around, the music still flows smoothly. Quickly and at the same time slowly. A little like when you awaken from a deep sleep, and the dreams start to accelerate, while at the same time waking reality gradually begins to seep in.<\/p>\n<h4>The lyrics comes first<\/h4>\n<p>The lyrics always come first for \u00c5nnevik. \u201cThe lyrics define the form and the rhythm, and so they get a head start in front of the music,\u201d she says. With Ville ord, \u00c5nnevik solidifies her position as one of the most interesting lyricists of her generation. She has a unique way of expressing herself, and needs only a few well-chosen words to depict stories and moods that stick in the listener\u2019s mind. Her lyrics take shape over a period of time. \u201cI usually start writing without knowing what I\u2019m going to write about. I might get some specific ideas, and can even call it inspiration, but then I write them down and let them rest for a while, frying in their own fat\u2026\u201d she says about her work process.<\/p>\n<h4>Ville ord<\/h4>\n<p>Ville ord was, like her first record, formed together with producer Andreas Mj\u00f8s. \u201cWorking in the studio means being allowed to really get down to business,\u201d says \u00c5nnevik. \u201cAt the same time, I know that I won\u2019t be in control any longer. Both my music and I are pulled and stretched, and my points of view are shaken up. It\u2019s not what I would call a gentle process, but I think the music turns out best that way.\u201d She collaborated with Andreas Mj\u00f8s on the song \u201cMagef\u00f8lelsen\u201d for the documentary Beretninger om begynnelser, which was aired on TV2 in the spring of 2012.    Recently Frida \u00c5nnevik received glowing reviews for a joint concert tour throughout south-eastern Norway together with the group Narum, among others, called \u201cTrassviser og Tordenskrell\u201d, a sort of Norwegian dialect version of the Rolling Thunder Revue of the 1970s.  She has also participated in a project based on the works of poet Hans B\u00f8rli together with the band \u201cIn the Country\u201d and the duet \u201cAkurat h\u00e6r, akurat n\u00e5\u201d together with the artist Ravi, and has contributed the song \u201cRevevise\u201d on a tribute album to Thorbj\u00f8rn Egner, Vi har den \u00e6re.  Ville ord is a strong follow-up album that will bring Frida \u00c5nnevik to a new and larger audience.<\/p>\n<h4><\/h4>\n<\/p>\n<p><\/p>","protected":false},"excerpt":{"rendered":"<p>Ville ord is, like its predecessor, a typical autumn album: atmospheric, intimate and thoughtful.<\/p>\n","protected":false},"featured_media":27066,"comment_status":"closed","ping_status":"open","template":"","meta":[],"product_brand":[],"product_cat":[6],"product_tag":[],"class_list":{"0":"post-35842","1":"product","2":"type-product","3":"status-publish","4":"has-post-thumbnail","6":"product_cat-grappa","7":"product_shipping_class-cddvd-shipping","8":"uni_artist_tag-frida-annevik","9":"uni_main_artist_tag-frida-annevik","10":"uni_artist_genre-norwegian","11":"uni_artist_genre-pop","12":"uni_artist_genre-singersongwriter","14":"first","15":"instock","16":"taxable","17":"shipping-taxable","18":"purchasable","19":"product-type-variable","20":"has-default-attributes"},"_links":{"self":[{"href":"https:\/\/grappa.no\/en\/wp-json\/wp\/v2\/product\/35842","targetHints":{"allow":["GET"]}}],"collection":[{"href":"https:\/\/grappa.no\/en\/wp-json\/wp\/v2\/product"}],"about":[{"href":"https:\/\/grappa.no\/en\/wp-json\/wp\/v2\/types\/product"}],"replies":[{"embeddable":true,"href":"https:\/\/grappa.no\/en\/wp-json\/wp\/v2\/comments?post=35842"}],"wp:featuredmedia":[{"embeddable":true,"href":"https:\/\/grappa.no\/en\/wp-json\/wp\/v2\/media\/27066"}],"wp:attachment":[{"href":"https:\/\/grappa.no\/en\/wp-json\/wp\/v2\/media?parent=35842"}],"wp:term":[{"taxonomy":"product_brand","embeddable":true,"href":"https:\/\/grappa.no\/en\/wp-json\/wp\/v2\/product_brand?post=35842"},{"taxonomy":"product_cat","embeddable":true,"href":"https:\/\/grappa.no\/en\/wp-json\/wp\/v2\/product_cat?post=35842"},{"taxonomy":"product_tag","embeddable":true,"href":"https:\/\/grappa.no\/en\/wp-json\/wp\/v2\/product_tag?post=35842"}],"curies":[{"name":"wp","href":"https:\/\/api.w.org\/{rel}","templated":true}]}}