{"id":35708,"date":"2018-06-22T00:00:00","date_gmt":"2018-06-21T23:00:00","guid":{"rendered":"https:\/\/www.grappa.no\/no\/albums\/ukategorisert\/kutoppen-musikken-fra-filmen\/"},"modified":"2019-04-01T05:35:55","modified_gmt":"2019-04-01T04:35:55","slug":"kutoppen-musikken-fra-filmen","status":"publish","type":"product","link":"https:\/\/grappa.no\/en\/albums\/barne\/kutoppen-musikken-fra-filmen\/","title":{"rendered":"KuToppen &#8211; Musikken fra filmen"},"content":{"rendered":"<p><\/p>\n<p><!--more--><\/p>\n<h4><\/h4>\n<\/p>\n<h4><\/h4>\n<\/p>\n<h4><\/h4>\n<\/p>\n<p><\/p>","protected":false},"excerpt":{"rendered":"<p class=\"qtranxs-available-languages-message qtranxs-available-languages-message-en\">Sorry, this entry is only available in <a href=\"https:\/\/grappa.no\/no\/wp-json\/wp\/v2\/product\/35708\" class=\"qtranxs-available-language-link qtranxs-available-language-link-no\" title=\"Norsk\">Norsk<\/a>.<\/p>\n<p>Den 19. oktober er det duket for en film- og musikkfest av det sjeldne slaget for barna. Da kommer nemlig den store KuToppen-filmen p\u00e5 kino her i Norge, og med den f\u00f8lger en festival av et soundtrack med en br\u00e5te kjente artister!<\/p>\n","protected":false},"featured_media":35719,"comment_status":"closed","ping_status":"open","template":"","meta":[],"product_brand":[],"product_cat":[15],"product_tag":[],"class_list":{"0":"post-35708","1":"product","2":"type-product","3":"status-publish","4":"has-post-thumbnail","6":"product_cat-barne","7":"product_shipping_class-cddvd-shipping","8":"uni_artist_tag-aksel-carlsson","9":"uni_artist_tag-alexander-pettersen","10":"uni_artist_tag-are-sorknes","11":"uni_artist_tag-arif","12":"uni_artist_tag-aslag-guttormsgaard","13":"uni_artist_tag-bernt-rune-stray","14":"uni_artist_tag-bjorn-erik-kvestad-pedersen","15":"uni_artist_tag-black-debbath","16":"uni_artist_tag-david-aleksander-sjolie","17":"uni_artist_tag-egil-hegerberg","18":"uni_artist_tag-eiolf-odegard","19":"uni_artist_tag-emilie-nicolas","20":"uni_artist_tag-emilio-larrain","21":"uni_artist_tag-eva-weel-skram","22":"uni_artist_tag-goran-grini","23":"uni_artist_tag-hakon-brevig-ingvaldsen","24":"uni_artist_tag-hanne-mari-karlsen","25":"uni_artist_tag-ingunn-dalland","26":"uni_artist_tag-joakim-arnt-holmen","27":"uni_artist_tag-joel-isaksson","28":"uni_artist_tag-jostein-kirkeby-garstad","29":"uni_artist_tag-kim-edvard-bergseth","30":"uni_artist_tag-klara","31":"uni_artist_tag-konrad-lunde","32":"uni_artist_tag-kristiansand-dyrepark","33":"uni_artist_tag-kristin-folkvord-pedersen","34":"uni_artist_tag-lars-lonning","35":"uni_artist_tag-lasse-digre","36":"uni_artist_tag-lisa-borud","37":"uni_artist_tag-marianne-pentha","38":"uni_artist_tag-martin-windstad","39":"uni_artist_tag-odd-nordstoga","40":"uni_artist_tag-olav-senstad","41":"uni_artist_tag-ole-evensen","42":"uni_artist_tag-ole-magnus-gjermshus","43":"uni_artist_tag-ole-petter-andreassen","44":"uni_artist_tag-oskar-nyman","45":"uni_artist_tag-paal-flaata","46":"uni_artist_tag-philip-emilio","47":"uni_artist_tag-ronny-ytrehus","48":"uni_artist_tag-simen-solli-schoien","49":"uni_artist_tag-solveig-heilo","50":"uni_artist_tag-thomas-stenersen","51":"uni_artist_tag-tim-scott-mcconnell","52":"uni_artist_tag-tooji","53":"uni_artist_tag-tor-egil-kreken","54":"uni_artist_tag-torjus-nevland","55":"uni_artist_tag-unge-ferrari","56":"uni_artist_tag-vidar-busk","58":"first","59":"instock","60":"taxable","61":"shipping-taxable","62":"purchasable","63":"product-type-simple"},"_links":{"self":[{"href":"https:\/\/grappa.no\/en\/wp-json\/wp\/v2\/product\/35708","targetHints":{"allow":["GET"]}}],"collection":[{"href":"https:\/\/grappa.no\/en\/wp-json\/wp\/v2\/product"}],"about":[{"href":"https:\/\/grappa.no\/en\/wp-json\/wp\/v2\/types\/product"}],"replies":[{"embeddable":true,"href":"https:\/\/grappa.no\/en\/wp-json\/wp\/v2\/comments?post=35708"}],"wp:featuredmedia":[{"embeddable":true,"href":"https:\/\/grappa.no\/en\/wp-json\/wp\/v2\/media\/35719"}],"wp:attachment":[{"href":"https:\/\/grappa.no\/en\/wp-json\/wp\/v2\/media?parent=35708"}],"wp:term":[{"taxonomy":"product_brand","embeddable":true,"href":"https:\/\/grappa.no\/en\/wp-json\/wp\/v2\/product_brand?post=35708"},{"taxonomy":"product_cat","embeddable":true,"href":"https:\/\/grappa.no\/en\/wp-json\/wp\/v2\/product_cat?post=35708"},{"taxonomy":"product_tag","embeddable":true,"href":"https:\/\/grappa.no\/en\/wp-json\/wp\/v2\/product_tag?post=35708"}],"curies":[{"name":"wp","href":"https:\/\/api.w.org\/{rel}","templated":true}]}}