{"id":35665,"date":"2018-06-15T00:00:00","date_gmt":"2018-06-14T23:00:00","guid":{"rendered":"https:\/\/www.grappa.no\/no\/albums\/ukategorisert\/trondheim-voices-asle-karstad-rooms-rituals\/"},"modified":"2018-07-18T07:48:43","modified_gmt":"2018-07-18T06:48:43","slug":"trondheim-voices-asle-karstad-rooms-rituals","status":"publish","type":"product","link":"https:\/\/grappa.no\/en\/albums\/grappa\/trondheim-voices-asle-karstad-rooms-rituals\/","title":{"rendered":"Trondheim Voices + Asle Karstad: Rooms &amp; Rituals"},"content":{"rendered":"<p><\/p>\n<p>Clouds of sound, pools of glowing light<\/p>\n<p>\u00abThese voices are like no choir you ever heard.\u00bb Richard Williams writes in his liner notes for Rooms &amp; Rituals.  \u00abThey can form pale clouds of sound, or pools of glowing light, or bright shafts of pure sound.\u00bb <\/p>\n<p>Trondheim Voices draw from a pool of up to 10 female singers. In the past they have given the premieres of specially commissioned pieces by distinguished composers including Marilyn Mazur, Jon Balke, Christian Wallumr\u00f8d and St\u00e5le Storl\u00f8kken. Their performances are often site-specific and make use of the element of mobility enabled by their use of a unique technology.<\/p>\n<p>As they move around the performance space, the singers wear small wireless boxes featuring controls that enable each one to modify her voice through the manipulation of effects that include reverb, delay, pitch-shift and looping. These boxes are called Maccatrols,\u00a0developed and designed exclusively for the ensemble by sound designer Asle Karstad and programmer Arnvid Lau Karstad.\u00a0The voices are the sole sound source and, as\u00a0unlikely as it sometimes sounds, everything the audience hears is created in real time. The organic and the technological elements combine to make something genuinely innovative.<\/p>\n<p><!--more--><\/p>\n<p>\u00abThese voices are like no choir you ever heard.\u00bb Richard Williams writes in his liner notes for Rooms &amp; Rituals.  \u00abThey can form pale clouds of sound, or pools of glowing light, or bright shafts of pure sound.\u00bb<\/p>\n<h4>Maccatrols<\/h4>\n<p>As they move around the performance space, the singers wear small wireless boxes featuring controls that enable each one to modify her voice through the manipulation of effects that include reverb, delay, pitch-shift and looping. These boxes are called Maccatrols,\u00a0developed and designed exclusively for the ensemble by sound designers Asle Karstad and Arnvid Lau Karstad.\u00a0The voices are the sole sound source and, as\u00a0unlikely as it sometimes sounds, everything the audience hears is created in real time. The organic and the technological elements combine to make something genuinely innovative.<\/p>\n<h4>A constant state of discovery<\/h4>\n<p>This album consists of pieces taken from several performances, including one at the Kaiser Wilhelm Memorial Church in Berlin in 2017. \u00abAs the director of Jazzfest Berlin, it was my privilege to introduce them to an audience that quickly fell under the spell of their quietly dramatic combination of musical and theatrical elements.\u00bb Richard Williams writes in the liner notes for the album.  \u00abIt was a performance that made full use of the meditative atmosphere created by the modernist church\u2019s hexagonal space, its stained-glass windows and its special acoustical properties.\u00bb Two pieces here are from that concert, one of them (\u201cHymn&quot;) featuring a Norwegian folk song\u00a0against a backdrop that shows what strikingly sensitive, original and emotionally resonant effects the singers and their sound designer can create from apparently simple materials. For both the singers and their audience, this is music in a constant state of discovery.<\/p>\n<h4><\/h4>\n<\/p>\n<p><\/p>","protected":false},"excerpt":{"rendered":"<p>\u00abThese voices are like no choir you ever heard.\u00bb Richard Williams writes in his liner notes for Rooms &amp; Rituals.  \u00abThey can form pale clouds of sound, or pools of glowing light, or bright shafts of pure sound.\u00bb<\/p>\n","protected":false},"featured_media":35666,"comment_status":"closed","ping_status":"open","template":"","meta":[],"product_brand":[],"product_cat":[6],"product_tag":[],"class_list":{"0":"post-35665","1":"product","2":"type-product","3":"status-publish","4":"has-post-thumbnail","6":"product_cat-grappa","7":"product_shipping_class-cddvd-shipping","8":"uni_artist_tag-asle-karstad","9":"uni_artist_tag-trondheim-voices","10":"uni_main_artist_tag-trondheim-voices","12":"first","13":"instock","14":"taxable","15":"shipping-taxable","16":"purchasable","17":"product-type-simple"},"_links":{"self":[{"href":"https:\/\/grappa.no\/en\/wp-json\/wp\/v2\/product\/35665","targetHints":{"allow":["GET"]}}],"collection":[{"href":"https:\/\/grappa.no\/en\/wp-json\/wp\/v2\/product"}],"about":[{"href":"https:\/\/grappa.no\/en\/wp-json\/wp\/v2\/types\/product"}],"replies":[{"embeddable":true,"href":"https:\/\/grappa.no\/en\/wp-json\/wp\/v2\/comments?post=35665"}],"wp:featuredmedia":[{"embeddable":true,"href":"https:\/\/grappa.no\/en\/wp-json\/wp\/v2\/media\/35666"}],"wp:attachment":[{"href":"https:\/\/grappa.no\/en\/wp-json\/wp\/v2\/media?parent=35665"}],"wp:term":[{"taxonomy":"product_brand","embeddable":true,"href":"https:\/\/grappa.no\/en\/wp-json\/wp\/v2\/product_brand?post=35665"},{"taxonomy":"product_cat","embeddable":true,"href":"https:\/\/grappa.no\/en\/wp-json\/wp\/v2\/product_cat?post=35665"},{"taxonomy":"product_tag","embeddable":true,"href":"https:\/\/grappa.no\/en\/wp-json\/wp\/v2\/product_tag?post=35665"}],"curies":[{"name":"wp","href":"https:\/\/api.w.org\/{rel}","templated":true}]}}